{"id":4375,"date":"2023-04-20T17:07:02","date_gmt":"2023-04-20T15:07:02","guid":{"rendered":"https:\/\/www.manorga.com\/notre-vision"},"modified":"2026-02-17T10:43:30","modified_gmt":"2026-02-17T09:43:30","slug":"unsere-vision","status":"publish","type":"page","link":"https:\/\/www.manorga.com\/de\/unsere-vision","title":{"rendered":"Neo, unsere Vision"},"content":{"rendered":"<div  class=\"keblk keblk-v-align-top keblock-section-lame-top-interne\"   style=\"\"  >\r\n\t\r\n\t    <div class=\"wrap-bg\" style=\"background-image:url('https:\/\/www.manorga.com\/wp-content\/uploads\/2023\/04\/BND-PG-Neo-Manorga.jpg');\"><\/div>\r\n            <div class=\"wrap-bandeau\">\r\n            <div class=\"block-content bg-color bg-color-black\">\t\r\n                <h1 class=\"title_top\">Neo, unsere Vision<\/h1>\r\n                <p class=\"subtitle_top style-4\">Franz\u00f6sischer Hersteller von Einrichtungsl\u00f6sungen.<\/p>\r\n            <\/div>\r\n        <\/div>\r\n    <\/div>\r\n<div class=\"site-breadcrumb wrap-resp\"><a href=\"https:\/\/www.manorga.com\/de\" class=\"bc-item bc-item_first\" title=\"Startseite\"><\/a><\/div>\r\n    \n\n<div  class=\"keblk keblk-v-align-top keblock-section-lame responsive is-padded  bg-none\"   style=\"\"  id=\"\">\r\n\t\r\n\t\t<div class=\"block-content\">\r\n                    \n<div  class=\"keblk keblk-v-align-top keblock-multimedia type-montage\" >\r\n\t\r\n\t\t<div class=\"block-content\"  style=\"aspect-ratio:32\/9\" >\t\r\n        <div class=\"visu-bg\" style=\"\"><\/div>\r\n\t\t<!-- CONTENT -->\r\n\t\t            \t\t\t\t\r\n\t\t\t\t<div class=\"montage-media nbimg-2 vertical\"><div class=\"imgcell img-1\" style=\"background-image: url('https:\/\/www.manorga.com\/wp-content\/uploads\/2023\/05\/IMG-monde-Manorga-01-1024x576.jpg');\"><\/div><div class=\"imgcell img-2\" style=\"background-image: url('https:\/\/www.manorga.com\/wp-content\/uploads\/2023\/04\/IMG-Neo-Manorga-equipe-ext-1024x576.jpg');\"><\/div><\/div>\r\n\t\t\r\n\t<\/div>\r\n<\/div>\r\n    \n        \t<\/div>\r\n<\/div>\r\n    \n\n<div  class=\"keblk keblk-v-align-top keblock-section-lame responsive is-padded  bg-none\"   style=\"\"  id=\"\">\r\n\t\r\n\t\t<div class=\"block-content\">\r\n                    \n<div  class=\"keblk keblk-v-align-top keblock-text\" >\r\n\t\r\n\t\t\r\n\t<div class=\"block-content\">\t\r\n        \t\t  <div class=\"elt-deco\"><\/div>\r\n        \t\n\n<h2 class=\"wp-block-heading\">Gut durchdachte R\u00e4ume, ein gut gesch\u00fctzter Planet<\/h2>\n\n\n\n<p class=\"style-4\">Bei ManOrga, produzieren wir t\u00e4glich f\u00fchrende Einrichtungsl\u00f6sungen.<\/p>\n\n\n\n<p>Unsere Mission ist in erster Linie die Entwicklung, Herstellung, Distribution und Wiederverwertung von Produkten und Dienstleistungen f\u00fcr eine optimale und nachhaltige Raumnutzung. Unsere Lagerl\u00f6sungen werden ausschlie\u00dflich \u00fcber unser internationales Netzwerk von Vertriebspartnern angeboten. Mit zwei Produktionsstandorten in der Region Hauts-de-France produzieren wir t\u00e4glich 13&nbsp;km Regale und 1.000&nbsp;m\u00b2 Lagerb\u00fchnen. Dabei verarbeiten wir rund 100&nbsp;Tonnen Stahl.<\/p>\n\n\n\n<p>Unsere Motivation im Alltag: den Raum auf unserem Planeten m\u00f6glichst effizient zu nutzen.<\/p>\n\n\r\n\t<\/div>\r\n<\/div>\r\n    \n\n<div  class=\"keblk keblk-v-align-top keblock-text\" >\r\n\t\r\n\t\t\r\n\t<div class=\"block-content\">\t\r\n        \t\t  <div class=\"elt-deco\"><\/div>\r\n        \t\n\n<h2 class=\"wp-block-heading\">Kurs auf 2030, eine klare und engagierte Vision<\/h2>\n\n\r\n\t<\/div>\r\n<\/div>\r\n    \n        \t<\/div>\r\n<\/div>\r\n    \n\n<div  class=\"keblk keblk-v-align-top keblock-section-lame responsive is-padded  bg-none\"   style=\"\"  id=\"\">\r\n\t\r\n\t\t<div class=\"block-content\">\r\n                    \n\n<div class=\"wp-block-columns is-layout-flex wp-container-core-columns-is-layout-9d6595d7 wp-block-columns-is-layout-flex\">\n<div class=\"wp-block-column is-vertically-aligned-center col-stretch is-layout-flow wp-block-column-is-layout-flow\">\n<figure class=\"wp-block-embed is-type-video is-provider-youtube wp-block-embed-youtube wp-embed-aspect-16-9 wp-has-aspect-ratio\"><div class=\"wp-block-embed__wrapper\">\n<iframe loading=\"lazy\" title=\"Manifest der Vision 2030: NEO - ManOrga\" width=\"500\" height=\"281\" src=\"https:\/\/www.youtube.com\/embed\/6s5N2LTWFhA?feature=oembed\" frameborder=\"0\" allow=\"accelerometer; autoplay; clipboard-write; encrypted-media; gyroscope; picture-in-picture; web-share\" referrerpolicy=\"strict-origin-when-cross-origin\" allowfullscreen><\/iframe>\n<\/div><\/figure>\n<\/div>\n\n\n\n<div class=\"wp-block-column is-vertically-aligned-top is-layout-flow wp-block-column-is-layout-flow\"><div  class=\"keblk keblk-v-align-top keblock-text\" >\r\n\t\r\n\t\t\r\n\t<div class=\"block-content\">\t\r\n        \t\n\n<p>Das Abenteuer ManOrga nimmt seit 50 wundervollen Jahren seinen Lauf!<\/p>\n\n\n\n<p>Und weil wir immer noch weiter vorausschauen wollen, haben wir NEO entwickelt.<\/p>\n\n\n\n<p><strong>NEO \u2013 was ist das?<\/strong><br>Das ist der Name, den wir unserer Vision f\u00fcr das Jahr 2030 gegeben haben.<\/p>\n\n\n\n<p>Unsere Ambition: mit L\u00f6sungen f\u00fcr optimale Raumnutzung die europ\u00e4ische Referenz f\u00fcr eine nachhaltige, kohlenstoffarme Wirtschaft und gut durchdachte Rauml\u00f6sungen zu sein. <\/p>\n\n\n\n<p><strong>Unsere Ambition: <\/strong>mit L\u00f6sungen f\u00fcr optimale Raumnutzung die europ\u00e4ische Referenz f\u00fcr eine nachhaltige, kohlenstoffarme Wirtschaft und gut durchdachte Rauml\u00f6sungen zu sein.<\/p>\n\n\r\n\t<\/div>\r\n<\/div>\r\n    <\/div>\n<\/div>\n\n        \t<\/div>\r\n<\/div>\r\n    \n\n<div  class=\"keblk keblk-v-align-top keblock-section-lame responsive is-padded invert bg-color bg-color-black\"   style=\"\"  id=\"\">\r\n\t\r\n\t\t<div class=\"block-content\">\r\n                    \n\n<div class=\"wp-block-columns is-layout-flex wp-container-core-columns-is-layout-9d6595d7 wp-block-columns-is-layout-flex\">\n<div class=\"wp-block-column is-vertically-aligned-center is-layout-flow wp-block-column-is-layout-flow\" style=\"flex-basis:66%\"><div  class=\"keblk keblk-v-align-top keblock-text\" >\r\n\t\r\n\t\t\r\n\t<div class=\"block-content\">\t\r\n        \t\t  <div class=\"elt-deco\"><\/div>\r\n        \t\n\n<h2 class=\"wp-block-heading\"><span class=\"texte-jaune\">Der Mensch im Zentrum<\/span> unserer Mission<\/h2>\n\n\n\n<p class=\"style-4\">Heute besch\u00e4ftigt ManOrga und 250 Mitarbeiter und ist ein zukunftsorientiertes Unternehmen mit starken Werten, hinter denen alle Mitarbeiter stehen.&nbsp;<\/p>\n\n\n\n<p>Philippe Sadowski, Gesch\u00e4ftsf\u00fchrer von ManOrga, m\u00f6chte unser weiteres Wachstum&nbsp;\u2013 bis 2030, dar\u00fcber hinaus&nbsp;\u2013 ganz an den Faktoren Mensch und Umweltschutz ausrichten. ManOrga zeigt, dass Vertrauen, Respekt, Fairness, Engagement und Offenheit durchaus zu einem erfolgreichen Unternehmen geh\u00f6ren.&nbsp;Diese Werte sind der Grundstein unserer Unternehmenskultur und n\u00e4hren unser freundliches, entspanntes Arbeitsumfeld.<\/p>\n\n\n\n<p>Unsere \u00dcberzeugung ist: Wir k\u00f6nnen Gro\u00dfes leisten, indem wir miteinander auf gemeinsame Horizonte zusteuern.&nbsp;Deshalb ist unsere Vision von Gemeinschaftsgeist gepr\u00e4gt. Jede und jeder hier bei ManOrga tr\u00e4gt Tag f\u00fcr Tag dazu bei, unsere Unternehmens- und Nachhaltigkeitsziele zu erreichen.<\/p>\n\n\r\n\t<\/div>\r\n<\/div>\r\n    <\/div>\n\n\n\n<div class=\"wp-block-column col-stretch is-layout-flow wp-block-column-is-layout-flow\"><div  class=\"keblk keblk-v-align-top keblock-multimedia type-montage\" >\r\n\t\r\n\t\t<div class=\"block-content\"  style=\"\" >\t\r\n        <div class=\"visu-bg\" style=\"\"><\/div>\r\n\t\t<!-- CONTENT -->\r\n\t\t            \t\t\t\t\r\n\t\t\t\t<div class=\"montage-media nbimg-3 bandes\"><div class=\"imgcell img-1\" style=\"background-image: url('https:\/\/www.manorga.com\/wp-content\/uploads\/2026\/02\/26_retouche-1-2.jpg');\"><\/div><div class=\"imgcell img-2\" style=\"background-image: url('https:\/\/www.manorga.com\/wp-content\/uploads\/2023\/05\/IMG-portrait-homme-02-1024x576.jpg');\"><\/div><div class=\"imgcell img-3\" style=\"background-image: url('https:\/\/www.manorga.com\/wp-content\/uploads\/2023\/05\/IMG-portrait-femme-03-1024x576.jpg');\"><\/div><\/div>\r\n\t\t\r\n\t<\/div>\r\n<\/div>\r\n    <\/div>\n<\/div>\n\n        \t<\/div>\r\n<\/div>\r\n    \n\n\n<div class=\"wp-block-group\"><div class=\"wp-block-group__inner-container is-layout-constrained wp-block-group-is-layout-constrained\">\n<hr class=\"wp-block-separator has-text-color has-alpha-channel-opacity has-background is-style-default\" style=\"background-color:#d2d2d2;color:#d2d2d2\"\/>\n\n\n<div  class=\"keblk keblk-v-align-top no-min-height center-mobile keblock-section-lame responsive is-padded  bg-none\"   style=\"\"  id=\"\">\r\n\t\r\n\t\t<div class=\"block-content\">\r\n                    \n\n<div class=\"wp-block-columns is-layout-flex wp-container-core-columns-is-layout-9d6595d7 wp-block-columns-is-layout-flex\">\n<div class=\"wp-block-column is-vertically-aligned-center is-layout-flow wp-block-column-is-layout-flow\" style=\"flex-basis:60%\">\n<h2 class=\"wp-block-heading\"><span class=\"texte-jaune\">Sie m\u00f6chten beim<\/span><br>ManOrga Abenteuer mitmachen?<\/h2>\n<\/div>\n\n\n\n<div class=\"wp-block-column is-vertically-aligned-center is-layout-flow wp-block-column-is-layout-flow\" style=\"flex-basis:40%\"><div  class=\"keblk keblk-h-align-right keblk-v-align-top margin-top-mobile recrute keblock-bouton plein\" >\r\n\t\r\n\t\t\r\n\t<div class=\"block-content\">\t\r\n\t\t<a href=\"mailto:recrutement@manorga.com\" target=\"\" class=\"uibt plein yellow\">\r\n\t\t<span class=\"bt-content\">Vertriebspartner werden<\/span>\r\n\t\t<span class=\"bt-picto\"><\/span>\r\n\t<\/a>\r\n\t\t<\/div>\r\n<\/div>\r\n    <\/div>\n<\/div>\n\n        \t<\/div>\r\n<\/div>\r\n    <\/div><\/div>\n","protected":false},"excerpt":{"rendered":"","protected":false},"author":1,"featured_media":1742,"parent":0,"menu_order":0,"comment_status":"closed","ping_status":"closed","template":"","meta":{"_acf_changed":false,"inline_featured_image":false,"footnotes":""},"class_list":["post-4375","page","type-page","status-publish","has-post-thumbnail","hentry"],"acf":[],"yoast_head":"<!-- This site is optimized with the Yoast SEO plugin v27.4 - https:\/\/yoast.com\/product\/yoast-seo-wordpress\/ -->\n<title>Neo, unsere Vision - Manorga<\/title>\n<meta name=\"description\" content=\"Das Abenteuer ManOrga nimmt seit 50 wundervollen Jahren seinen Lauf! Und weil wir immer noch weiter vorausschauen wollen, haben wir NEO entwickelt.\" \/>\n<meta name=\"robots\" content=\"index, follow, max-snippet:-1, max-image-preview:large, max-video-preview:-1\" \/>\n<link rel=\"canonical\" href=\"https:\/\/www.manorga.com\/de\/unsere-vision\" \/>\n<meta property=\"og:locale\" content=\"de_DE\" \/>\n<meta property=\"og:type\" content=\"article\" \/>\n<meta property=\"og:title\" content=\"Neo, unsere Vision - Manorga\" \/>\n<meta property=\"og:description\" content=\"Das Abenteuer ManOrga nimmt seit 50 wundervollen Jahren seinen Lauf! Und weil wir immer noch weiter vorausschauen wollen, haben wir NEO entwickelt.\" \/>\n<meta property=\"og:url\" content=\"https:\/\/www.manorga.com\/de\/unsere-vision\" \/>\n<meta property=\"og:site_name\" content=\"Manorga\" \/>\n<meta property=\"article:publisher\" content=\"https:\/\/www.facebook.com\/ManorgaFrance\/\" \/>\n<meta property=\"article:modified_time\" content=\"2026-02-17T09:43:30+00:00\" \/>\n<meta property=\"og:image\" content=\"https:\/\/www.manorga.com\/wp-content\/uploads\/2023\/04\/BND-PG-Neo-Manorga.jpg\" \/>\n\t<meta property=\"og:image:width\" content=\"1918\" \/>\n\t<meta property=\"og:image:height\" content=\"1080\" \/>\n\t<meta property=\"og:image:type\" content=\"image\/jpeg\" \/>\n<meta name=\"twitter:card\" content=\"summary_large_image\" \/>\n<meta name=\"twitter:label1\" content=\"Gesch\u00e4tzte Lesezeit\" \/>\n\t<meta name=\"twitter:data1\" content=\"2\u00a0Minuten\" \/>\n<script type=\"application\/ld+json\" class=\"yoast-schema-graph\">{\"@context\":\"https:\\\/\\\/schema.org\",\"@graph\":[{\"@type\":\"WebPage\",\"@id\":\"https:\\\/\\\/www.manorga.com\\\/de\\\/unsere-vision\",\"url\":\"https:\\\/\\\/www.manorga.com\\\/de\\\/unsere-vision\",\"name\":\"Neo, unsere Vision - Manorga\",\"isPartOf\":{\"@id\":\"https:\\\/\\\/www.manorga.com\\\/de#website\"},\"primaryImageOfPage\":{\"@id\":\"https:\\\/\\\/www.manorga.com\\\/de\\\/unsere-vision#primaryimage\"},\"image\":{\"@id\":\"https:\\\/\\\/www.manorga.com\\\/de\\\/unsere-vision#primaryimage\"},\"thumbnailUrl\":\"https:\\\/\\\/www.manorga.com\\\/wp-content\\\/uploads\\\/2023\\\/04\\\/BND-PG-Neo-Manorga.jpg\",\"datePublished\":\"2023-04-20T15:07:02+00:00\",\"dateModified\":\"2026-02-17T09:43:30+00:00\",\"description\":\"Das Abenteuer ManOrga nimmt seit 50 wundervollen Jahren seinen Lauf! Und weil wir immer noch weiter vorausschauen wollen, haben wir NEO entwickelt.\",\"breadcrumb\":{\"@id\":\"https:\\\/\\\/www.manorga.com\\\/de\\\/unsere-vision#breadcrumb\"},\"inLanguage\":\"de\",\"potentialAction\":[{\"@type\":\"ReadAction\",\"target\":[\"https:\\\/\\\/www.manorga.com\\\/de\\\/unsere-vision\"]}]},{\"@type\":\"ImageObject\",\"inLanguage\":\"de\",\"@id\":\"https:\\\/\\\/www.manorga.com\\\/de\\\/unsere-vision#primaryimage\",\"url\":\"https:\\\/\\\/www.manorga.com\\\/wp-content\\\/uploads\\\/2023\\\/04\\\/BND-PG-Neo-Manorga.jpg\",\"contentUrl\":\"https:\\\/\\\/www.manorga.com\\\/wp-content\\\/uploads\\\/2023\\\/04\\\/BND-PG-Neo-Manorga.jpg\",\"width\":1918,\"height\":1080},{\"@type\":\"BreadcrumbList\",\"@id\":\"https:\\\/\\\/www.manorga.com\\\/de\\\/unsere-vision#breadcrumb\",\"itemListElement\":[{\"@type\":\"ListItem\",\"position\":1,\"name\":\"Accueil\",\"item\":\"https:\\\/\\\/www.manorga.com\\\/de\"},{\"@type\":\"ListItem\",\"position\":2,\"name\":\"Neo, unsere Vision\"}]},{\"@type\":\"WebSite\",\"@id\":\"https:\\\/\\\/www.manorga.com\\\/de#website\",\"url\":\"https:\\\/\\\/www.manorga.com\\\/de\",\"name\":\"Manorga\",\"description\":\"\",\"publisher\":{\"@id\":\"https:\\\/\\\/www.manorga.com\\\/de#organization\"},\"alternateName\":\"MO\",\"potentialAction\":[{\"@type\":\"SearchAction\",\"target\":{\"@type\":\"EntryPoint\",\"urlTemplate\":\"https:\\\/\\\/www.manorga.com\\\/de?s={search_term_string}\"},\"query-input\":{\"@type\":\"PropertyValueSpecification\",\"valueRequired\":true,\"valueName\":\"search_term_string\"}}],\"inLanguage\":\"de\"},{\"@type\":\"Organization\",\"@id\":\"https:\\\/\\\/www.manorga.com\\\/de#organization\",\"name\":\"ManOrga\",\"alternateName\":\"MO\",\"url\":\"https:\\\/\\\/www.manorga.com\\\/de\",\"logo\":{\"@type\":\"ImageObject\",\"inLanguage\":\"de\",\"@id\":\"https:\\\/\\\/www.manorga.com\\\/de#\\\/schema\\\/logo\\\/image\\\/\",\"url\":\"https:\\\/\\\/www.manorga.com\\\/wp-content\\\/uploads\\\/2023\\\/06\\\/manorga-696x696-1.jpg\",\"contentUrl\":\"https:\\\/\\\/www.manorga.com\\\/wp-content\\\/uploads\\\/2023\\\/06\\\/manorga-696x696-1.jpg\",\"width\":696,\"height\":696,\"caption\":\"ManOrga\"},\"image\":{\"@id\":\"https:\\\/\\\/www.manorga.com\\\/de#\\\/schema\\\/logo\\\/image\\\/\"},\"sameAs\":[\"https:\\\/\\\/www.facebook.com\\\/ManorgaFrance\\\/\"]}]}<\/script>\n<!-- \/ Yoast SEO plugin. -->","yoast_head_json":{"title":"Neo, unsere Vision - Manorga","description":"Das Abenteuer ManOrga nimmt seit 50 wundervollen Jahren seinen Lauf! Und weil wir immer noch weiter vorausschauen wollen, haben wir NEO entwickelt.","robots":{"index":"index","follow":"follow","max-snippet":"max-snippet:-1","max-image-preview":"max-image-preview:large","max-video-preview":"max-video-preview:-1"},"canonical":"https:\/\/www.manorga.com\/de\/unsere-vision","og_locale":"de_DE","og_type":"article","og_title":"Neo, unsere Vision - Manorga","og_description":"Das Abenteuer ManOrga nimmt seit 50 wundervollen Jahren seinen Lauf! Und weil wir immer noch weiter vorausschauen wollen, haben wir NEO entwickelt.","og_url":"https:\/\/www.manorga.com\/de\/unsere-vision","og_site_name":"Manorga","article_publisher":"https:\/\/www.facebook.com\/ManorgaFrance\/","article_modified_time":"2026-02-17T09:43:30+00:00","og_image":[{"width":1918,"height":1080,"url":"https:\/\/www.manorga.com\/wp-content\/uploads\/2023\/04\/BND-PG-Neo-Manorga.jpg","type":"image\/jpeg"}],"twitter_card":"summary_large_image","twitter_misc":{"Gesch\u00e4tzte Lesezeit":"2\u00a0Minuten"},"schema":{"@context":"https:\/\/schema.org","@graph":[{"@type":"WebPage","@id":"https:\/\/www.manorga.com\/de\/unsere-vision","url":"https:\/\/www.manorga.com\/de\/unsere-vision","name":"Neo, unsere Vision - Manorga","isPartOf":{"@id":"https:\/\/www.manorga.com\/de#website"},"primaryImageOfPage":{"@id":"https:\/\/www.manorga.com\/de\/unsere-vision#primaryimage"},"image":{"@id":"https:\/\/www.manorga.com\/de\/unsere-vision#primaryimage"},"thumbnailUrl":"https:\/\/www.manorga.com\/wp-content\/uploads\/2023\/04\/BND-PG-Neo-Manorga.jpg","datePublished":"2023-04-20T15:07:02+00:00","dateModified":"2026-02-17T09:43:30+00:00","description":"Das Abenteuer ManOrga nimmt seit 50 wundervollen Jahren seinen Lauf! Und weil wir immer noch weiter vorausschauen wollen, haben wir NEO entwickelt.","breadcrumb":{"@id":"https:\/\/www.manorga.com\/de\/unsere-vision#breadcrumb"},"inLanguage":"de","potentialAction":[{"@type":"ReadAction","target":["https:\/\/www.manorga.com\/de\/unsere-vision"]}]},{"@type":"ImageObject","inLanguage":"de","@id":"https:\/\/www.manorga.com\/de\/unsere-vision#primaryimage","url":"https:\/\/www.manorga.com\/wp-content\/uploads\/2023\/04\/BND-PG-Neo-Manorga.jpg","contentUrl":"https:\/\/www.manorga.com\/wp-content\/uploads\/2023\/04\/BND-PG-Neo-Manorga.jpg","width":1918,"height":1080},{"@type":"BreadcrumbList","@id":"https:\/\/www.manorga.com\/de\/unsere-vision#breadcrumb","itemListElement":[{"@type":"ListItem","position":1,"name":"Accueil","item":"https:\/\/www.manorga.com\/de"},{"@type":"ListItem","position":2,"name":"Neo, unsere Vision"}]},{"@type":"WebSite","@id":"https:\/\/www.manorga.com\/de#website","url":"https:\/\/www.manorga.com\/de","name":"Manorga","description":"","publisher":{"@id":"https:\/\/www.manorga.com\/de#organization"},"alternateName":"MO","potentialAction":[{"@type":"SearchAction","target":{"@type":"EntryPoint","urlTemplate":"https:\/\/www.manorga.com\/de?s={search_term_string}"},"query-input":{"@type":"PropertyValueSpecification","valueRequired":true,"valueName":"search_term_string"}}],"inLanguage":"de"},{"@type":"Organization","@id":"https:\/\/www.manorga.com\/de#organization","name":"ManOrga","alternateName":"MO","url":"https:\/\/www.manorga.com\/de","logo":{"@type":"ImageObject","inLanguage":"de","@id":"https:\/\/www.manorga.com\/de#\/schema\/logo\/image\/","url":"https:\/\/www.manorga.com\/wp-content\/uploads\/2023\/06\/manorga-696x696-1.jpg","contentUrl":"https:\/\/www.manorga.com\/wp-content\/uploads\/2023\/06\/manorga-696x696-1.jpg","width":696,"height":696,"caption":"ManOrga"},"image":{"@id":"https:\/\/www.manorga.com\/de#\/schema\/logo\/image\/"},"sameAs":["https:\/\/www.facebook.com\/ManorgaFrance\/"]}]}},"_links":{"self":[{"href":"https:\/\/www.manorga.com\/de\/wp-json\/wp\/v2\/pages\/4375","targetHints":{"allow":["GET"]}}],"collection":[{"href":"https:\/\/www.manorga.com\/de\/wp-json\/wp\/v2\/pages"}],"about":[{"href":"https:\/\/www.manorga.com\/de\/wp-json\/wp\/v2\/types\/page"}],"author":[{"embeddable":true,"href":"https:\/\/www.manorga.com\/de\/wp-json\/wp\/v2\/users\/1"}],"replies":[{"embeddable":true,"href":"https:\/\/www.manorga.com\/de\/wp-json\/wp\/v2\/comments?post=4375"}],"version-history":[{"count":11,"href":"https:\/\/www.manorga.com\/de\/wp-json\/wp\/v2\/pages\/4375\/revisions"}],"predecessor-version":[{"id":9361,"href":"https:\/\/www.manorga.com\/de\/wp-json\/wp\/v2\/pages\/4375\/revisions\/9361"}],"wp:featuredmedia":[{"embeddable":true,"href":"https:\/\/www.manorga.com\/de\/wp-json\/wp\/v2\/media\/1742"}],"wp:attachment":[{"href":"https:\/\/www.manorga.com\/de\/wp-json\/wp\/v2\/media?parent=4375"}],"curies":[{"name":"wp","href":"https:\/\/api.w.org\/{rel}","templated":true}]}}