{"id":4385,"date":"2023-04-20T17:06:44","date_gmt":"2023-04-20T15:06:44","guid":{"rendered":"https:\/\/www.manorga.com\/aventure-humaine"},"modified":"2025-03-31T09:32:19","modified_gmt":"2025-03-31T07:32:19","slug":"faktor-mensch","status":"publish","type":"page","link":"https:\/\/www.manorga.com\/de\/faktor-mensch","title":{"rendered":"Der Faktor Mensch"},"content":{"rendered":"<div  class=\"keblk keblk-v-align-top keblock-section-lame-top-interne\"   style=\"\"  >\r\n\t\r\n\t    <div class=\"wrap-bg\" style=\"background-image:url('https:\/\/www.manorga.com\/wp-content\/uploads\/2023\/05\/BND-PG-Aventure-Manorga.jpg');\"><\/div>\r\n            <div class=\"wrap-bandeau\">\r\n            <div class=\"block-content bg-color bg-color-black\">\t\r\n                <h1 class=\"title_top\">Der Faktor Mensch<\/h1>\r\n                <p class=\"subtitle_top style-4\">Werden Sie Teil des ManOrga-Teams<\/p>\r\n            <\/div>\r\n        <\/div>\r\n    <\/div>\r\n<div class=\"site-breadcrumb wrap-resp\"><a href=\"https:\/\/www.manorga.com\/de\" class=\"bc-item bc-item_first\" title=\"Startseite\"><\/a><\/div>\r\n    \n\n<div  class=\"keblk keblk-v-align-top keblock-section-lame responsive is-padded  bg-none\"   style=\"\"  id=\"\">\r\n\t\r\n\t\t<div class=\"block-content\">\r\n                    \n\n<div class=\"wp-block-columns is-layout-flex wp-container-core-columns-is-layout-9d6595d7 wp-block-columns-is-layout-flex\">\n<div class=\"wp-block-column is-vertically-aligned-center is-layout-flow wp-block-column-is-layout-flow\"><div  class=\"keblk keblk-v-align-top keblock-text\" >\r\n\t\r\n\t\t\r\n\t<div class=\"block-content\">\t\r\n        \t\t  <div class=\"elt-deco\"><\/div>\r\n        \t\n\n<h2 class=\"wp-block-heading\">Wir suchen unsere Talente von morgen!<\/h2>\n\n\n\n<h3 class=\"wp-block-heading style-4\">Geben Sie Ihrer Fachkompetenz eine Zukunft und arbeiten Sie mit \u00fcber 300 begeisterten Kolleginnen und Kollegen zusammen.<\/h3>\n\n\n\n<p>Bei ManOrga stellen wir ganze Pers\u00f6nlichkeiten und vor allem motivierte Mitarbeiter ein.<br>Wir f\u00f6rdern die Entfaltung unserer Mitarbeiter. Deshalb bieten wir ihnen Weiterbildungen und spannende Entwicklungsm\u00f6glichkeiten an.<\/p>\n\n\n\n<p>Entdecken Sie unsere Stellenangebote, die nur auf Sie gewartet haben!<\/p>\n\n\r\n\t<\/div>\r\n<\/div>\r\n    <\/div>\n\n\n\n<div class=\"wp-block-column is-vertically-aligned-center is-layout-flow wp-block-column-is-layout-flow\"><div  class=\"keblk keblk-v-align-top keblock-multimedia type-montage\" >\r\n\t\r\n\t\t<div class=\"block-content\"  style=\"aspect-ratio:1\/1\" >\t\r\n        <div class=\"visu-bg\" style=\"\"><\/div>\r\n\t\t<!-- CONTENT -->\r\n\t\t            \t\t\t\t\r\n\t\t\t\t<div class=\"montage-media nbimg-3 vertical\"><div class=\"imgcell img-1\" style=\"background-image: url('https:\/\/www.manorga.com\/wp-content\/uploads\/2023\/05\/IMG-nacelle-01-1024x576.jpg');\"><\/div><div class=\"imgcell img-2\" style=\"background-image: url('https:\/\/www.manorga.com\/wp-content\/uploads\/2023\/05\/IMG-portrait-hommes-02-1024x576.jpg');\"><\/div><div class=\"imgcell img-3\" style=\"background-image: url('https:\/\/www.manorga.com\/wp-content\/uploads\/2023\/04\/IMG-rayonnages-portrait-01-1024x576.jpg');\"><\/div><\/div>\r\n\t\t\r\n\t<\/div>\r\n<\/div>\r\n    <\/div>\n<\/div>\n\n        \t<\/div>\r\n<\/div>\r\n    \n\n<div  class=\"keblk blkuid-9 keblk-v-align-top keblock-section-lame-multicol responsive is-padded bg-img nbcol-3\"   style=\"background-image:url('https:\/\/www.manorga.com\/wp-content\/uploads\/2023\/04\/IMG-BG-temoignages-Manorga.jpg');\"  >\r\n\r\n\t\t<div class=\"block-content\">\r\n\t    \n<div  class=\"keblk keblk-v-align-top keblock-conteneur bg-color bg-color-black\"   style=\"padding:40px\"  >\r\n\t\r\n\t\t\r\n\t<div class=\"block-content\">\t\r\n\t\n<div class=\"wp-block-image\">\n<figure class=\"aligncenter size-full is-resized\"><img decoding=\"async\" width=\"81\" height=\"80\" src=\"https:\/\/www.manorga.com\/wp-content\/uploads\/2023\/04\/IMG-portrait-Abdelkader.png\" alt=\"\" class=\"wp-image-1475\" style=\"width:80px;height:80px\"\/><\/figure>\n<\/div>\n\n\n<p class=\"has-text-align-center has-text-color\" style=\"color:#ffdf3f\">Abdelkader<\/p>\n\n\n\n<p class=\"has-text-align-center style-4\">\u201eAls Bediener eingestellt und nun Werkstattleiter\u201c<\/p>\n\n\n\n<p class=\"has-text-align-center has-small-font-size\">Dank dem mir sehr schnell entgegengebrachten Vertrauen habe ich mich bei ManOrga rasch weiterentwickelt. Heute bin ich Werkstattleiter und koordiniere 15 Personen. Unsere t\u00e4gliche Herausforderung besteht darin, m\u00f6glichst schnell und flexibel auf Bestellungen zu reagieren. Bei ManOrga gefallen mir die famili\u00e4re Atmosph\u00e4re und das gute Arbeitsklima. Meine Teams verpassen nie die von ManOrga angebotenen Veranstaltungen wie Bowling, Paintball, Angeln&nbsp;\u2026 Hier k\u00f6nnen wir au\u00dferhalb der Arbeit in geselliger Runde zusammenkommen. <\/p>\n\n\r\n\t<\/div>\r\n<\/div>\r\n    \n\n<div  class=\"keblk keblk-v-align-top keblock-conteneur bg-color bg-color-black\"   style=\"padding:40px\"  >\r\n\t\r\n\t\t\r\n\t<div class=\"block-content\">\t\r\n\t\n<div class=\"wp-block-image\">\n<figure class=\"aligncenter size-full\"><img decoding=\"async\" width=\"80\" height=\"80\" src=\"https:\/\/www.manorga.com\/wp-content\/uploads\/2023\/04\/IMG-portrait-Pauline.png\" alt=\"\" class=\"wp-image-1481\"\/><\/figure>\n<\/div>\n\n\n<p class=\"has-text-align-center has-text-color\" style=\"color:#ffdf3f\">Pauline<\/p>\n\n\n\n<p class=\"has-text-align-center style-4\">\u201eAnfangs Auszubildende und nun fest angestellt\u201c<\/p>\n\n\n\n<p class=\"has-text-align-center has-small-font-size\">Ich habe 2018 bei ManOrga als Auszubildende im dualen System angefangen. Mittlerweile geh\u00f6re ich seit 4 Jahren zum Marketing-Team. Ich gehe meine Aufgaben immer sehr engagiert und bereitwillig an und durfte zum Gl\u00fcck schon fr\u00fch Verantwortung \u00fcbernehmen. Gleich nach meiner Ausbildung wurde mir eine Festanstellung angeboten. Ich finde, ManOrga ist ein tolles Unternehmen mit starken Werten, die im Alltag deutlich werden. Heute bin ich stolz, meine Ziele verwirklichen zu k\u00f6nnen und Kommunikationsbeauftragte f\u00fcr ManOrga zu sein.<\/p>\n\n\r\n\t<\/div>\r\n<\/div>\r\n    \n\n<div  class=\"keblk keblk-v-align-top keblock-conteneur bg-color bg-color-black\"   style=\"padding:40px\"  >\r\n\t\r\n\t\t\r\n\t<div class=\"block-content\">\t\r\n\t\n<div class=\"wp-block-image\">\n<figure class=\"aligncenter size-full\"><img decoding=\"async\" width=\"81\" height=\"80\" src=\"https:\/\/www.manorga.com\/wp-content\/uploads\/2023\/04\/IMG-portrait-JP.png\" alt=\"\" class=\"wp-image-1484\"\/><\/figure>\n<\/div>\n\n\n<p class=\"has-text-align-center has-text-color\" style=\"color:#ffdf3f\">Jean-Pierre<\/p>\n\n\n\n<p class=\"has-text-align-center style-4\">\u201eAls Lagerarbeiter eingestellt und nun Leiter einer Produktionseinheit\u201c<\/p>\n\n\n\n<p class=\"has-text-align-center has-small-font-size\">Ich arbeite seit 37 Jahren bei ManOrga. Bis ich Leiter einer Produktionseinheit wurde, habe ich verschiedene Positionen durchlaufen. Vorgesetzter zu sein hei\u00dft f\u00fcr mich vor allem, meine Teams bei Schwierigkeiten zu unterst\u00fctzen. Ich lege gerne selber Hand an und sorge f\u00fcr das Wohlergehen meiner Teams. Bei ManOrga stellen wir den Menschen in den Mittelpunkt. Au\u00dferdem bin ich stolz, seit \u00fcber 10 Jahren dem Betriebsrat anzugeh\u00f6ren. Die Sicherheit meiner Produktionseinheit ist hier mein Hauptanliegen.\u201c<\/p>\n\n\r\n\t<\/div>\r\n<\/div>\r\n    \n\r\n\t<\/div>\r\n<\/div>\r\n    \n\n\n<div style=\"height:10px\" aria-hidden=\"true\" class=\"wp-block-spacer\"><\/div>\n\n\n<div  class=\"keblk keblk-v-align-top keblock-section-lame-top type-full_less\"   style=\"height: calc(100vh - 1920px)\"  >\r\n\t            <div class=\"vid_bg\">\r\n            <video class=\"video-top\" controlsList=\"nodownload\" muted playsinline disableRemotePlayback id=\"video-top\" autoplay loop><source src=\"https:\/\/www.manorga.com\/wp-content\/uploads\/2025\/01\/Video_USE-whithout-layout.mp4\" type=\"video\/mp4\" \/><\/video>\r\n        <\/div>\r\n    \t<div class=\"block-content\">\t\r\n\t\n\n<div class=\"wp-block-columns wrap-resp is-layout-flex wp-container-core-columns-is-layout-9d6595d7 wp-block-columns-is-layout-flex\">\n<div class=\"wp-block-column is-vertically-aligned-center is-layout-flow wp-block-column-is-layout-flow\"><div  class=\"keblk keblk-v-align-top keblock-conteneur bg-color bg-color-\"   style=\"padding:0px\"  >\r\n\t\r\n\t\t\r\n\t<div class=\"block-content\">\t\r\n\t\n\n<h2 class=\"wp-block-heading has-text-align-center\"><mark style=\"background-color:rgba(0, 0, 0, 0)\" class=\"has-inline-color has-white-color\">Unsere CSR-Verpflichtungen<\/mark><\/h2>\n\n\r\n\t<\/div>\r\n<\/div>\r\n    <\/div>\n<\/div>\n\n\n<div  class=\"keblk keblk-h-align-center keblk-v-align-center keblock-bouton plein\" >\r\n\t\r\n\t\t\r\n\t<div class=\"block-content\">\t\r\n\t\t<a href=\"https:\/\/www.manorga.com\/de\/unsere-csr-broschuere\" target=\"\" class=\"uibt plein yellow\">\r\n\t\t<span class=\"bt-content\">Mehr Erfahren<\/span>\r\n\t\t<span class=\"bt-picto\"><\/span>\r\n\t<\/a>\r\n\t\t<\/div>\r\n<\/div>\r\n    \n\t\r\n\t<\/div>\r\n<\/div>\r\n    \n\n\n<div class=\"wp-block-group\"><div class=\"wp-block-group__inner-container is-layout-constrained wp-block-group-is-layout-constrained\">\n<hr class=\"wp-block-separator has-text-color has-alpha-channel-opacity has-background is-style-default\" style=\"background-color:#d2d2d2;color:#d2d2d2\"\/>\n\n\n<div  class=\"keblk keblk-v-align-top no-min-height center-mobile keblock-section-lame responsive is-padded  bg-none\"   style=\"\"  id=\"\">\r\n\t\r\n\t\t<div class=\"block-content\">\r\n                    \n\n<div class=\"wp-block-columns is-layout-flex wp-container-core-columns-is-layout-9d6595d7 wp-block-columns-is-layout-flex\">\n<div class=\"wp-block-column is-vertically-aligned-center is-layout-flow wp-block-column-is-layout-flow\" style=\"flex-basis:60%\">\n<h2 class=\"wp-block-heading\"><span class=\"texte-jaune\">Sie m\u00f6chten beim<\/span><br>ManOrga Abenteuer mitmachen?<\/h2>\n<\/div>\n\n\n\n<div class=\"wp-block-column is-vertically-aligned-center is-layout-flow wp-block-column-is-layout-flow\" style=\"flex-basis:40%\"><div  class=\"keblk keblk-h-align-right keblk-v-align-top margin-top-mobile recrute keblock-bouton plein\" >\r\n\t\r\n\t\t\r\n\t<div class=\"block-content\">\t\r\n\t\t<a href=\"mailto:recrutement@manorga.com\" target=\"\" class=\"uibt plein yellow\">\r\n\t\t<span class=\"bt-content\">Vertriebspartner werden<\/span>\r\n\t\t<span class=\"bt-picto\"><\/span>\r\n\t<\/a>\r\n\t\t<\/div>\r\n<\/div>\r\n    <\/div>\n<\/div>\n\n        \t<\/div>\r\n<\/div>\r\n    <\/div><\/div>\n","protected":false},"excerpt":{"rendered":"","protected":false},"author":1,"featured_media":3240,"parent":0,"menu_order":0,"comment_status":"closed","ping_status":"closed","template":"","meta":{"_acf_changed":false,"inline_featured_image":false,"footnotes":""},"class_list":["post-4385","page","type-page","status-publish","has-post-thumbnail","hentry"],"acf":[],"yoast_head":"<!-- This site is optimized with the Yoast SEO plugin v27.3 - https:\/\/yoast.com\/product\/yoast-seo-wordpress\/ -->\n<title>Der Faktor Mensch - Manorga<\/title>\n<meta name=\"description\" content=\"Werden Sie Teil des ManOrga-Teams. Geben Sie Ihrer Fachkompetenz eine Zukunft und arbeiten Sie mit \u00fcber 250 begeisterten Kolleginnen und Kollegen zusammen.\" \/>\n<meta name=\"robots\" content=\"index, follow, max-snippet:-1, max-image-preview:large, max-video-preview:-1\" \/>\n<link rel=\"canonical\" href=\"https:\/\/www.manorga.com\/de\/faktor-mensch\" \/>\n<meta property=\"og:locale\" content=\"de_DE\" \/>\n<meta property=\"og:type\" content=\"article\" \/>\n<meta property=\"og:title\" content=\"Der Faktor Mensch - Manorga\" \/>\n<meta property=\"og:description\" content=\"Werden Sie Teil des ManOrga-Teams. Geben Sie Ihrer Fachkompetenz eine Zukunft und arbeiten Sie mit \u00fcber 250 begeisterten Kolleginnen und Kollegen zusammen.\" \/>\n<meta property=\"og:url\" content=\"https:\/\/www.manorga.com\/de\/faktor-mensch\" \/>\n<meta property=\"og:site_name\" content=\"Manorga\" \/>\n<meta property=\"article:publisher\" content=\"https:\/\/www.facebook.com\/ManorgaFrance\/\" \/>\n<meta property=\"article:modified_time\" content=\"2025-03-31T07:32:19+00:00\" \/>\n<meta property=\"og:image\" content=\"https:\/\/www.manorga.com\/wp-content\/uploads\/2023\/05\/BND-PG-Aventure-Manorga-1024x576.jpg\" \/>\n\t<meta property=\"og:image:width\" content=\"1024\" \/>\n\t<meta property=\"og:image:height\" content=\"576\" \/>\n\t<meta property=\"og:image:type\" content=\"image\/jpeg\" \/>\n<meta name=\"twitter:card\" content=\"summary_large_image\" \/>\n<meta name=\"twitter:label1\" content=\"Gesch\u00e4tzte Lesezeit\" \/>\n\t<meta name=\"twitter:data1\" content=\"3\u00a0Minuten\" \/>\n<script type=\"application\/ld+json\" class=\"yoast-schema-graph\">{\"@context\":\"https:\\\/\\\/schema.org\",\"@graph\":[{\"@type\":\"WebPage\",\"@id\":\"https:\\\/\\\/www.manorga.com\\\/de\\\/faktor-mensch\",\"url\":\"https:\\\/\\\/www.manorga.com\\\/de\\\/faktor-mensch\",\"name\":\"Der Faktor Mensch - Manorga\",\"isPartOf\":{\"@id\":\"https:\\\/\\\/www.manorga.com\\\/de#website\"},\"primaryImageOfPage\":{\"@id\":\"https:\\\/\\\/www.manorga.com\\\/de\\\/faktor-mensch#primaryimage\"},\"image\":{\"@id\":\"https:\\\/\\\/www.manorga.com\\\/de\\\/faktor-mensch#primaryimage\"},\"thumbnailUrl\":\"https:\\\/\\\/www.manorga.com\\\/wp-content\\\/uploads\\\/2023\\\/05\\\/BND-PG-Aventure-Manorga.jpg\",\"datePublished\":\"2023-04-20T15:06:44+00:00\",\"dateModified\":\"2025-03-31T07:32:19+00:00\",\"description\":\"Werden Sie Teil des ManOrga-Teams. Geben Sie Ihrer Fachkompetenz eine Zukunft und arbeiten Sie mit \u00fcber 250 begeisterten Kolleginnen und Kollegen zusammen.\",\"breadcrumb\":{\"@id\":\"https:\\\/\\\/www.manorga.com\\\/de\\\/faktor-mensch#breadcrumb\"},\"inLanguage\":\"de\",\"potentialAction\":[{\"@type\":\"ReadAction\",\"target\":[\"https:\\\/\\\/www.manorga.com\\\/de\\\/faktor-mensch\"]}]},{\"@type\":\"ImageObject\",\"inLanguage\":\"de\",\"@id\":\"https:\\\/\\\/www.manorga.com\\\/de\\\/faktor-mensch#primaryimage\",\"url\":\"https:\\\/\\\/www.manorga.com\\\/wp-content\\\/uploads\\\/2023\\\/05\\\/BND-PG-Aventure-Manorga.jpg\",\"contentUrl\":\"https:\\\/\\\/www.manorga.com\\\/wp-content\\\/uploads\\\/2023\\\/05\\\/BND-PG-Aventure-Manorga.jpg\",\"width\":1920,\"height\":1080},{\"@type\":\"BreadcrumbList\",\"@id\":\"https:\\\/\\\/www.manorga.com\\\/de\\\/faktor-mensch#breadcrumb\",\"itemListElement\":[{\"@type\":\"ListItem\",\"position\":1,\"name\":\"Accueil\",\"item\":\"https:\\\/\\\/www.manorga.com\\\/de\"},{\"@type\":\"ListItem\",\"position\":2,\"name\":\"Der Faktor Mensch\"}]},{\"@type\":\"WebSite\",\"@id\":\"https:\\\/\\\/www.manorga.com\\\/de#website\",\"url\":\"https:\\\/\\\/www.manorga.com\\\/de\",\"name\":\"Manorga\",\"description\":\"\",\"publisher\":{\"@id\":\"https:\\\/\\\/www.manorga.com\\\/de#organization\"},\"alternateName\":\"MO\",\"potentialAction\":[{\"@type\":\"SearchAction\",\"target\":{\"@type\":\"EntryPoint\",\"urlTemplate\":\"https:\\\/\\\/www.manorga.com\\\/de?s={search_term_string}\"},\"query-input\":{\"@type\":\"PropertyValueSpecification\",\"valueRequired\":true,\"valueName\":\"search_term_string\"}}],\"inLanguage\":\"de\"},{\"@type\":\"Organization\",\"@id\":\"https:\\\/\\\/www.manorga.com\\\/de#organization\",\"name\":\"ManOrga\",\"alternateName\":\"MO\",\"url\":\"https:\\\/\\\/www.manorga.com\\\/de\",\"logo\":{\"@type\":\"ImageObject\",\"inLanguage\":\"de\",\"@id\":\"https:\\\/\\\/www.manorga.com\\\/de#\\\/schema\\\/logo\\\/image\\\/\",\"url\":\"https:\\\/\\\/www.manorga.com\\\/wp-content\\\/uploads\\\/2023\\\/06\\\/manorga-696x696-1.jpg\",\"contentUrl\":\"https:\\\/\\\/www.manorga.com\\\/wp-content\\\/uploads\\\/2023\\\/06\\\/manorga-696x696-1.jpg\",\"width\":696,\"height\":696,\"caption\":\"ManOrga\"},\"image\":{\"@id\":\"https:\\\/\\\/www.manorga.com\\\/de#\\\/schema\\\/logo\\\/image\\\/\"},\"sameAs\":[\"https:\\\/\\\/www.facebook.com\\\/ManorgaFrance\\\/\"]}]}<\/script>\n<!-- \/ Yoast SEO plugin. -->","yoast_head_json":{"title":"Der Faktor Mensch - Manorga","description":"Werden Sie Teil des ManOrga-Teams. Geben Sie Ihrer Fachkompetenz eine Zukunft und arbeiten Sie mit \u00fcber 250 begeisterten Kolleginnen und Kollegen zusammen.","robots":{"index":"index","follow":"follow","max-snippet":"max-snippet:-1","max-image-preview":"max-image-preview:large","max-video-preview":"max-video-preview:-1"},"canonical":"https:\/\/www.manorga.com\/de\/faktor-mensch","og_locale":"de_DE","og_type":"article","og_title":"Der Faktor Mensch - Manorga","og_description":"Werden Sie Teil des ManOrga-Teams. Geben Sie Ihrer Fachkompetenz eine Zukunft und arbeiten Sie mit \u00fcber 250 begeisterten Kolleginnen und Kollegen zusammen.","og_url":"https:\/\/www.manorga.com\/de\/faktor-mensch","og_site_name":"Manorga","article_publisher":"https:\/\/www.facebook.com\/ManorgaFrance\/","article_modified_time":"2025-03-31T07:32:19+00:00","og_image":[{"width":1024,"height":576,"url":"https:\/\/www.manorga.com\/wp-content\/uploads\/2023\/05\/BND-PG-Aventure-Manorga-1024x576.jpg","type":"image\/jpeg"}],"twitter_card":"summary_large_image","twitter_misc":{"Gesch\u00e4tzte Lesezeit":"3\u00a0Minuten"},"schema":{"@context":"https:\/\/schema.org","@graph":[{"@type":"WebPage","@id":"https:\/\/www.manorga.com\/de\/faktor-mensch","url":"https:\/\/www.manorga.com\/de\/faktor-mensch","name":"Der Faktor Mensch - Manorga","isPartOf":{"@id":"https:\/\/www.manorga.com\/de#website"},"primaryImageOfPage":{"@id":"https:\/\/www.manorga.com\/de\/faktor-mensch#primaryimage"},"image":{"@id":"https:\/\/www.manorga.com\/de\/faktor-mensch#primaryimage"},"thumbnailUrl":"https:\/\/www.manorga.com\/wp-content\/uploads\/2023\/05\/BND-PG-Aventure-Manorga.jpg","datePublished":"2023-04-20T15:06:44+00:00","dateModified":"2025-03-31T07:32:19+00:00","description":"Werden Sie Teil des ManOrga-Teams. Geben Sie Ihrer Fachkompetenz eine Zukunft und arbeiten Sie mit \u00fcber 250 begeisterten Kolleginnen und Kollegen zusammen.","breadcrumb":{"@id":"https:\/\/www.manorga.com\/de\/faktor-mensch#breadcrumb"},"inLanguage":"de","potentialAction":[{"@type":"ReadAction","target":["https:\/\/www.manorga.com\/de\/faktor-mensch"]}]},{"@type":"ImageObject","inLanguage":"de","@id":"https:\/\/www.manorga.com\/de\/faktor-mensch#primaryimage","url":"https:\/\/www.manorga.com\/wp-content\/uploads\/2023\/05\/BND-PG-Aventure-Manorga.jpg","contentUrl":"https:\/\/www.manorga.com\/wp-content\/uploads\/2023\/05\/BND-PG-Aventure-Manorga.jpg","width":1920,"height":1080},{"@type":"BreadcrumbList","@id":"https:\/\/www.manorga.com\/de\/faktor-mensch#breadcrumb","itemListElement":[{"@type":"ListItem","position":1,"name":"Accueil","item":"https:\/\/www.manorga.com\/de"},{"@type":"ListItem","position":2,"name":"Der Faktor Mensch"}]},{"@type":"WebSite","@id":"https:\/\/www.manorga.com\/de#website","url":"https:\/\/www.manorga.com\/de","name":"Manorga","description":"","publisher":{"@id":"https:\/\/www.manorga.com\/de#organization"},"alternateName":"MO","potentialAction":[{"@type":"SearchAction","target":{"@type":"EntryPoint","urlTemplate":"https:\/\/www.manorga.com\/de?s={search_term_string}"},"query-input":{"@type":"PropertyValueSpecification","valueRequired":true,"valueName":"search_term_string"}}],"inLanguage":"de"},{"@type":"Organization","@id":"https:\/\/www.manorga.com\/de#organization","name":"ManOrga","alternateName":"MO","url":"https:\/\/www.manorga.com\/de","logo":{"@type":"ImageObject","inLanguage":"de","@id":"https:\/\/www.manorga.com\/de#\/schema\/logo\/image\/","url":"https:\/\/www.manorga.com\/wp-content\/uploads\/2023\/06\/manorga-696x696-1.jpg","contentUrl":"https:\/\/www.manorga.com\/wp-content\/uploads\/2023\/06\/manorga-696x696-1.jpg","width":696,"height":696,"caption":"ManOrga"},"image":{"@id":"https:\/\/www.manorga.com\/de#\/schema\/logo\/image\/"},"sameAs":["https:\/\/www.facebook.com\/ManorgaFrance\/"]}]}},"_links":{"self":[{"href":"https:\/\/www.manorga.com\/de\/wp-json\/wp\/v2\/pages\/4385","targetHints":{"allow":["GET"]}}],"collection":[{"href":"https:\/\/www.manorga.com\/de\/wp-json\/wp\/v2\/pages"}],"about":[{"href":"https:\/\/www.manorga.com\/de\/wp-json\/wp\/v2\/types\/page"}],"author":[{"embeddable":true,"href":"https:\/\/www.manorga.com\/de\/wp-json\/wp\/v2\/users\/1"}],"replies":[{"embeddable":true,"href":"https:\/\/www.manorga.com\/de\/wp-json\/wp\/v2\/comments?post=4385"}],"version-history":[{"count":23,"href":"https:\/\/www.manorga.com\/de\/wp-json\/wp\/v2\/pages\/4385\/revisions"}],"predecessor-version":[{"id":8960,"href":"https:\/\/www.manorga.com\/de\/wp-json\/wp\/v2\/pages\/4385\/revisions\/8960"}],"wp:featuredmedia":[{"embeddable":true,"href":"https:\/\/www.manorga.com\/de\/wp-json\/wp\/v2\/media\/3240"}],"wp:attachment":[{"href":"https:\/\/www.manorga.com\/de\/wp-json\/wp\/v2\/media?parent=4385"}],"curies":[{"name":"wp","href":"https:\/\/api.w.org\/{rel}","templated":true}]}}