{"id":4409,"date":"2023-05-22T17:26:20","date_gmt":"2023-05-22T15:26:20","guid":{"rendered":"https:\/\/www.manorga.com\/produits"},"modified":"2025-03-31T09:39:24","modified_gmt":"2025-03-31T07:39:24","slug":"produkte","status":"publish","type":"page","link":"https:\/\/www.manorga.com\/de\/produkte","title":{"rendered":"Produkte"},"content":{"rendered":"<div  class=\"keblk keblk-v-align-top keblock-section-lame-top-interne sans_encart\"   style=\"\"  >\r\n\t\r\n\t    <div class=\"wrap-bg\" style=\"background-image:url('https:\/\/www.manorga.com\/wp-content\/uploads\/2023\/04\/BND-PG-usages.jpg');\"><\/div>\r\n    <\/div>\r\n<div class=\"site-breadcrumb wrap-resp\"><a href=\"https:\/\/www.manorga.com\/de\" class=\"bc-item bc-item_first\" title=\"Startseite\"><\/a><\/div>\r\n    \n\n<div  class=\"keblk keblk-v-align-top keblock-section-lame responsive is-padded  bg-none\"   style=\"\"  id=\"\">\r\n\t\r\n\t\t<div class=\"block-content\">\r\n                    \n<div  class=\"keblk keblk-v-align-top keblock-text\" >\r\n\t\r\n\t\t\r\n\t<div class=\"block-content\">\t\r\n        \t\n\n<h1 class=\"wp-block-heading\">Unsere Produkte<\/h1>\n\n\n\n<p>ManOrga innoviert und entwickelt kontinuierlich sein Regalsortiment. Ob Ihre Umgebung industriell, in der Garage oder im B\u00fcro ist, wir haben f\u00fcr jeden Bedarf eine L\u00f6sung. Unsere Ingenieurb\u00fcros stehen Ihnen zur Verf\u00fcgung, um Sie bei Ihren Entscheidungen zu unterst\u00fctzen.<\/p>\n\n\r\n\t<\/div>\r\n<\/div>\r\n    \n        \t<\/div>\r\n<\/div>\r\n    \n\n<div  class=\"keblk keblk-v-align-top keblock-section-lame responsive is-padded  bg-none\"   style=\"\"  id=\"\">\r\n\t\r\n\t\t<div class=\"block-content\">\r\n                    \n\n<div class=\"wp-block-columns is-layout-flex wp-container-core-columns-is-layout-9d6595d7 wp-block-columns-is-layout-flex\">\n<div class=\"wp-block-column is-vertically-aligned-center is-layout-flow wp-block-column-is-layout-flow\"><div  class=\"keblk keblk-v-align-top keblock-text\" >\r\n\t\r\n\t\t\r\n\t<div class=\"block-content\">\t\r\n        \t\t  <div class=\"elt-deco\"><\/div>\r\n        \t\n\n<h2 class=\"wp-block-heading\">Regale<\/h2>\n\n\n\n<p>Entdecken Sie unser Sortiment an Regalen f\u00fcr jede Art von Lasten<\/p>\n\n\n<div  class=\"keblk keblk-v-align-top keblock-bouton filaire\" >\r\n\t\r\n\t\t\r\n\t<div class=\"block-content\">\t\r\n\t\t<a href=\"https:\/\/www.manorga.com\/de\/produkte\/hersteller-regalsystemen\" target=\"\" class=\"uibt filaire black\">\r\n\t\t<span class=\"bt-content\">Erfahren Sie mehr<\/span>\r\n\t\t<span class=\"bt-picto\"><\/span>\r\n\t<\/a>\r\n\t\t<\/div>\r\n<\/div>\r\n    \n\r\n\t<\/div>\r\n<\/div>\r\n    <\/div>\n\n\n\n<div class=\"wp-block-column is-vertically-aligned-center is-layout-flow wp-block-column-is-layout-flow\"><div  class=\"keblk keblk-v-align-top keblock-multimedia type-img\" >\r\n\t\r\n\t\t<div class=\"block-content\"  style=\"aspect-ratio:16\/9\" >\t\r\n        <div class=\"visu-bg\" style=\"background-image:url('https:\/\/www.manorga.com\/wp-content\/uploads\/2023\/04\/BND-PG-Rayonnages-1.jpg');\"><\/div>\r\n\t\t<!-- CONTENT -->\r\n\t\t            \t\t\t\t\r\n\t\t\r\n\t<\/div>\r\n<\/div>\r\n    <\/div>\n<\/div>\n\n        \t<\/div>\r\n<\/div>\r\n    \n\n<div  class=\"keblk keblk-v-align-top keblock-section-lame responsive is-padded  bg-none\"   style=\"\"  id=\"\">\r\n\t\r\n\t\t<div class=\"block-content\">\r\n                    \n\n<div class=\"wp-block-columns is-layout-flex wp-container-core-columns-is-layout-9d6595d7 wp-block-columns-is-layout-flex\">\n<div class=\"wp-block-column is-vertically-aligned-center is-layout-flow wp-block-column-is-layout-flow\"><div  class=\"keblk keblk-v-align-top keblock-multimedia type-img\" >\r\n\t\r\n\t\t<div class=\"block-content\"  style=\"aspect-ratio:16\/9\" >\t\r\n        <div class=\"visu-bg\" style=\"background-image:url('https:\/\/www.manorga.com\/wp-content\/uploads\/2023\/04\/BND-PG-Plateformes.jpg');\"><\/div>\r\n\t\t<!-- CONTENT -->\r\n\t\t            \t\t\t\t\r\n\t\t\r\n\t<\/div>\r\n<\/div>\r\n    <\/div>\n\n\n\n<div class=\"wp-block-column is-vertically-aligned-center is-layout-flow wp-block-column-is-layout-flow\"><div  class=\"keblk keblk-v-align-top keblock-text\" >\r\n\t\r\n\t\t\r\n\t<div class=\"block-content\">\t\r\n        \t\t  <div class=\"elt-deco\"><\/div>\r\n        \t\n\n<h2 class=\"wp-block-heading\">Lagerb\u00fchnen<\/h2>\n\n\n\n<p>ManOrga bietet die Mezzaman-Lagerb\u00fchnen, die industrielle Zwischengeschoss, um Unternehmen bei der Optimierung ihres Arbeitsbereichs zu unterst\u00fctzen.<\/p>\n\n\n<div  class=\"keblk keblk-v-align-top keblock-bouton filaire\" >\r\n\t\r\n\t\t\r\n\t<div class=\"block-content\">\t\r\n\t\t<a href=\"https:\/\/www.manorga.com\/de\/produkte\/lagerbuhnen\/lagerbuehne\" target=\"\" class=\"uibt filaire black\">\r\n\t\t<span class=\"bt-content\">Erfahren Sie mehr<\/span>\r\n\t\t<span class=\"bt-picto\"><\/span>\r\n\t<\/a>\r\n\t\t<\/div>\r\n<\/div>\r\n    \n\r\n\t<\/div>\r\n<\/div>\r\n    <\/div>\n<\/div>\n\n        \t<\/div>\r\n<\/div>\r\n    \n\n<div  class=\"keblk keblk-v-align-top keblock-section-lame responsive is-padded  bg-none\"   style=\"\"  id=\"\">\r\n\t\r\n\t\t<div class=\"block-content\">\r\n                    \n\n<div class=\"wp-block-columns is-layout-flex wp-container-core-columns-is-layout-9d6595d7 wp-block-columns-is-layout-flex\">\n<div class=\"wp-block-column is-vertically-aligned-center is-layout-flow wp-block-column-is-layout-flow\"><div  class=\"keblk keblk-v-align-top keblock-text\" >\r\n\t\r\n\t\t\r\n\t<div class=\"block-content\">\t\r\n        \t\t  <div class=\"elt-deco\"><\/div>\r\n        \t\n\n<h2 class=\"wp-block-heading\">Mehrgeschossige Anlagen<\/h2>\n\n\n\n<p>Unsere Regalplattformen: Die Floor Idea-L\u00f6sung, mehrst\u00f6ckige Installation.<\/p>\n\n\n<div  class=\"keblk keblk-v-align-top keblock-bouton filaire\" >\r\n\t\r\n\t\t\r\n\t<div class=\"block-content\">\t\r\n\t\t<a href=\"https:\/\/www.manorga.com\/de\/produkte\/mehrgeschossige-anlagen\/regalbuehne\" target=\"\" class=\"uibt filaire black\">\r\n\t\t<span class=\"bt-content\">Erfahren Sie mehr<\/span>\r\n\t\t<span class=\"bt-picto\"><\/span>\r\n\t<\/a>\r\n\t\t<\/div>\r\n<\/div>\r\n    \n\r\n\t<\/div>\r\n<\/div>\r\n    <\/div>\n\n\n\n<div class=\"wp-block-column is-vertically-aligned-center is-layout-flow wp-block-column-is-layout-flow\"><div  class=\"keblk keblk-v-align-top keblock-multimedia type-img\" >\r\n\t\r\n\t\t<div class=\"block-content\"  style=\"aspect-ratio:16\/9\" >\t\r\n        <div class=\"visu-bg\" style=\"background-image:url('https:\/\/www.manorga.com\/wp-content\/uploads\/2023\/04\/BND-PG-installations-multi-niveaux.jpg');\"><\/div>\r\n\t\t<!-- CONTENT -->\r\n\t\t            \t\t\t\t\r\n\t\t\r\n\t<\/div>\r\n<\/div>\r\n    <\/div>\n<\/div>\n\n        \t<\/div>\r\n<\/div>\r\n    \n\n<div  class=\"keblk keblk-v-align-top keblock-section-lame responsive is-padded  bg-none\"   style=\"\"  id=\"\">\r\n\t\r\n\t\t<div class=\"block-content\">\r\n                    \n\n<div class=\"wp-block-columns is-layout-flex wp-container-core-columns-is-layout-9d6595d7 wp-block-columns-is-layout-flex\">\n<div class=\"wp-block-column is-vertically-aligned-center is-layout-flow wp-block-column-is-layout-flow\"><div  class=\"keblk keblk-v-align-top keblock-multimedia type-img\" >\r\n\t\r\n\t\t<div class=\"block-content\"  style=\"aspect-ratio:16\/9\" >\t\r\n        <div class=\"visu-bg\" style=\"background-image:url('https:\/\/www.manorga.com\/wp-content\/uploads\/2023\/04\/IMG-cloison-separation-01.jpg');\"><\/div>\r\n\t\t<!-- CONTENT -->\r\n\t\t            \t\t\t\t\r\n\t\t\r\n\t<\/div>\r\n<\/div>\r\n    <\/div>\n\n\n\n<div class=\"wp-block-column is-vertically-aligned-center is-layout-flow wp-block-column-is-layout-flow\"><div  class=\"keblk keblk-v-align-top keblock-text\" >\r\n\t\r\n\t\t\r\n\t<div class=\"block-content\">\t\r\n        \t\t  <div class=\"elt-deco\"><\/div>\r\n        \t\n\n<h2 class=\"wp-block-heading\">Industrielle und professionelle Trennw\u00e4nde<\/h2>\n\n\n\n<p>Bei ManOrga sind wir als Hersteller von industriellen Trennw\u00e4nden f\u00fcr Fachleute auf die Entwicklung und Herstellung ma\u00dfgeschneiderter L\u00f6sungen zur Optimierung von Arbeits- und Lagerr\u00e4umen spezialisiert.<\/p>\n\n\n<div  class=\"keblk keblk-v-align-top keblock-bouton filaire\" >\r\n\t\r\n\t\t\r\n\t<div class=\"block-content\">\t\r\n\t\t<a href=\"https:\/\/www.manorga.com\/de\/produkte\/trennwaende\" target=\"\" class=\"uibt filaire black\">\r\n\t\t<span class=\"bt-content\">Erfahren Sie mehr<\/span>\r\n\t\t<span class=\"bt-picto\"><\/span>\r\n\t<\/a>\r\n\t\t<\/div>\r\n<\/div>\r\n    \n\r\n\t<\/div>\r\n<\/div>\r\n    <\/div>\n<\/div>\n\n        \t<\/div>\r\n<\/div>\r\n    \n\n<div  class=\"keblk keblk-v-align-top keblock-section-lame responsive is-padded  bg-none\"   style=\"\"  id=\"\">\r\n\t\r\n\t\t<div class=\"block-content\">\r\n                    \n\n<div class=\"wp-block-columns is-layout-flex wp-container-core-columns-is-layout-9d6595d7 wp-block-columns-is-layout-flex\">\n<div class=\"wp-block-column is-vertically-aligned-center is-layout-flow wp-block-column-is-layout-flow\"><div  class=\"keblk keblk-v-align-top keblock-text\" >\r\n\t\r\n\t\t\r\n\t<div class=\"block-content\">\t\r\n        \t\t  <div class=\"elt-deco\"><\/div>\r\n        \t\n\n<h2 class=\"wp-block-heading\">Handhabung und Sicherheit<\/h2>\n\n\n\n<p>Bei ManOrga bieten wir sichere Lagerl\u00f6sungen zum Schutz Ihrer Produkte und Ihrer Umgebung an. Wir haben eine Produktpalette entwickelt, die der Sicherheit und dem Schutz Ihres Lagers gewidmet ist.<\/p>\n\n\n<div  class=\"keblk keblk-v-align-top keblock-bouton filaire\" >\r\n\t\r\n\t\t\r\n\t<div class=\"block-content\">\t\r\n\t\t<a href=\"https:\/\/www.manorga.com\/de\/produkte\/handhabung-sicherheit\" target=\"\" class=\"uibt filaire black\">\r\n\t\t<span class=\"bt-content\">Erfahren Sie mehr<\/span>\r\n\t\t<span class=\"bt-picto\"><\/span>\r\n\t<\/a>\r\n\t\t<\/div>\r\n<\/div>\r\n    \n\r\n\t<\/div>\r\n<\/div>\r\n    <\/div>\n\n\n\n<div class=\"wp-block-column is-vertically-aligned-center is-layout-flow wp-block-column-is-layout-flow\"><div  class=\"keblk keblk-v-align-top keblock-multimedia type-img\" >\r\n\t\r\n\t\t<div class=\"block-content\"  style=\"aspect-ratio:16\/9\" >\t\r\n        <div class=\"visu-bg\" style=\"background-image:url('https:\/\/www.manorga.com\/wp-content\/uploads\/2023\/04\/BND-PG-Manutention-securite.jpg');\"><\/div>\r\n\t\t<!-- CONTENT -->\r\n\t\t            \t\t\t\t\r\n\t\t\r\n\t<\/div>\r\n<\/div>\r\n    <\/div>\n<\/div>\n\n        \t<\/div>\r\n<\/div>\r\n    \n\n\n<hr class=\"wp-block-separator has-alpha-channel-opacity big-black\"\/>\n\n\n<div  class=\"keblk keblk-v-align-top bottom_produit keblock-section-lame responsive is-padded  bg-color bg-color-yellow\"   style=\"\"  id=\"\">\r\n\t\r\n\t\t<div class=\"block-content\">\r\n                    \n\n<div class=\"wp-block-columns is-layout-flex wp-container-core-columns-is-layout-9d6595d7 wp-block-columns-is-layout-flex\">\n<div class=\"wp-block-column is-vertically-aligned-center bg-config is-layout-flow wp-block-column-is-layout-flow\"><\/div>\n\n\n\n<div class=\"wp-block-column is-vertically-aligned-center is-layout-flow wp-block-column-is-layout-flow\"><div  class=\"keblk keblk-v-align-top no-decal keblock-text\" >\r\n\t\r\n\t\t\r\n\t<div class=\"block-content\">\t\r\n        \t\n\n<h2 class=\"wp-block-heading\">Kundenorientierter Bedarf?<\/h2>\n\n\n\n<p>Leistungsf\u00e4higkeit, Ihre H\u00f6he, Ihre Farbe mit unserem Konfigurator.<\/p>\n\n\n<div  class=\"keblk keblk-v-align-top keblock-bouton plein\" >\r\n\t\r\n\t\t\r\n\t<div class=\"block-content\">\t\r\n\t\t<a href=\"https:\/\/perspectiv.manorga.com\/#\/login\" target=\"_blank\" class=\"uibt plein black\">\r\n\t\t<span class=\"bt-content\">Konfigurieren Sie Ihr Projekt<\/span>\r\n\t\t<span class=\"bt-picto\"><\/span>\r\n\t<\/a>\r\n\t\t<\/div>\r\n<\/div>\r\n    \n\r\n\t<\/div>\r\n<\/div>\r\n    <\/div>\n<\/div>\n\n        \t<\/div>\r\n<\/div>\r\n    \n\n\n<div class=\"wp-block-group\"><div class=\"wp-block-group__inner-container is-layout-constrained wp-block-group-is-layout-constrained\">\n<hr class=\"wp-block-separator has-text-color has-alpha-channel-opacity has-background\" style=\"background-color:#d2d2d2;color:#d2d2d2\"\/>\n\n\n<div  class=\"keblk keblk-v-align-top no-min-height center-mobile bottom_produit keblock-section-lame responsive is-padded  bg-none\"   style=\"\"  id=\"\">\r\n\t\r\n\t\t<div class=\"block-content\">\r\n                    \n\n<div class=\"wp-block-columns is-layout-flex wp-container-core-columns-is-layout-9d6595d7 wp-block-columns-is-layout-flex\">\n<div class=\"wp-block-column is-vertically-aligned-center is-layout-flow wp-block-column-is-layout-flow\" style=\"flex-basis:60%\">\n<h2 class=\"wp-block-heading\"><span class=\"texte-jaune\">Interessiert am Vertrieb<\/span> <br>unserer Produkte?<\/h2>\n<\/div>\n\n\n\n<div class=\"wp-block-column is-vertically-aligned-center is-layout-flow wp-block-column-is-layout-flow\" style=\"flex-basis:40%\"><div  class=\"keblk keblk-h-align-right keblk-v-align-top margin-top-mobile contact keblock-bouton plein\" >\r\n\t\r\n\t\t\r\n\t<div class=\"block-content\">\t\r\n\t\t<a href=\"https:\/\/www.manorga.com\/de\/kontakt?objet=Unsere+Produkte+vertreiben\" target=\"\" class=\"uibt plein yellow\">\r\n\t\t<span class=\"bt-content\">Vertriebspartner werden<\/span>\r\n\t\t<span class=\"bt-picto\"><\/span>\r\n\t<\/a>\r\n\t\t<\/div>\r\n<\/div>\r\n    <\/div>\n<\/div>\n\n        \t<\/div>\r\n<\/div>\r\n    <\/div><\/div>\n","protected":false},"excerpt":{"rendered":"","protected":false},"author":1,"featured_media":1772,"parent":0,"menu_order":0,"comment_status":"closed","ping_status":"closed","template":"template-page.php","meta":{"_acf_changed":false,"inline_featured_image":false,"footnotes":""},"class_list":["post-4409","page","type-page","status-publish","has-post-thumbnail","hentry"],"acf":[],"yoast_head":"<!-- This site is optimized with the Yoast SEO plugin v27.3 - https:\/\/yoast.com\/product\/yoast-seo-wordpress\/ -->\n<title>Produkte Manorga<\/title>\n<meta name=\"description\" content=\"ManOrga innoviert und entwickelt Lagerl\u00f6sungen f\u00fcr Ihre professionellen R\u00e4ume, unabh\u00e4ngig von Ihrer Umgebung.\" \/>\n<meta name=\"robots\" content=\"index, follow, max-snippet:-1, max-image-preview:large, max-video-preview:-1\" \/>\n<link rel=\"canonical\" href=\"https:\/\/www.manorga.com\/de\/produkte\" \/>\n<meta property=\"og:locale\" content=\"de_DE\" \/>\n<meta property=\"og:type\" content=\"article\" \/>\n<meta property=\"og:title\" content=\"Produkte Manorga\" \/>\n<meta property=\"og:description\" content=\"ManOrga innoviert und entwickelt Lagerl\u00f6sungen f\u00fcr Ihre professionellen R\u00e4ume, unabh\u00e4ngig von Ihrer Umgebung.\" \/>\n<meta property=\"og:url\" content=\"https:\/\/www.manorga.com\/de\/produkte\" \/>\n<meta property=\"og:site_name\" content=\"Manorga\" \/>\n<meta property=\"article:publisher\" content=\"https:\/\/www.facebook.com\/ManorgaFrance\/\" \/>\n<meta property=\"article:modified_time\" content=\"2025-03-31T07:39:24+00:00\" \/>\n<meta property=\"og:image\" content=\"https:\/\/www.manorga.com\/wp-content\/uploads\/2023\/04\/BND-PG-usages.jpg\" \/>\n\t<meta property=\"og:image:width\" content=\"1920\" \/>\n\t<meta property=\"og:image:height\" content=\"1080\" \/>\n\t<meta property=\"og:image:type\" content=\"image\/jpeg\" \/>\n<meta name=\"twitter:card\" content=\"summary_large_image\" \/>\n<meta name=\"twitter:label1\" content=\"Gesch\u00e4tzte Lesezeit\" \/>\n\t<meta name=\"twitter:data1\" content=\"1\u00a0Minute\" \/>\n<script type=\"application\/ld+json\" class=\"yoast-schema-graph\">{\"@context\":\"https:\\\/\\\/schema.org\",\"@graph\":[{\"@type\":\"WebPage\",\"@id\":\"https:\\\/\\\/www.manorga.com\\\/de\\\/produkte\",\"url\":\"https:\\\/\\\/www.manorga.com\\\/de\\\/produkte\",\"name\":\"Produkte Manorga\",\"isPartOf\":{\"@id\":\"https:\\\/\\\/www.manorga.com\\\/de#website\"},\"primaryImageOfPage\":{\"@id\":\"https:\\\/\\\/www.manorga.com\\\/de\\\/produkte#primaryimage\"},\"image\":{\"@id\":\"https:\\\/\\\/www.manorga.com\\\/de\\\/produkte#primaryimage\"},\"thumbnailUrl\":\"https:\\\/\\\/www.manorga.com\\\/wp-content\\\/uploads\\\/2023\\\/04\\\/BND-PG-usages.jpg\",\"datePublished\":\"2023-05-22T15:26:20+00:00\",\"dateModified\":\"2025-03-31T07:39:24+00:00\",\"description\":\"ManOrga innoviert und entwickelt Lagerl\u00f6sungen f\u00fcr Ihre professionellen R\u00e4ume, unabh\u00e4ngig von Ihrer Umgebung.\",\"breadcrumb\":{\"@id\":\"https:\\\/\\\/www.manorga.com\\\/de\\\/produkte#breadcrumb\"},\"inLanguage\":\"de\",\"potentialAction\":[{\"@type\":\"ReadAction\",\"target\":[\"https:\\\/\\\/www.manorga.com\\\/de\\\/produkte\"]}]},{\"@type\":\"ImageObject\",\"inLanguage\":\"de\",\"@id\":\"https:\\\/\\\/www.manorga.com\\\/de\\\/produkte#primaryimage\",\"url\":\"https:\\\/\\\/www.manorga.com\\\/wp-content\\\/uploads\\\/2023\\\/04\\\/BND-PG-usages.jpg\",\"contentUrl\":\"https:\\\/\\\/www.manorga.com\\\/wp-content\\\/uploads\\\/2023\\\/04\\\/BND-PG-usages.jpg\",\"width\":1920,\"height\":1080},{\"@type\":\"BreadcrumbList\",\"@id\":\"https:\\\/\\\/www.manorga.com\\\/de\\\/produkte#breadcrumb\",\"itemListElement\":[{\"@type\":\"ListItem\",\"position\":1,\"name\":\"Accueil\",\"item\":\"https:\\\/\\\/www.manorga.com\\\/de\"},{\"@type\":\"ListItem\",\"position\":2,\"name\":\"Produkte\"}]},{\"@type\":\"WebSite\",\"@id\":\"https:\\\/\\\/www.manorga.com\\\/de#website\",\"url\":\"https:\\\/\\\/www.manorga.com\\\/de\",\"name\":\"Manorga\",\"description\":\"\",\"publisher\":{\"@id\":\"https:\\\/\\\/www.manorga.com\\\/de#organization\"},\"alternateName\":\"MO\",\"potentialAction\":[{\"@type\":\"SearchAction\",\"target\":{\"@type\":\"EntryPoint\",\"urlTemplate\":\"https:\\\/\\\/www.manorga.com\\\/de?s={search_term_string}\"},\"query-input\":{\"@type\":\"PropertyValueSpecification\",\"valueRequired\":true,\"valueName\":\"search_term_string\"}}],\"inLanguage\":\"de\"},{\"@type\":\"Organization\",\"@id\":\"https:\\\/\\\/www.manorga.com\\\/de#organization\",\"name\":\"ManOrga\",\"alternateName\":\"MO\",\"url\":\"https:\\\/\\\/www.manorga.com\\\/de\",\"logo\":{\"@type\":\"ImageObject\",\"inLanguage\":\"de\",\"@id\":\"https:\\\/\\\/www.manorga.com\\\/de#\\\/schema\\\/logo\\\/image\\\/\",\"url\":\"https:\\\/\\\/www.manorga.com\\\/wp-content\\\/uploads\\\/2023\\\/06\\\/manorga-696x696-1.jpg\",\"contentUrl\":\"https:\\\/\\\/www.manorga.com\\\/wp-content\\\/uploads\\\/2023\\\/06\\\/manorga-696x696-1.jpg\",\"width\":696,\"height\":696,\"caption\":\"ManOrga\"},\"image\":{\"@id\":\"https:\\\/\\\/www.manorga.com\\\/de#\\\/schema\\\/logo\\\/image\\\/\"},\"sameAs\":[\"https:\\\/\\\/www.facebook.com\\\/ManorgaFrance\\\/\"]}]}<\/script>\n<!-- \/ Yoast SEO plugin. -->","yoast_head_json":{"title":"Produkte Manorga","description":"ManOrga innoviert und entwickelt Lagerl\u00f6sungen f\u00fcr Ihre professionellen R\u00e4ume, unabh\u00e4ngig von Ihrer Umgebung.","robots":{"index":"index","follow":"follow","max-snippet":"max-snippet:-1","max-image-preview":"max-image-preview:large","max-video-preview":"max-video-preview:-1"},"canonical":"https:\/\/www.manorga.com\/de\/produkte","og_locale":"de_DE","og_type":"article","og_title":"Produkte Manorga","og_description":"ManOrga innoviert und entwickelt Lagerl\u00f6sungen f\u00fcr Ihre professionellen R\u00e4ume, unabh\u00e4ngig von Ihrer Umgebung.","og_url":"https:\/\/www.manorga.com\/de\/produkte","og_site_name":"Manorga","article_publisher":"https:\/\/www.facebook.com\/ManorgaFrance\/","article_modified_time":"2025-03-31T07:39:24+00:00","og_image":[{"width":1920,"height":1080,"url":"https:\/\/www.manorga.com\/wp-content\/uploads\/2023\/04\/BND-PG-usages.jpg","type":"image\/jpeg"}],"twitter_card":"summary_large_image","twitter_misc":{"Gesch\u00e4tzte Lesezeit":"1\u00a0Minute"},"schema":{"@context":"https:\/\/schema.org","@graph":[{"@type":"WebPage","@id":"https:\/\/www.manorga.com\/de\/produkte","url":"https:\/\/www.manorga.com\/de\/produkte","name":"Produkte Manorga","isPartOf":{"@id":"https:\/\/www.manorga.com\/de#website"},"primaryImageOfPage":{"@id":"https:\/\/www.manorga.com\/de\/produkte#primaryimage"},"image":{"@id":"https:\/\/www.manorga.com\/de\/produkte#primaryimage"},"thumbnailUrl":"https:\/\/www.manorga.com\/wp-content\/uploads\/2023\/04\/BND-PG-usages.jpg","datePublished":"2023-05-22T15:26:20+00:00","dateModified":"2025-03-31T07:39:24+00:00","description":"ManOrga innoviert und entwickelt Lagerl\u00f6sungen f\u00fcr Ihre professionellen R\u00e4ume, unabh\u00e4ngig von Ihrer Umgebung.","breadcrumb":{"@id":"https:\/\/www.manorga.com\/de\/produkte#breadcrumb"},"inLanguage":"de","potentialAction":[{"@type":"ReadAction","target":["https:\/\/www.manorga.com\/de\/produkte"]}]},{"@type":"ImageObject","inLanguage":"de","@id":"https:\/\/www.manorga.com\/de\/produkte#primaryimage","url":"https:\/\/www.manorga.com\/wp-content\/uploads\/2023\/04\/BND-PG-usages.jpg","contentUrl":"https:\/\/www.manorga.com\/wp-content\/uploads\/2023\/04\/BND-PG-usages.jpg","width":1920,"height":1080},{"@type":"BreadcrumbList","@id":"https:\/\/www.manorga.com\/de\/produkte#breadcrumb","itemListElement":[{"@type":"ListItem","position":1,"name":"Accueil","item":"https:\/\/www.manorga.com\/de"},{"@type":"ListItem","position":2,"name":"Produkte"}]},{"@type":"WebSite","@id":"https:\/\/www.manorga.com\/de#website","url":"https:\/\/www.manorga.com\/de","name":"Manorga","description":"","publisher":{"@id":"https:\/\/www.manorga.com\/de#organization"},"alternateName":"MO","potentialAction":[{"@type":"SearchAction","target":{"@type":"EntryPoint","urlTemplate":"https:\/\/www.manorga.com\/de?s={search_term_string}"},"query-input":{"@type":"PropertyValueSpecification","valueRequired":true,"valueName":"search_term_string"}}],"inLanguage":"de"},{"@type":"Organization","@id":"https:\/\/www.manorga.com\/de#organization","name":"ManOrga","alternateName":"MO","url":"https:\/\/www.manorga.com\/de","logo":{"@type":"ImageObject","inLanguage":"de","@id":"https:\/\/www.manorga.com\/de#\/schema\/logo\/image\/","url":"https:\/\/www.manorga.com\/wp-content\/uploads\/2023\/06\/manorga-696x696-1.jpg","contentUrl":"https:\/\/www.manorga.com\/wp-content\/uploads\/2023\/06\/manorga-696x696-1.jpg","width":696,"height":696,"caption":"ManOrga"},"image":{"@id":"https:\/\/www.manorga.com\/de#\/schema\/logo\/image\/"},"sameAs":["https:\/\/www.facebook.com\/ManorgaFrance\/"]}]}},"_links":{"self":[{"href":"https:\/\/www.manorga.com\/de\/wp-json\/wp\/v2\/pages\/4409","targetHints":{"allow":["GET"]}}],"collection":[{"href":"https:\/\/www.manorga.com\/de\/wp-json\/wp\/v2\/pages"}],"about":[{"href":"https:\/\/www.manorga.com\/de\/wp-json\/wp\/v2\/types\/page"}],"author":[{"embeddable":true,"href":"https:\/\/www.manorga.com\/de\/wp-json\/wp\/v2\/users\/1"}],"replies":[{"embeddable":true,"href":"https:\/\/www.manorga.com\/de\/wp-json\/wp\/v2\/comments?post=4409"}],"version-history":[{"count":6,"href":"https:\/\/www.manorga.com\/de\/wp-json\/wp\/v2\/pages\/4409\/revisions"}],"predecessor-version":[{"id":8966,"href":"https:\/\/www.manorga.com\/de\/wp-json\/wp\/v2\/pages\/4409\/revisions\/8966"}],"wp:featuredmedia":[{"embeddable":true,"href":"https:\/\/www.manorga.com\/de\/wp-json\/wp\/v2\/media\/1772"}],"wp:attachment":[{"href":"https:\/\/www.manorga.com\/de\/wp-json\/wp\/v2\/media?parent=4409"}],"curies":[{"name":"wp","href":"https:\/\/api.w.org\/{rel}","templated":true}]}}