{"id":4421,"date":"2023-04-06T11:22:00","date_gmt":"2023-04-06T09:22:00","guid":{"rendered":"https:\/\/www.manorga.com\/produits\/stockage-securite"},"modified":"2025-03-31T09:41:33","modified_gmt":"2025-03-31T07:41:33","slug":"handhabung-sicherheit","status":"publish","type":"page","link":"https:\/\/www.manorga.com\/de\/produkte\/handhabung-sicherheit","title":{"rendered":"Handhabung und Sicherheit"},"content":{"rendered":"<div  class=\"keblk keblk-v-align-top keblock-section-lame-top-interne sans_encart\"   style=\"\"  >\r\n\t\r\n\t    <div class=\"wrap-bg\" style=\"background-image:url('https:\/\/www.manorga.com\/wp-content\/uploads\/2023\/04\/BND-PG-Manutention-securite.jpg');\"><\/div>\r\n    <\/div>\r\n<div class=\"site-breadcrumb wrap-resp\"><a href=\"https:\/\/www.manorga.com\/de\" class=\"bc-item bc-item_first\" title=\"Startseite\"><\/a><\/div>\r\n    \n\n<div  class=\"keblk keblk-v-align-top keblock-section-lame responsive is-padded  bg-none\"   style=\"\"  id=\"\">\r\n\t\r\n\t\t<div class=\"block-content\">\r\n                    \n\n<div class=\"wp-block-columns is-layout-flex wp-container-core-columns-is-layout-9d6595d7 wp-block-columns-is-layout-flex\">\n<div class=\"wp-block-column is-vertically-aligned-center is-layout-flow wp-block-column-is-layout-flow\"><div  class=\"keblk keblk-v-align-top keblock-text\" >\r\n\t\r\n\t\t\r\n\t<div class=\"block-content\">\t\r\n        \t\n\n<h1 class=\"wp-block-heading\">Handhabung und Sicherheit<\/h1>\n\n\n\n<p>Bei ManOrga bieten wir Ihnen gesicherte Lagerl\u00f6sungen zum Schutz Ihrer Waren und Ihrer Arbeitsumgebung. Wir haben ein eigenes Produktsortiment entwickelt, das speziell den Aspekten Sicherheit und Schutz gewidmet ist.&nbsp;<\/p>\n\n\r\n\t<\/div>\r\n<\/div>\r\n    <\/div>\n<\/div>\n\n        \t<\/div>\r\n<\/div>\r\n    \n\n<div  class=\"keblk keblk-v-align-top keblock-section-lame responsive is-padded  bg-none\"   style=\"\"  id=\"\">\r\n\t\r\n\t\t<div class=\"block-content\">\r\n                    \n\n<div class=\"wp-block-columns is-layout-flex wp-container-core-columns-is-layout-9d6595d7 wp-block-columns-is-layout-flex\">\n<div class=\"wp-block-column is-vertically-aligned-center is-layout-flow wp-block-column-is-layout-flow\"><div  class=\"keblk keblk-v-align-top keblock-text\" >\r\n\t\r\n\t\t\r\n\t<div class=\"block-content\">\t\r\n        \t\t  <div class=\"elt-deco\"><\/div>\r\n        \t\n\n<h2 class=\"wp-block-heading\">Gesicherte Lagerl\u00f6sungen ganz nach Ihrem Bedarf<\/h2>\n\n\n\n<p><strong>Unsere Gittert\u00fcren und Gittertrennw\u00e4nde <\/strong>sind speziell daf\u00fcr ausgelegt, unbefugten Zugriff zu verhindern. Zudem bieten wir gesicherte Regalsysteme, bei denen Sie den Zugang zum Lagergut kontrollieren k\u00f6nnen. F\u00fcr nicht korrosive Gefahrstoffe haben wir Regale mit integrierten Auffangwannen entwickelt. Zum Handhabung bieten wir vielf\u00e4ltige Wagen, die den Anforderungen verschiedener Branchen entsprechen.<\/p>\n\n\n\n<p>Bei ManOrga engagieren wir uns f\u00fcr rundum gesicherte Lagerl\u00f6sungen, damit Sie Ihr Unternehmen sicher und vertrauensvoll f\u00fchren k\u00f6nnen.<\/p>\n\n\r\n\t<\/div>\r\n<\/div>\r\n    <\/div>\n\n\n\n<div class=\"wp-block-column is-vertically-aligned-center is-layout-flow wp-block-column-is-layout-flow\"><div  class=\"keblk keblk-v-align-top keblock-multimedia type-img\" >\r\n\t\r\n\t\t<div class=\"block-content\"  style=\"aspect-ratio:16\/9\" >\t\r\n        <div class=\"visu-bg\" style=\"background-image:url('https:\/\/www.manorga.com\/wp-content\/uploads\/2023\/05\/IMG-Manutention-securite-01.jpg');\"><\/div>\r\n\t\t<!-- CONTENT -->\r\n\t\t            \t\t\t\t\r\n\t\t\r\n\t<\/div>\r\n<\/div>\r\n    <\/div>\n<\/div>\n\n        \t<\/div>\r\n<\/div>\r\n    \n\n<div  class=\"keblk keblk-v-align-top keblock-section-lame responsive is-padded invert bg-none\"   style=\"\"  id=\"\">\r\n\t\r\n\t\t<div class=\"block-content\">\r\n                    \n\n<div class=\"wp-block-columns is-layout-flex wp-container-core-columns-is-layout-9d6595d7 wp-block-columns-is-layout-flex\">\n<div class=\"wp-block-column is-vertically-aligned-center is-layout-flow wp-block-column-is-layout-flow\"><div  class=\"keblk keblk-v-align-top keblock-multimedia type-img\" >\r\n\t\r\n\t\t<div class=\"block-content\"  style=\"aspect-ratio:16\/9\" >\t\r\n        <div class=\"visu-bg\" style=\"background-image:url('https:\/\/www.manorga.com\/wp-content\/uploads\/2023\/04\/IMG-cloison-separation-02.jpg');\"><\/div>\r\n\t\t<!-- CONTENT -->\r\n\t\t            \t\t\t\t\r\n\t\t\r\n\t<\/div>\r\n<\/div>\r\n    <\/div>\n\n\n\n<div class=\"wp-block-column is-vertically-aligned-center is-layout-flow wp-block-column-is-layout-flow\"><div  class=\"keblk keblk-v-align-top keblock-text\" >\r\n\t\r\n\t\t\r\n\t<div class=\"block-content\">\t\r\n        \t\t  <div class=\"elt-deco\"><\/div>\r\n        \t\n\n<h2 class=\"wp-block-heading\">Gittert\u00fcren und Gittertrennw\u00e4nde<\/h2>\n\n\n\n<p>Wir bieten eine breite Palette an T\u00fcren und Trennw\u00e4nden zur Absicherung von Lagerbereichen. Diese k\u00f6nnen dank der Verschraubung mit Universalscharnieren mit allen unseren Regalen kombiniert werden. Die ManOrga-Boxen sind ebenfalls mit Gitterw\u00e4nden versehen. Mit umfassendem Zubeh\u00f6r erm\u00f6glichen sie vielf\u00e4ltige Kombinationen zur Optimierung Ihrer Lagerfl\u00e4chen.&nbsp;<\/p>\n\n\r\n\t<\/div>\r\n<\/div>\r\n    <\/div>\n<\/div>\n\n        \t<\/div>\r\n<\/div>\r\n    \n\n<div  class=\"keblk keblk-v-align-top keblock-section-lame responsive is-padded  bg-none\"   style=\"\"  id=\"\">\r\n\t\r\n\t\t<div class=\"block-content\">\r\n                    \n\n<div class=\"wp-block-columns is-layout-flex wp-container-core-columns-is-layout-9d6595d7 wp-block-columns-is-layout-flex\">\n<div class=\"wp-block-column is-vertically-aligned-center is-layout-flow wp-block-column-is-layout-flow\"><div  class=\"keblk keblk-v-align-top keblock-text\" >\r\n\t\r\n\t\t\r\n\t<div class=\"block-content\">\t\r\n        \t\t  <div class=\"elt-deco\"><\/div>\r\n        \t\n\n<h2 class=\"wp-block-heading\">Gesicherte Regale und Gefahrstoffregale<\/h2>\n\n\n\n<p><strong>Unser umfassendes Sortiment an gesicherten Regalen<\/strong> verbindet Warenschutz und Lagerfl\u00e4chenoptimierung.<\/p>\n\n\n\n<p>Das <strong>Gefahrstoffregal Flip<\/strong> ist dank seinem Auffangsystem ideal zur Lagerung von fl\u00fcssigen, nicht korrosiven Schadstoffen. Das <strong>Gitterregal Epsivol<\/strong> mit verschlie\u00dfbaren Doppelt\u00fcren erm\u00f6glicht die sichere Lagerung von mittelschweren und sperrigen Lasten wie Kanistern oder kleinen F\u00e4ssern. Sie k\u00f6nnen es mit optionalen Auffangwannen versehen, um nicht korrosive Schadstoffe zu lagern. Zudem bieten wir Fallschutzgitter zum wirksamen Schutz der G\u00e4nge und Waren, kombinierbar mit bereits installierten Regalen verschiedenster Art.<\/p>\n\n\r\n\t<\/div>\r\n<\/div>\r\n    <\/div>\n\n\n\n<div class=\"wp-block-column is-vertically-aligned-center is-layout-flow wp-block-column-is-layout-flow\"><div  class=\"keblk keblk-v-align-top keblock-multimedia type-img\" >\r\n\t\r\n\t\t<div class=\"block-content\"  style=\"aspect-ratio:16\/9\" >\t\r\n        <div class=\"visu-bg\" style=\"background-image:url('https:\/\/www.manorga.com\/wp-content\/uploads\/2023\/05\/IMG-Manutention-securite-02.jpg');\"><\/div>\r\n\t\t<!-- CONTENT -->\r\n\t\t            \t\t\t\t\r\n\t\t\r\n\t<\/div>\r\n<\/div>\r\n    <\/div>\n<\/div>\n\n        \t<\/div>\r\n<\/div>\r\n    \n\n<div  class=\"keblk keblk-v-align-top keblock-section-lame responsive is-padded invert bg-none\"   style=\"\"  id=\"\">\r\n\t\r\n\t\t<div class=\"block-content\">\r\n                    \n\n<div class=\"wp-block-columns is-layout-flex wp-container-core-columns-is-layout-9d6595d7 wp-block-columns-is-layout-flex\">\n<div class=\"wp-block-column is-vertically-aligned-center is-layout-flow wp-block-column-is-layout-flow\"><div  class=\"keblk keblk-v-align-top keblock-multimedia type-montage\" >\r\n\t\r\n\t\t<div class=\"block-content\"  style=\"aspect-ratio:1\/1\" >\t\r\n        <div class=\"visu-bg\" style=\"\"><\/div>\r\n\t\t<!-- CONTENT -->\r\n\t\t            \t\t\t\t\r\n\t\t\t\t<div class=\"montage-media nbimg-2 horizontal\"><div class=\"imgcell img-1\" style=\"background-image: url('https:\/\/www.manorga.com\/wp-content\/uploads\/2023\/05\/IMG-Manutention-securite-05-1024x576.jpg');\"><\/div><div class=\"imgcell img-2\" style=\"background-image: url('https:\/\/www.manorga.com\/wp-content\/uploads\/2023\/05\/IMG-Manutention-securite-04-1024x576.jpg');\"><\/div><\/div>\r\n\t\t\r\n\t<\/div>\r\n<\/div>\r\n    <\/div>\n\n\n\n<div class=\"wp-block-column is-vertically-aligned-center is-layout-flow wp-block-column-is-layout-flow\"><div  class=\"keblk keblk-v-align-top keblock-text\" >\r\n\t\r\n\t\t\r\n\t<div class=\"block-content\">\t\r\n        \t\t  <div class=\"elt-deco\"><\/div>\r\n        \t\n\n<h2 class=\"wp-block-heading\">Unsere Handhabung-Wagen<\/h2>\n\n\n\n<p>F\u00fcr das Handhabung bieten <strong>wir vielf\u00e4ltige Wagen,<\/strong> ganz nach Ihrem Bedarf.&nbsp;<\/p>\n\n\n\n<p><strong>Der Stirnwandwagen <\/strong>ist ideal f\u00fcr den Lastentransport an Industriestandorten, w\u00e4hrend der Universalwagen mit Sperrholzplatte besonders f\u00fcr kleinere Teile geeignet ist.&nbsp;<\/p>\n\n\n\n<p><strong>Der Wagen mit zwei Seitengittern<\/strong> dient zum Transport von Langgut, w\u00e4hrend der Universalwagen mit zwei Seitengittern und zwei R\u00fcckenteilen f\u00fcr sperrige Lasten vorgesehen ist.&nbsp;<\/p>\n\n\n\n<p><strong>Der 4-Etagen-Wagen <\/strong>eignet sich f\u00fcr St\u00fcckgut, w\u00e4hrend der <strong>EPSIVOL-Wagen ebenfalls 4 Etagen <\/strong>zur sicheren Zwischenlagerung zu bieten hat. Der Kragarmwagen ist ideal f\u00fcr die Lagerung von Langgut und der Reifentr\u00e4gerwagen erm\u00f6glicht Handhabung und Transport von Reifen.<\/p>\n\n\r\n\t<\/div>\r\n<\/div>\r\n    <\/div>\n<\/div>\n\n        \t<\/div>\r\n<\/div>\r\n    \n\n<div  class=\"keblk keblk-v-align-top keblock-section-lame responsive is-padded  bg-none\"   style=\"\"  id=\"\">\r\n\t\r\n\t\t<div class=\"block-content\">\r\n                    \n\n<div class=\"wp-block-columns is-layout-flex wp-container-core-columns-is-layout-9d6595d7 wp-block-columns-is-layout-flex\">\n<div class=\"wp-block-column is-vertically-aligned-center is-layout-flow wp-block-column-is-layout-flow\"><div  class=\"keblk keblk-v-align-top keblock-text\" >\r\n\t\r\n\t\t\r\n\t<div class=\"block-content\">\t\r\n        \t\t  <div class=\"elt-deco\"><\/div>\r\n        \t\n\n<h2 class=\"wp-block-heading\">L\u00f6sungen zur Absicherung von Raumbereichen<\/h2>\n\n\n\n<p>Wie bieten Ihnen <strong>Sicherheitsbarrieren, Sicherheitsschleusen, Absperrgel\u00e4nder, Trennw\u00e4nde und Industrietische.<\/strong><\/p>\n\n\n\n<p>Unsere <strong>Sicherheitsbarriere<\/strong> gem\u00e4\u00dfFEM-Standards sch\u00fctzt G\u00e4nge, Maschinen und Regale vor St\u00f6\u00dfen durch Handhabung-Wagen. Unsere Sicherheitsschleuse erm\u00f6glicht das sichere Ein- und Auslagern von Paletten auf Lagerb\u00fchnen \u2013 ohne Kontakt mit dem Arbeiter auf der B\u00fchne. Unsere Absperrgel\u00e4nder grenzen Gefahrenbereiche gegen\u00fcber Verkehrswegen ab.<\/p>\n\n\n\n<p>Unsere <strong>freistehenden und industriellen Trennw\u00e4nde<\/strong> sind ideal zur Raumaufteilung nach betrieblichen und hygienischen Gesichtspunkten.<\/p>\n\n\r\n\t<\/div>\r\n<\/div>\r\n    <\/div>\n\n\n\n<div class=\"wp-block-column is-vertically-aligned-center is-layout-flow wp-block-column-is-layout-flow\"><div  class=\"keblk keblk-v-align-top keblock-multimedia type-img\" >\r\n\t\r\n\t\t<div class=\"block-content\"  style=\"aspect-ratio:16\/9\" >\t\r\n        <div class=\"visu-bg\" style=\"background-image:url('https:\/\/www.manorga.com\/wp-content\/uploads\/2023\/05\/IMG-Manutention-securite-03.jpg');\"><\/div>\r\n\t\t<!-- CONTENT -->\r\n\t\t            \t\t\t\t\r\n\t\t\r\n\t<\/div>\r\n<\/div>\r\n    <\/div>\n<\/div>\n\n        \t<\/div>\r\n<\/div>\r\n    \n\n\n<div class=\"wp-block-group\"><div class=\"wp-block-group__inner-container is-layout-constrained wp-block-group-is-layout-constrained\">\n<hr class=\"wp-block-separator has-text-color has-alpha-channel-opacity has-background\" style=\"background-color:#d2d2d2;color:#d2d2d2\"\/>\n\n\n<div  class=\"keblk keblk-v-align-top no-min-height center-mobile bottom_produit keblock-section-lame responsive is-padded  bg-none\"   style=\"\"  id=\"\">\r\n\t\r\n\t\t<div class=\"block-content\">\r\n                    \n\n<div class=\"wp-block-columns is-layout-flex wp-container-core-columns-is-layout-9d6595d7 wp-block-columns-is-layout-flex\">\n<div class=\"wp-block-column is-vertically-aligned-center is-layout-flow wp-block-column-is-layout-flow\" style=\"flex-basis:60%\">\n<h2 class=\"wp-block-heading\"><span class=\"texte-jaune\">Interessiert am Vertrieb<\/span> <br>unserer Produkte?<\/h2>\n<\/div>\n\n\n\n<div class=\"wp-block-column is-vertically-aligned-center is-layout-flow wp-block-column-is-layout-flow\" style=\"flex-basis:40%\"><div  class=\"keblk keblk-h-align-right keblk-v-align-top margin-top-mobile contact keblock-bouton plein\" >\r\n\t\r\n\t\t\r\n\t<div class=\"block-content\">\t\r\n\t\t<a href=\"https:\/\/www.manorga.com\/de\/kontakt?objet=Unsere+Produkte+vertreiben\" target=\"\" class=\"uibt plein yellow\">\r\n\t\t<span class=\"bt-content\">Vertriebspartner werden<\/span>\r\n\t\t<span class=\"bt-picto\"><\/span>\r\n\t<\/a>\r\n\t\t<\/div>\r\n<\/div>\r\n    <\/div>\n<\/div>\n\n        \t<\/div>\r\n<\/div>\r\n    <\/div><\/div>\n","protected":false},"excerpt":{"rendered":"<p>Entdecken Sie unser Sortiment an gesicherten Lagerl\u00f6sungen \u2013 zum Schutz Ihrer Waren und Ihrer Arbeitsumgebung.<\/p>\n","protected":false},"author":1,"featured_media":2089,"parent":4409,"menu_order":0,"comment_status":"closed","ping_status":"closed","template":"template-page.php","meta":{"_acf_changed":false,"inline_featured_image":false,"footnotes":""},"class_list":["post-4421","page","type-page","status-publish","has-post-thumbnail","hentry"],"acf":[],"yoast_head":"<!-- This site is optimized with the Yoast SEO plugin v27.4 - https:\/\/yoast.com\/product\/yoast-seo-wordpress\/ -->\n<title>Unsere L\u00f6sungen f\u00fcr gesicherte Lagerung - Manorga<\/title>\n<meta name=\"description\" content=\"Entdecken Sie unser Sortiment an gesicherten Lagerl\u00f6sungen \u2013 zum Schutz Ihrer Waren und Ihrer Arbeitsumgebung.\" \/>\n<meta name=\"robots\" content=\"index, follow, max-snippet:-1, max-image-preview:large, max-video-preview:-1\" \/>\n<link rel=\"canonical\" href=\"https:\/\/www.manorga.com\/de\/produkte\/handhabung-sicherheit\" \/>\n<meta property=\"og:locale\" content=\"de_DE\" \/>\n<meta property=\"og:type\" content=\"article\" \/>\n<meta property=\"og:title\" content=\"Unsere L\u00f6sungen f\u00fcr gesicherte Lagerung - Manorga\" \/>\n<meta property=\"og:description\" content=\"Entdecken Sie unser Sortiment an gesicherten Lagerl\u00f6sungen \u2013 zum Schutz Ihrer Waren und Ihrer Arbeitsumgebung.\" \/>\n<meta property=\"og:url\" content=\"https:\/\/www.manorga.com\/de\/produkte\/handhabung-sicherheit\" \/>\n<meta property=\"og:site_name\" content=\"Manorga\" \/>\n<meta property=\"article:publisher\" content=\"https:\/\/www.facebook.com\/ManorgaFrance\/\" \/>\n<meta property=\"article:modified_time\" content=\"2025-03-31T07:41:33+00:00\" \/>\n<meta property=\"og:image\" content=\"https:\/\/www.manorga.com\/wp-content\/uploads\/2023\/04\/BND-PG-Manutention-securite.jpg\" \/>\n\t<meta property=\"og:image:width\" content=\"1920\" \/>\n\t<meta property=\"og:image:height\" content=\"1080\" \/>\n\t<meta property=\"og:image:type\" content=\"image\/jpeg\" \/>\n<meta name=\"twitter:card\" content=\"summary_large_image\" \/>\n<meta name=\"twitter:label1\" content=\"Gesch\u00e4tzte Lesezeit\" \/>\n\t<meta name=\"twitter:data1\" content=\"3\u00a0Minuten\" \/>\n<script type=\"application\/ld+json\" class=\"yoast-schema-graph\">{\"@context\":\"https:\\\/\\\/schema.org\",\"@graph\":[{\"@type\":\"WebPage\",\"@id\":\"https:\\\/\\\/www.manorga.com\\\/de\\\/produkte\\\/handhabung-sicherheit\",\"url\":\"https:\\\/\\\/www.manorga.com\\\/de\\\/produkte\\\/handhabung-sicherheit\",\"name\":\"Unsere L\u00f6sungen f\u00fcr gesicherte Lagerung - Manorga\",\"isPartOf\":{\"@id\":\"https:\\\/\\\/www.manorga.com\\\/de#website\"},\"primaryImageOfPage\":{\"@id\":\"https:\\\/\\\/www.manorga.com\\\/de\\\/produkte\\\/handhabung-sicherheit#primaryimage\"},\"image\":{\"@id\":\"https:\\\/\\\/www.manorga.com\\\/de\\\/produkte\\\/handhabung-sicherheit#primaryimage\"},\"thumbnailUrl\":\"https:\\\/\\\/www.manorga.com\\\/wp-content\\\/uploads\\\/2023\\\/04\\\/BND-PG-Manutention-securite.jpg\",\"datePublished\":\"2023-04-06T09:22:00+00:00\",\"dateModified\":\"2025-03-31T07:41:33+00:00\",\"description\":\"Entdecken Sie unser Sortiment an gesicherten Lagerl\u00f6sungen \u2013 zum Schutz Ihrer Waren und Ihrer Arbeitsumgebung.\",\"breadcrumb\":{\"@id\":\"https:\\\/\\\/www.manorga.com\\\/de\\\/produkte\\\/handhabung-sicherheit#breadcrumb\"},\"inLanguage\":\"de\",\"potentialAction\":[{\"@type\":\"ReadAction\",\"target\":[\"https:\\\/\\\/www.manorga.com\\\/de\\\/produkte\\\/handhabung-sicherheit\"]}]},{\"@type\":\"ImageObject\",\"inLanguage\":\"de\",\"@id\":\"https:\\\/\\\/www.manorga.com\\\/de\\\/produkte\\\/handhabung-sicherheit#primaryimage\",\"url\":\"https:\\\/\\\/www.manorga.com\\\/wp-content\\\/uploads\\\/2023\\\/04\\\/BND-PG-Manutention-securite.jpg\",\"contentUrl\":\"https:\\\/\\\/www.manorga.com\\\/wp-content\\\/uploads\\\/2023\\\/04\\\/BND-PG-Manutention-securite.jpg\",\"width\":1920,\"height\":1080,\"caption\":\"Arbeiter mit Hubwagen\"},{\"@type\":\"BreadcrumbList\",\"@id\":\"https:\\\/\\\/www.manorga.com\\\/de\\\/produkte\\\/handhabung-sicherheit#breadcrumb\",\"itemListElement\":[{\"@type\":\"ListItem\",\"position\":1,\"name\":\"Accueil\",\"item\":\"https:\\\/\\\/www.manorga.com\\\/de\"},{\"@type\":\"ListItem\",\"position\":2,\"name\":\"Produkte\",\"item\":\"https:\\\/\\\/www.manorga.com\\\/de\\\/produkte\"},{\"@type\":\"ListItem\",\"position\":3,\"name\":\"Handhabung und Sicherheit\"}]},{\"@type\":\"WebSite\",\"@id\":\"https:\\\/\\\/www.manorga.com\\\/de#website\",\"url\":\"https:\\\/\\\/www.manorga.com\\\/de\",\"name\":\"Manorga\",\"description\":\"\",\"publisher\":{\"@id\":\"https:\\\/\\\/www.manorga.com\\\/de#organization\"},\"alternateName\":\"MO\",\"potentialAction\":[{\"@type\":\"SearchAction\",\"target\":{\"@type\":\"EntryPoint\",\"urlTemplate\":\"https:\\\/\\\/www.manorga.com\\\/de?s={search_term_string}\"},\"query-input\":{\"@type\":\"PropertyValueSpecification\",\"valueRequired\":true,\"valueName\":\"search_term_string\"}}],\"inLanguage\":\"de\"},{\"@type\":\"Organization\",\"@id\":\"https:\\\/\\\/www.manorga.com\\\/de#organization\",\"name\":\"ManOrga\",\"alternateName\":\"MO\",\"url\":\"https:\\\/\\\/www.manorga.com\\\/de\",\"logo\":{\"@type\":\"ImageObject\",\"inLanguage\":\"de\",\"@id\":\"https:\\\/\\\/www.manorga.com\\\/de#\\\/schema\\\/logo\\\/image\\\/\",\"url\":\"https:\\\/\\\/www.manorga.com\\\/wp-content\\\/uploads\\\/2023\\\/06\\\/manorga-696x696-1.jpg\",\"contentUrl\":\"https:\\\/\\\/www.manorga.com\\\/wp-content\\\/uploads\\\/2023\\\/06\\\/manorga-696x696-1.jpg\",\"width\":696,\"height\":696,\"caption\":\"ManOrga\"},\"image\":{\"@id\":\"https:\\\/\\\/www.manorga.com\\\/de#\\\/schema\\\/logo\\\/image\\\/\"},\"sameAs\":[\"https:\\\/\\\/www.facebook.com\\\/ManorgaFrance\\\/\"]}]}<\/script>\n<!-- \/ Yoast SEO plugin. -->","yoast_head_json":{"title":"Unsere L\u00f6sungen f\u00fcr gesicherte Lagerung - Manorga","description":"Entdecken Sie unser Sortiment an gesicherten Lagerl\u00f6sungen \u2013 zum Schutz Ihrer Waren und Ihrer Arbeitsumgebung.","robots":{"index":"index","follow":"follow","max-snippet":"max-snippet:-1","max-image-preview":"max-image-preview:large","max-video-preview":"max-video-preview:-1"},"canonical":"https:\/\/www.manorga.com\/de\/produkte\/handhabung-sicherheit","og_locale":"de_DE","og_type":"article","og_title":"Unsere L\u00f6sungen f\u00fcr gesicherte Lagerung - Manorga","og_description":"Entdecken Sie unser Sortiment an gesicherten Lagerl\u00f6sungen \u2013 zum Schutz Ihrer Waren und Ihrer Arbeitsumgebung.","og_url":"https:\/\/www.manorga.com\/de\/produkte\/handhabung-sicherheit","og_site_name":"Manorga","article_publisher":"https:\/\/www.facebook.com\/ManorgaFrance\/","article_modified_time":"2025-03-31T07:41:33+00:00","og_image":[{"width":1920,"height":1080,"url":"https:\/\/www.manorga.com\/wp-content\/uploads\/2023\/04\/BND-PG-Manutention-securite.jpg","type":"image\/jpeg"}],"twitter_card":"summary_large_image","twitter_misc":{"Gesch\u00e4tzte Lesezeit":"3\u00a0Minuten"},"schema":{"@context":"https:\/\/schema.org","@graph":[{"@type":"WebPage","@id":"https:\/\/www.manorga.com\/de\/produkte\/handhabung-sicherheit","url":"https:\/\/www.manorga.com\/de\/produkte\/handhabung-sicherheit","name":"Unsere L\u00f6sungen f\u00fcr gesicherte Lagerung - Manorga","isPartOf":{"@id":"https:\/\/www.manorga.com\/de#website"},"primaryImageOfPage":{"@id":"https:\/\/www.manorga.com\/de\/produkte\/handhabung-sicherheit#primaryimage"},"image":{"@id":"https:\/\/www.manorga.com\/de\/produkte\/handhabung-sicherheit#primaryimage"},"thumbnailUrl":"https:\/\/www.manorga.com\/wp-content\/uploads\/2023\/04\/BND-PG-Manutention-securite.jpg","datePublished":"2023-04-06T09:22:00+00:00","dateModified":"2025-03-31T07:41:33+00:00","description":"Entdecken Sie unser Sortiment an gesicherten Lagerl\u00f6sungen \u2013 zum Schutz Ihrer Waren und Ihrer Arbeitsumgebung.","breadcrumb":{"@id":"https:\/\/www.manorga.com\/de\/produkte\/handhabung-sicherheit#breadcrumb"},"inLanguage":"de","potentialAction":[{"@type":"ReadAction","target":["https:\/\/www.manorga.com\/de\/produkte\/handhabung-sicherheit"]}]},{"@type":"ImageObject","inLanguage":"de","@id":"https:\/\/www.manorga.com\/de\/produkte\/handhabung-sicherheit#primaryimage","url":"https:\/\/www.manorga.com\/wp-content\/uploads\/2023\/04\/BND-PG-Manutention-securite.jpg","contentUrl":"https:\/\/www.manorga.com\/wp-content\/uploads\/2023\/04\/BND-PG-Manutention-securite.jpg","width":1920,"height":1080,"caption":"Arbeiter mit Hubwagen"},{"@type":"BreadcrumbList","@id":"https:\/\/www.manorga.com\/de\/produkte\/handhabung-sicherheit#breadcrumb","itemListElement":[{"@type":"ListItem","position":1,"name":"Accueil","item":"https:\/\/www.manorga.com\/de"},{"@type":"ListItem","position":2,"name":"Produkte","item":"https:\/\/www.manorga.com\/de\/produkte"},{"@type":"ListItem","position":3,"name":"Handhabung und Sicherheit"}]},{"@type":"WebSite","@id":"https:\/\/www.manorga.com\/de#website","url":"https:\/\/www.manorga.com\/de","name":"Manorga","description":"","publisher":{"@id":"https:\/\/www.manorga.com\/de#organization"},"alternateName":"MO","potentialAction":[{"@type":"SearchAction","target":{"@type":"EntryPoint","urlTemplate":"https:\/\/www.manorga.com\/de?s={search_term_string}"},"query-input":{"@type":"PropertyValueSpecification","valueRequired":true,"valueName":"search_term_string"}}],"inLanguage":"de"},{"@type":"Organization","@id":"https:\/\/www.manorga.com\/de#organization","name":"ManOrga","alternateName":"MO","url":"https:\/\/www.manorga.com\/de","logo":{"@type":"ImageObject","inLanguage":"de","@id":"https:\/\/www.manorga.com\/de#\/schema\/logo\/image\/","url":"https:\/\/www.manorga.com\/wp-content\/uploads\/2023\/06\/manorga-696x696-1.jpg","contentUrl":"https:\/\/www.manorga.com\/wp-content\/uploads\/2023\/06\/manorga-696x696-1.jpg","width":696,"height":696,"caption":"ManOrga"},"image":{"@id":"https:\/\/www.manorga.com\/de#\/schema\/logo\/image\/"},"sameAs":["https:\/\/www.facebook.com\/ManorgaFrance\/"]}]}},"_links":{"self":[{"href":"https:\/\/www.manorga.com\/de\/wp-json\/wp\/v2\/pages\/4421","targetHints":{"allow":["GET"]}}],"collection":[{"href":"https:\/\/www.manorga.com\/de\/wp-json\/wp\/v2\/pages"}],"about":[{"href":"https:\/\/www.manorga.com\/de\/wp-json\/wp\/v2\/types\/page"}],"author":[{"embeddable":true,"href":"https:\/\/www.manorga.com\/de\/wp-json\/wp\/v2\/users\/1"}],"replies":[{"embeddable":true,"href":"https:\/\/www.manorga.com\/de\/wp-json\/wp\/v2\/comments?post=4421"}],"version-history":[{"count":7,"href":"https:\/\/www.manorga.com\/de\/wp-json\/wp\/v2\/pages\/4421\/revisions"}],"predecessor-version":[{"id":8968,"href":"https:\/\/www.manorga.com\/de\/wp-json\/wp\/v2\/pages\/4421\/revisions\/8968"}],"up":[{"embeddable":true,"href":"https:\/\/www.manorga.com\/de\/wp-json\/wp\/v2\/pages\/4409"}],"wp:featuredmedia":[{"embeddable":true,"href":"https:\/\/www.manorga.com\/de\/wp-json\/wp\/v2\/media\/2089"}],"wp:attachment":[{"href":"https:\/\/www.manorga.com\/de\/wp-json\/wp\/v2\/media?parent=4421"}],"curies":[{"name":"wp","href":"https:\/\/api.w.org\/{rel}","templated":true}]}}