{"id":4778,"date":"2023-04-26T15:01:32","date_gmt":"2023-04-26T13:01:32","guid":{"rendered":"https:\/\/www.manorga.com\/mentions-legales"},"modified":"2023-06-30T17:57:55","modified_gmt":"2023-06-30T15:57:55","slug":"impressum","status":"publish","type":"page","link":"https:\/\/www.manorga.com\/de\/impressum","title":{"rendered":"Impressum"},"content":{"rendered":"<div  class=\"keblk keblk-v-align-top keblock-section-lame responsive is-padded  bg-none\"   style=\"\"  id=\"\">\r\n\t\r\n\t\t<div class=\"block-content\">\r\n                    \n\n<h1 class=\"wp-block-heading has-text-align-center\">Impressum<\/h1>\n\n        \t<\/div>\r\n<\/div>\r\n    \n\n<div  class=\"keblk keblk-v-align-top keblock-section-lame responsive is-padded  bg-none\"   style=\"\"  id=\"\">\r\n\t\r\n\t\t<div class=\"block-content\">\r\n                    \n<div  class=\"keblk keblk-v-align-top keblock-text\" >\r\n\t\r\n\t\t\r\n\t<div class=\"block-content\">\t\r\n        \t\n\n<h2 class=\"wp-block-heading style-3\">Pr\u00e4sentation der Website <\/h2>\n\n\n\n<p>Gem\u00e4\u00df Artikel 6 des franz\u00f6sischen Gesetzes Nr. 2004-575 vom 21. Juni 2004 (Vertrauen im digitalen Umfeld) wird den Nutzern der Website https:\/\/www.manorga.com die Identit\u00e4t der verschiedenen Beteiligten bei der Erstellung und Wartung dieser Website genannt:<\/p>\n\n\n\n<p><strong>Eigent\u00fcmer:<\/strong> <br>MAN ORGA S.A.S. mit einem Kapital von 926.400\u20ac <br>Parc d\u2019activit\u00e9 Roubaix Est<br>26 rue de Toufflers \u2013 BP 89 59452 Lys Lez Lannoy<br>59390 Lys-lez-Lannoy, Frankreich<\/p>\n\n\n\n<p>Telefon: +33 (0)3 20 81 82 90<\/p>\n\n\n\n<p>RCS&nbsp;Lille M\u00e9tropole : 710501107<\/p>\n\n\n\n<p>Umsatzsteuer-Identifikationsnummer: FR16710501107<\/p>\n\n\n\n<p><strong>Webentwicklung:<\/strong>\u00a0<a href=\"https:\/\/www.keblow.com\/\" target=\"_blank\" rel=\"noreferrer noopener\">Agence Keblow<\/a> <\/p>\n\n\n\n<p><strong>Verantwortliche f\u00fcr die Ver\u00f6ffentlichung: <\/strong>Marianne LAFOUTRY-GUILHEN <br>Die Verantwortliche f\u00fcr die Ver\u00f6ffentlichung ist eine nat\u00fcrliche oder juristische Person. <\/p>\n\n\n\n<p><strong>Hosting: <\/strong><br><a href=\"https:\/\/www.ovh.com\/fr\/support\/mentions-legales\/\" target=\"_blank\" rel=\"noreferrer noopener\">OVH SAS<\/a>: Firmensitz: 2 rue Kellermann \u2013 59100 Roubaix \u2013 Frankreich<br>Telefon:\u00a01007<\/p>\n\n\n\n<h2 class=\"wp-block-heading style-3\">Allgemeine Nutzungsbedigungen der Website und angebotenen Dienste<\/h2>\n\n\n\n<p>Die Nutzung der Website\u00a0<a href=\"http:\/\/www.manorga.com\/\">www.manorga.com<\/a>\u00a0setzt die vollst\u00e4ndige Annahme der folgenden allgemeinen Nutzungsbedingungen voraus. Diese Nutzungsbedingungen k\u00f6nnen jederzeit ge\u00e4ndert oder erg\u00e4nzt werden. Die Nutzer der Website <a href=\"http:\/\/www.manorga.com\/\">www.manorga.com<\/a>\u00a0sind daher angehalten, diese regelm\u00e4\u00dfig zu \u00fcberpr\u00fcfen.<\/p>\n\n\n\n<p>Diese Website ist unter normalen Umst\u00e4nden f\u00fcr die Nutzer jederzeit zug\u00e4nglich. Eine Unterbrechung zur technischen Wartung kann jedoch von\u00a0<a href=\"http:\/\/www.manorga.com\/\">www.manorga.com<\/a> beschlossen werden. Das Unternehmen verpflichtet sich dazu, den Nutzern vorab Datum und Uhrzeit einer solchen Ma\u00dfnahme bekannt zu geben.<\/p>\n\n\n\n<p>Die Website\u00a0<a href=\"http:\/\/www.manorga.com\/\">www.manorga.com<\/a>\u00a0wird regelm\u00e4\u00dfig aktualisiert. Gleicherma\u00dfen kann das Impressum jederzeit ge\u00e4ndert werden. Die Nutzer sind daher angehalten, dieses regelm\u00e4\u00dfig zu konsultieren, um von \u00c4nderungen Kenntnis zu erlangen.<\/p>\n\n\n\n<h2 class=\"wp-block-heading style-3\">Beschreibung des Leistungsumfangs<\/h2>\n\n\n\n<p>Die Website\u00a0<a href=\"http:\/\/www.manorga.com\/\">www.manorga.com<\/a>\u00a0dient der Bereitstellung von Informationen \u00fcber alle Aktivit\u00e4ten des Unternehmens.<\/p>\n\n\n\n<p>ManOrga ist bem\u00fcht, die Informationen auf der Website\u00a0<a href=\"http:\/\/www.manorga.com\/\">www.manorga.com<\/a>\u00a0so genau wie m\u00f6glich zu gestalten. Dennoch haftet ManOrga nicht f\u00fcr Auslassungen, Ungenauigkeiten oder Verz\u00f6gerungen bei der Aktualisierung, ob vom Unternehmen selber verursacht oder von Dritten, die die Informationen bereitstellen.<\/p>\n\n\n\n<p>Alle auf der Website\u00a0<a href=\"http:\/\/www.manorga.com\/\">www.manorga.com<\/a>\u00a0bereitgestellten Informationen sind unverbindlich und k\u00f6nnen sich \u00e4ndern. Ferner sind die Angaben auf der Website\u00a0<a href=\"http:\/\/www.manorga.com\/\">www.manorga.com<\/a>\u00a0nicht als ersch\u00f6pfend zu verstehen. Sie gelten vorbehaltlich \u00c4nderungen, die nach ihrer Ver\u00f6ffentlichung erfolgt sind.<\/p>\n\n\n\n<p>Die auf der Website\u00a0<a href=\"http:\/\/www.manorga.com\/\">www.manorga.com<\/a>\u00a0ver\u00f6ffentlichten Fotos und Bilder sind unverbindlich und berechtigen zu keinen Reklamationen bez\u00fcglich der gelieferten Produkte.<\/p>\n\n\n\n<h2 class=\"wp-block-heading style-3\">Geistiges Eigentum und F\u00e4lschungen<\/h2>\n\n\n\n<p>ManOrga ist Eigent\u00fcmerin der Rechte an geistigem Eigentum bzw. h\u00e4lt die Nutzungsrechte f\u00fcr alle auf der Website zug\u00e4nglichen Elemente, insbesondere Texte, Bilder, Grafiken, Logos, Symbole, Tonmaterialien und Software.<\/p>\n\n\n\n<p>Jede Vervielf\u00e4ltigung, Darstellung, \u00c4nderung, Ver\u00f6ffentlichung oder Bearbeitung der Website, ganz oder in Teilen, mit jeglichem Mittel oder Verfahren ist verboten, sofern keine vorherige schriftliche Genehmigung des Unternehmens vorliegt.<\/p>\n\n\n\n<p>Jede nicht genehmigte Verwertung der Website, ganz oder in Teilen, gilt als F\u00e4lschung und wird gem\u00e4\u00df den Bestimmungen der Artikel L.335-2 ff des franz\u00f6sischen Gesetzes \u00fcber geistiges Eigentum geahndet.<\/p>\n\n\n\n<h2 class=\"wp-block-heading style-3\">Verarbeitung personenbezogener Daten<\/h2>\n\n\n\n<p>In Frankreich sind personenbezogene Daten insbesondere durch das Gesetz Nr. 78-87 vom 6. Januar 1978, das Gesetz Nr. 2004-801 vom 6. August 2004, Artikel L. 226-13 des Strafgesetzbuchs sowie die einschl\u00e4gige EU-Richtlinie vom 24. Oktober 1995 gesch\u00fctzt.<br>Bei der Nutzung der Website <a href=\"http:\/\/www.manorga.com\/\">www.manorga.com<\/a> k\u00f6nnen folgende Daten erhoben werden: die URL der Links, \u00fcber die der Nutzer auf die Website\u00a0<a href=\"http:\/\/www.manorga.com\/\">www.manorga.com<\/a> zugegriffen hat, der Provider des Nutzers und die IP-Adresse des Nutzers.<\/p>\n\n\n\n<p>ManOrga erfasst unter keinen Umst\u00e4nden personenbezogene Daten des Nutzers, die f\u00fcr die auf der Website\u00a0<a href=\"http:\/\/www.manorga.com\/\">www.manorga.com<\/a> angebotenen Dienste nicht erforderlich sind.\u00a0<\/p>\n\n\n\n<p>Die Eingabe personenbezogener Daten stellt eine bewusste, aus freien St\u00fccken erfolgende Entscheidung des Nutzers dar. Der Nutzer wird an entsprechender Stelle auf der Website\u00a0<a href=\"http:\/\/www.manorga.com\/\">www.manorga.com<\/a>\u00a0dar\u00fcber informiert, welche Angaben verpflichtend sind.<br>Gem\u00e4\u00df den Artikeln 38 ff des franz\u00f6sischen Gesetzes Nr. 78-17 vom 6. Januar 1978 (Informatik, Dateien und Freiheiten) hat jeder Nutzer hinsichtlich seiner personenbezogenen Daten das Recht auf Auskunft, Berichtigung und Widerspruch. Entsprechende Antr\u00e4ge k\u00f6nnen in schriftlicher, unterzeichneter Form mit einer Kopie des Personalausweises (einschlie\u00dflich Unterschrift) und unter Angabe der gew\u00fcnschten Antwortadresse gestellt werden.<br>Unter keinen Umst\u00e4nden werden personenbezogene Daten der Nutzer der Website\u00a0<a href=\"http:\/\/www.manorga.com\/\">www.manorga.com<\/a>\u00a0ohne deren Einwilligung ver\u00f6ffentlicht oder auf einem wie auch immer gearteten Medium an Dritte weitergegeben, abgetreten oder verkauft. Nur im Falle einer \u00dcbernahme von ManOrga und seiner Rechte k\u00f6nnte es zu einer Weitergabe der personenbezogenen Daten der Nutzer von\u00a0<a href=\"http:\/\/www.manorga.com\/\">www.manorga.com<\/a> an den neuen Eigent\u00fcmer kommen. Dieser w\u00fcrde im Umgang mit den genannten Daten denselben Pflichten wie derzeit ManOrga unterliegen.<\/p>\n\n\n\n<h2 class=\"wp-block-heading style-3\">Haftungsbeschr\u00e4nkung<\/h2>\n\n\n\n<p>ManOrga haftet nicht f\u00fcr unmittelbare oder Folgesch\u00e4den an den Ger\u00e4ten des Nutzers durch den Zugriff auf www.manorga.com, die auf einen Programmierfehler, eine Inkompatibilit\u00e4t oder die Verwendung von Ger\u00e4ten, die nicht den unter Punkt 4 aufgef\u00fchrten Spezifikationen entsprechen, zur\u00fcckzuf\u00fchren sind.<\/p>\n\n\n\n<p>Ferner haftet ManOrga nicht f\u00fcr Folgesch\u00e4den gesch\u00e4ftlicher Art (beispielsweise entgangene Gesch\u00e4ftsabschl\u00fcsse) infolge der Verwendung der Website\u00a0<a href=\"http:\/\/www.manorga.com\/\">www.manorga.com<\/a>.<\/p>\n\n\n\n<p>Interaktive Bereiche stehen den Nutzern (beispielsweise im Bereich \u201eKontakt\u201c) zur Verf\u00fcgung. ManOrga beh\u00e4lt sich das Recht vor, dort eingebrachte Inhalte, die nicht den geltenden Gesetzen Frankreichs (insbesondere den Datenschutzbestimmungen) entsprechen, ohne Vorank\u00fcndigung zu entfernen. Gegebenenfalls bleibt es ManOrga auch vorbehalten, den Nutzer zivil- und\/oder strafrechtlich zu belangen, insbesondere im Falle von rassistischen, beleidigenden, diffamierenden oder pornografischen Inhalten in welcher Form auch immer (Text, Foto usw.).<\/p>\n\n\n\n<h2 class=\"wp-block-heading style-3\">Anwendbares Recht und Gerichtsstand<\/h2>\n\n\n\n<p>Jegliche Streitigkeiten im Zusammenhang mit der Nutzung der Website\u00a0<a href=\"http:\/\/www.manorga.com\/\">www.manorga.com<\/a>\u00a0unterliegen franz\u00f6sischem Recht. Zust\u00e4ndiger Gerichtsstand ist ausschlie\u00dflich Roubaix, Frankreich.<\/p>\n\n\r\n\t<\/div>\r\n<\/div>\r\n    \n        \t<\/div>\r\n<\/div>\r\n    ","protected":false},"excerpt":{"rendered":"","protected":false},"author":1,"featured_media":0,"parent":0,"menu_order":0,"comment_status":"closed","ping_status":"closed","template":"template-page-legal.php","meta":{"_acf_changed":false,"inline_featured_image":false,"footnotes":""},"class_list":["post-4778","page","type-page","status-publish","hentry"],"acf":[],"yoast_head":"<!-- This site is optimized with the Yoast SEO plugin v27.4 - https:\/\/yoast.com\/product\/yoast-seo-wordpress\/ -->\n<title>Impressum - Manorga<\/title>\n<meta name=\"robots\" content=\"index, follow, max-snippet:-1, max-image-preview:large, max-video-preview:-1\" \/>\n<link rel=\"canonical\" href=\"https:\/\/www.manorga.com\/de\/impressum\" \/>\n<meta property=\"og:locale\" content=\"de_DE\" \/>\n<meta property=\"og:type\" content=\"article\" \/>\n<meta property=\"og:title\" content=\"Impressum - Manorga\" \/>\n<meta property=\"og:url\" content=\"https:\/\/www.manorga.com\/de\/impressum\" \/>\n<meta property=\"og:site_name\" content=\"Manorga\" \/>\n<meta property=\"article:publisher\" content=\"https:\/\/www.facebook.com\/ManorgaFrance\/\" \/>\n<meta property=\"article:modified_time\" content=\"2023-06-30T15:57:55+00:00\" \/>\n<meta property=\"og:image\" content=\"https:\/\/www.manorga.com\/wp-content\/uploads\/2023\/06\/IMG-Manorga-RS-2.jpg\" \/>\n\t<meta property=\"og:image:width\" content=\"1200\" \/>\n\t<meta property=\"og:image:height\" content=\"675\" \/>\n\t<meta property=\"og:image:type\" content=\"image\/jpeg\" \/>\n<meta name=\"twitter:card\" content=\"summary_large_image\" \/>\n<meta name=\"twitter:label1\" content=\"Gesch\u00e4tzte Lesezeit\" \/>\n\t<meta name=\"twitter:data1\" content=\"5\u00a0Minuten\" \/>\n<script type=\"application\/ld+json\" class=\"yoast-schema-graph\">{\"@context\":\"https:\\\/\\\/schema.org\",\"@graph\":[{\"@type\":\"WebPage\",\"@id\":\"https:\\\/\\\/www.manorga.com\\\/de\\\/impressum\",\"url\":\"https:\\\/\\\/www.manorga.com\\\/de\\\/impressum\",\"name\":\"Impressum - Manorga\",\"isPartOf\":{\"@id\":\"https:\\\/\\\/www.manorga.com\\\/de#website\"},\"datePublished\":\"2023-04-26T13:01:32+00:00\",\"dateModified\":\"2023-06-30T15:57:55+00:00\",\"breadcrumb\":{\"@id\":\"https:\\\/\\\/www.manorga.com\\\/de\\\/impressum#breadcrumb\"},\"inLanguage\":\"de\",\"potentialAction\":[{\"@type\":\"ReadAction\",\"target\":[\"https:\\\/\\\/www.manorga.com\\\/de\\\/impressum\"]}]},{\"@type\":\"BreadcrumbList\",\"@id\":\"https:\\\/\\\/www.manorga.com\\\/de\\\/impressum#breadcrumb\",\"itemListElement\":[{\"@type\":\"ListItem\",\"position\":1,\"name\":\"Accueil\",\"item\":\"https:\\\/\\\/www.manorga.com\\\/de\"},{\"@type\":\"ListItem\",\"position\":2,\"name\":\"Impressum\"}]},{\"@type\":\"WebSite\",\"@id\":\"https:\\\/\\\/www.manorga.com\\\/de#website\",\"url\":\"https:\\\/\\\/www.manorga.com\\\/de\",\"name\":\"Manorga\",\"description\":\"\",\"publisher\":{\"@id\":\"https:\\\/\\\/www.manorga.com\\\/de#organization\"},\"alternateName\":\"MO\",\"potentialAction\":[{\"@type\":\"SearchAction\",\"target\":{\"@type\":\"EntryPoint\",\"urlTemplate\":\"https:\\\/\\\/www.manorga.com\\\/de?s={search_term_string}\"},\"query-input\":{\"@type\":\"PropertyValueSpecification\",\"valueRequired\":true,\"valueName\":\"search_term_string\"}}],\"inLanguage\":\"de\"},{\"@type\":\"Organization\",\"@id\":\"https:\\\/\\\/www.manorga.com\\\/de#organization\",\"name\":\"ManOrga\",\"alternateName\":\"MO\",\"url\":\"https:\\\/\\\/www.manorga.com\\\/de\",\"logo\":{\"@type\":\"ImageObject\",\"inLanguage\":\"de\",\"@id\":\"https:\\\/\\\/www.manorga.com\\\/de#\\\/schema\\\/logo\\\/image\\\/\",\"url\":\"https:\\\/\\\/www.manorga.com\\\/wp-content\\\/uploads\\\/2023\\\/06\\\/manorga-696x696-1.jpg\",\"contentUrl\":\"https:\\\/\\\/www.manorga.com\\\/wp-content\\\/uploads\\\/2023\\\/06\\\/manorga-696x696-1.jpg\",\"width\":696,\"height\":696,\"caption\":\"ManOrga\"},\"image\":{\"@id\":\"https:\\\/\\\/www.manorga.com\\\/de#\\\/schema\\\/logo\\\/image\\\/\"},\"sameAs\":[\"https:\\\/\\\/www.facebook.com\\\/ManorgaFrance\\\/\"]}]}<\/script>\n<!-- \/ Yoast SEO plugin. -->","yoast_head_json":{"title":"Impressum - Manorga","robots":{"index":"index","follow":"follow","max-snippet":"max-snippet:-1","max-image-preview":"max-image-preview:large","max-video-preview":"max-video-preview:-1"},"canonical":"https:\/\/www.manorga.com\/de\/impressum","og_locale":"de_DE","og_type":"article","og_title":"Impressum - Manorga","og_url":"https:\/\/www.manorga.com\/de\/impressum","og_site_name":"Manorga","article_publisher":"https:\/\/www.facebook.com\/ManorgaFrance\/","article_modified_time":"2023-06-30T15:57:55+00:00","og_image":[{"width":1200,"height":675,"url":"https:\/\/www.manorga.com\/wp-content\/uploads\/2023\/06\/IMG-Manorga-RS-2.jpg","type":"image\/jpeg"}],"twitter_card":"summary_large_image","twitter_misc":{"Gesch\u00e4tzte Lesezeit":"5\u00a0Minuten"},"schema":{"@context":"https:\/\/schema.org","@graph":[{"@type":"WebPage","@id":"https:\/\/www.manorga.com\/de\/impressum","url":"https:\/\/www.manorga.com\/de\/impressum","name":"Impressum - Manorga","isPartOf":{"@id":"https:\/\/www.manorga.com\/de#website"},"datePublished":"2023-04-26T13:01:32+00:00","dateModified":"2023-06-30T15:57:55+00:00","breadcrumb":{"@id":"https:\/\/www.manorga.com\/de\/impressum#breadcrumb"},"inLanguage":"de","potentialAction":[{"@type":"ReadAction","target":["https:\/\/www.manorga.com\/de\/impressum"]}]},{"@type":"BreadcrumbList","@id":"https:\/\/www.manorga.com\/de\/impressum#breadcrumb","itemListElement":[{"@type":"ListItem","position":1,"name":"Accueil","item":"https:\/\/www.manorga.com\/de"},{"@type":"ListItem","position":2,"name":"Impressum"}]},{"@type":"WebSite","@id":"https:\/\/www.manorga.com\/de#website","url":"https:\/\/www.manorga.com\/de","name":"Manorga","description":"","publisher":{"@id":"https:\/\/www.manorga.com\/de#organization"},"alternateName":"MO","potentialAction":[{"@type":"SearchAction","target":{"@type":"EntryPoint","urlTemplate":"https:\/\/www.manorga.com\/de?s={search_term_string}"},"query-input":{"@type":"PropertyValueSpecification","valueRequired":true,"valueName":"search_term_string"}}],"inLanguage":"de"},{"@type":"Organization","@id":"https:\/\/www.manorga.com\/de#organization","name":"ManOrga","alternateName":"MO","url":"https:\/\/www.manorga.com\/de","logo":{"@type":"ImageObject","inLanguage":"de","@id":"https:\/\/www.manorga.com\/de#\/schema\/logo\/image\/","url":"https:\/\/www.manorga.com\/wp-content\/uploads\/2023\/06\/manorga-696x696-1.jpg","contentUrl":"https:\/\/www.manorga.com\/wp-content\/uploads\/2023\/06\/manorga-696x696-1.jpg","width":696,"height":696,"caption":"ManOrga"},"image":{"@id":"https:\/\/www.manorga.com\/de#\/schema\/logo\/image\/"},"sameAs":["https:\/\/www.facebook.com\/ManorgaFrance\/"]}]}},"_links":{"self":[{"href":"https:\/\/www.manorga.com\/de\/wp-json\/wp\/v2\/pages\/4778","targetHints":{"allow":["GET"]}}],"collection":[{"href":"https:\/\/www.manorga.com\/de\/wp-json\/wp\/v2\/pages"}],"about":[{"href":"https:\/\/www.manorga.com\/de\/wp-json\/wp\/v2\/types\/page"}],"author":[{"embeddable":true,"href":"https:\/\/www.manorga.com\/de\/wp-json\/wp\/v2\/users\/1"}],"replies":[{"embeddable":true,"href":"https:\/\/www.manorga.com\/de\/wp-json\/wp\/v2\/comments?post=4778"}],"version-history":[{"count":3,"href":"https:\/\/www.manorga.com\/de\/wp-json\/wp\/v2\/pages\/4778\/revisions"}],"predecessor-version":[{"id":4930,"href":"https:\/\/www.manorga.com\/de\/wp-json\/wp\/v2\/pages\/4778\/revisions\/4930"}],"wp:attachment":[{"href":"https:\/\/www.manorga.com\/de\/wp-json\/wp\/v2\/media?parent=4778"}],"curies":[{"name":"wp","href":"https:\/\/api.w.org\/{rel}","templated":true}]}}