{"id":5707,"date":"2023-11-15T09:42:10","date_gmt":"2023-11-15T08:42:10","guid":{"rendered":"https:\/\/www.manorga.com\/?page_id=5707"},"modified":"2025-03-31T09:45:13","modified_gmt":"2025-03-31T07:45:13","slug":"strukturen-solaranlagen","status":"publish","type":"page","link":"https:\/\/www.manorga.com\/de\/produkte\/strukturen-solaranlagen","title":{"rendered":"Strukturen f\u00fcr Solaranlagen"},"content":{"rendered":"<div  class=\"keblk keblk-v-align-top keblock-section-lame-top-interne sans_encart\"   style=\"\"  >\r\n\t\r\n\t    <div class=\"wrap-bg\" style=\"background-image:url('https:\/\/www.manorga.com\/wp-content\/uploads\/2023\/11\/BND-PG-solaires-1.jpg');\"><\/div>\r\n    <\/div>\r\n<div class=\"site-breadcrumb wrap-resp\"><a href=\"https:\/\/www.manorga.com\/de\" class=\"bc-item bc-item_first\" title=\"Startseite\"><\/a><\/div>\r\n    \n\n<div  class=\"keblk keblk-v-align-top keblock-section-lame responsive is-padded  bg-none\"   style=\"\"  id=\"\">\r\n\t\r\n\t\t<div class=\"block-content\">\r\n                    \n<div  class=\"keblk keblk-v-align-top keblock-text\" >\r\n\t\r\n\t\t\r\n\t<div class=\"block-content\">\t\r\n        \t\n\n<h1 class=\"wp-block-heading\">Strukturen f\u00fcr Solaranlagen<\/h1>\n\n\n\n<p>Entdecken Sie unsere verschiedenen L\u00f6sungen<\/p>\n\n\r\n\t<\/div>\r\n<\/div>\r\n    \n\n<div  class=\"keblk keblk-v-align-top keblock-text\" >\r\n\t\r\n\t\t\r\n\t<div class=\"block-content\">\t\r\n        \t\t  <div class=\"elt-deco\"><\/div>\r\n        \t\n\n<h3 class=\"wp-block-heading\">ManOrga Solar: f\u00fcr Ihr Projekt<\/h3>\n\n\n\n<p>Wir gr\u00fcndeten ManOrga Solar, eine Tochtergesellschaft der ManOrga-Gruppe, um nachhaltige Solarl\u00f6sungen zu entwickeln, einschlie\u00dflich PV-Halterungen und Sonnenschirme, um eine gr\u00fcnere Zukunft aufzubauen. Unser Team, bestehend aus Spezialisten in den Bereichen Handel und F&amp;E, ist leidenschaftlich und aufmerksam auf Ihre Bed\u00fcrfnisse.<\/p>\n\n\r\n\t<\/div>\r\n<\/div>\r\n    \n\n\n<div style=\"height:49px\" aria-hidden=\"true\" class=\"wp-block-spacer\"><\/div>\n\n\n<div  class=\"keblk keblk-h-align-center keblk-v-align-top keblock-bouton plein\" >\r\n\t\r\n\t\t\r\n\t<div class=\"block-content\">\t\r\n\t\t<a href=\"https:\/\/www.manorgasolar.com\/en\" target=\"_blank\" class=\"uibt plein black\">\r\n\t\t<span class=\"bt-content\">Entdecken Sie ManOrga Solar, eine Tochtergesellschaft der ManOrga-Gruppe<\/span>\r\n\t\t<span class=\"bt-picto\"><\/span>\r\n\t<\/a>\r\n\t\t<\/div>\r\n<\/div>\r\n    \n        \t<\/div>\r\n<\/div>\r\n    \n\n<div  class=\"keblk keblk-v-align-top keblock-section-lame responsive is-padded  bg-none\"   style=\"\"  id=\"\">\r\n\t\r\n\t\t<div class=\"block-content\">\r\n                    \n\n<div class=\"wp-block-columns is-layout-flex wp-container-core-columns-is-layout-9d6595d7 wp-block-columns-is-layout-flex\">\n<div class=\"wp-block-column is-vertically-aligned-center is-layout-flow wp-block-column-is-layout-flow\"><div  class=\"keblk keblk-v-align-top keblock-multimedia type-img\" >\r\n\t\r\n\t\t<div class=\"block-content\"  style=\"aspect-ratio:16\/9\" >\t\r\n        <div class=\"visu-bg\" style=\"background-image:url('https:\/\/www.manorga.com\/wp-content\/uploads\/2023\/11\/PDT-ombriere-simple-01.jpg');\"><\/div>\r\n\t\t<!-- CONTENT -->\r\n\t\t            \t\t\t\t\r\n\t\t\r\n\t<\/div>\r\n<\/div>\r\n    <\/div>\n\n\n\n<div class=\"wp-block-column is-vertically-aligned-center is-layout-flow wp-block-column-is-layout-flow\"><div  class=\"keblk keblk-v-align-top keblock-text\" >\r\n\t\r\n\t\t\r\n\t<div class=\"block-content\">\t\r\n        \t\t  <div class=\"elt-deco\"><\/div>\r\n        \t\n\n<h2 class=\"wp-block-heading\">Solar-Carports<\/h2>\n\n\n\n<p>Mit unserem Sortiment an Solar-Carports k\u00f6nnen Sie schnell eine nachhaltige L\u00f6sung f\u00fcr Solaranlagen auf Ihren Au\u00dfenparkpl\u00e4tzen installieren.<\/p>\n\n\n<div  class=\"keblk keblk-v-align-top keblock-bouton plein\" >\r\n\t\r\n\t\t\r\n\t<div class=\"block-content\">\t\r\n\t\t<a href=\"https:\/\/www.manorgasolar.com\/en\/nos-solutions\" target=\"_blank\" class=\"uibt plein yellow\">\r\n\t\t<span class=\"bt-content\">Mehr erfahren<\/span>\r\n\t\t<span class=\"bt-picto\"><\/span>\r\n\t<\/a>\r\n\t\t<\/div>\r\n<\/div>\r\n    \n\r\n\t<\/div>\r\n<\/div>\r\n    <\/div>\n<\/div>\n\n        \t<\/div>\r\n<\/div>\r\n    \n\n<div  class=\"keblk keblk-v-align-top keblock-section-lame responsive is-padded  bg-none\"   style=\"\"  id=\"\">\r\n\t\r\n\t\t<div class=\"block-content\">\r\n                    \n\n<div class=\"wp-block-columns is-layout-flex wp-container-core-columns-is-layout-9d6595d7 wp-block-columns-is-layout-flex\">\n<div class=\"wp-block-column is-vertically-aligned-center is-layout-flow wp-block-column-is-layout-flow\"><div  class=\"keblk keblk-v-align-top keblock-text\" >\r\n\t\r\n\t\t\r\n\t<div class=\"block-content\">\t\r\n        \t\t  <div class=\"elt-deco\"><\/div>\r\n        \t\n\n<h2 class=\"wp-block-heading\">Montagesysteme f\u00fcr Solarpaneele<\/h2>\n\n\n\n<p>Unsere Montagesysteme f\u00fcr Solarpaneele k\u00f6nnen vollst\u00e4ndig an individuelle Bed\u00fcrfnisse angepasst werden und sind schnell montiert.<\/p>\n\n\n<div  class=\"keblk keblk-v-align-top keblock-bouton plein\" >\r\n\t\r\n\t\t\r\n\t<div class=\"block-content\">\t\r\n\t\t<a href=\"https:\/\/www.manorgasolar.com\/en\/nos-solutions\" target=\"_blank\" class=\"uibt plein yellow\">\r\n\t\t<span class=\"bt-content\">Mehr erfahren<\/span>\r\n\t\t<span class=\"bt-picto\"><\/span>\r\n\t<\/a>\r\n\t\t<\/div>\r\n<\/div>\r\n    \n\r\n\t<\/div>\r\n<\/div>\r\n    <\/div>\n\n\n\n<div class=\"wp-block-column is-vertically-aligned-center is-layout-flow wp-block-column-is-layout-flow\"><div  class=\"keblk keblk-v-align-top keblock-multimedia type-img\" >\r\n\t\r\n\t\t<div class=\"block-content\"  style=\"aspect-ratio:16\/9\" >\t\r\n        <div class=\"visu-bg\" style=\"background-image:url('https:\/\/www.manorga.com\/wp-content\/uploads\/2023\/11\/PDT-panneaux-01.jpg');\"><\/div>\r\n\t\t<!-- CONTENT -->\r\n\t\t            \t\t\t\t\r\n\t\t\r\n\t<\/div>\r\n<\/div>\r\n    <\/div>\n<\/div>\n\n        \t<\/div>\r\n<\/div>\r\n    \n\n<div  class=\"keblk keblk-v-align-top keblock-section-lame responsive is-padded  bg-none\"   style=\"\"  id=\"\">\r\n\t\r\n\t\t<div class=\"block-content\">\r\n                    \n\n<div class=\"wp-block-columns is-layout-flex wp-container-core-columns-is-layout-9d6595d7 wp-block-columns-is-layout-flex\">\n<div class=\"wp-block-column is-vertically-aligned-center is-layout-flow wp-block-column-is-layout-flow\"><div  class=\"keblk keblk-v-align-top keblock-multimedia type-img\" >\r\n\t\r\n\t\t<div class=\"block-content\"  style=\"aspect-ratio:16\/9\" >\t\r\n        <div class=\"visu-bg\" style=\"background-image:url('https:\/\/www.manorga.com\/wp-content\/uploads\/2025\/03\/5.jpg');\"><\/div>\r\n\t\t<!-- CONTENT -->\r\n\t\t            \t\t\t\t\r\n\t\t\r\n\t<\/div>\r\n<\/div>\r\n    <\/div>\n\n\n\n<div class=\"wp-block-column is-vertically-aligned-center is-layout-flow wp-block-column-is-layout-flow\"><div  class=\"keblk keblk-v-align-top keblock-text\" >\r\n\t\r\n\t\t\r\n\t<div class=\"block-content\">\t\r\n        \t\t  <div class=\"elt-deco\"><\/div>\r\n        \t\n\n<h2 class=\"wp-block-heading\">Kraftwerk am Boden<\/h2>\n\n\n\n<p>Unser Sortiment an Bodenkraftwerken ist eine robuste und optimierte L\u00f6sung f\u00fcr die Installation von gro\u00dfen Photovoltaikmodulen. Sie ist mit verschiedenen Bodenverbindungssystemen kompatibel.<\/p>\n\n\n<div  class=\"keblk keblk-v-align-top keblock-bouton plein\" >\r\n\t\r\n\t\t\r\n\t<div class=\"block-content\">\t\r\n\t\t<a href=\"https:\/\/www.manorgasolar.com\/en\/nos-solutions\" target=\"_blank\" class=\"uibt plein yellow\">\r\n\t\t<span class=\"bt-content\">Mehr erfahren<\/span>\r\n\t\t<span class=\"bt-picto\"><\/span>\r\n\t<\/a>\r\n\t\t<\/div>\r\n<\/div>\r\n    \n\r\n\t<\/div>\r\n<\/div>\r\n    <\/div>\n<\/div>\n\n        \t<\/div>\r\n<\/div>\r\n    \n\n<div  class=\"keblk keblk-v-align-top keblock-section-lame responsive is-padded  bg-none\"   style=\"\"  id=\"\">\r\n\t\r\n\t\t<div class=\"block-content\">\r\n                    \n<div  class=\"keblk keblk-v-align-top keblock-text padded bg-color bg-color-\" >\r\n\t\r\n\t\t\r\n\t<div class=\"block-content\">\t\r\n        \t\n\n<h3 class=\"wp-block-heading has-text-align-center\">ERG\u00c4NZEN SIE IHRE ANLAGEN<\/h3>\n\n\r\n\t<\/div>\r\n<\/div>\r\n    \n        \t<\/div>\r\n<\/div>\r\n    \n\n<div  class=\"keblk keblk-v-align-top keblock-section-lame responsive is-padded  bg-none\"   style=\"\"  id=\"\">\r\n\t\r\n\t\t<div class=\"block-content\">\r\n                    \n\n<div class=\"wp-block-columns is-layout-flex wp-container-core-columns-is-layout-9d6595d7 wp-block-columns-is-layout-flex\">\n<div class=\"wp-block-column is-vertically-aligned-center is-layout-flow wp-block-column-is-layout-flow\"><div  class=\"keblk keblk-v-align-top keblock-text\" >\r\n\t\r\n\t\t\r\n\t<div class=\"block-content\">\t\r\n        \t\t  <div class=\"elt-deco\"><\/div>\r\n        \t\n\n<h2 class=\"wp-block-heading\">Unterst\u00fctzung f\u00fcr Wechselrichter<\/h2>\n\n\n\n<p>Kompatibel mit Wechselrichtern bis 120 kg. Sein Ballast erm\u00f6glicht eine Verlegung auf einem flachen Dach oder auf dem Boden ohne Verankerung.<\/p>\n\n\n<div  class=\"keblk keblk-v-align-top keblock-bouton plein\" >\r\n\t\r\n\t\t\r\n\t<div class=\"block-content\">\t\r\n\t\t<a href=\"https:\/\/www.manorgasolar.com\/en\/nos-solutions\" target=\"_blank\" class=\"uibt plein yellow\">\r\n\t\t<span class=\"bt-content\">Mehr erfahren<\/span>\r\n\t\t<span class=\"bt-picto\"><\/span>\r\n\t<\/a>\r\n\t\t<\/div>\r\n<\/div>\r\n    \n\r\n\t<\/div>\r\n<\/div>\r\n    <\/div>\n\n\n\n<div class=\"wp-block-column is-vertically-aligned-center is-layout-flow wp-block-column-is-layout-flow\"><div  class=\"keblk keblk-v-align-top keblock-multimedia type-img\" >\r\n\t\r\n\t\t<div class=\"block-content\"  style=\"aspect-ratio:16\/9\" >\t\r\n        <div class=\"visu-bg\" style=\"background-image:url('https:\/\/www.manorga.com\/wp-content\/uploads\/2025\/03\/08-10-2330.jpg');\"><\/div>\r\n\t\t<!-- CONTENT -->\r\n\t\t            \t\t\t\t\r\n\t\t\r\n\t<\/div>\r\n<\/div>\r\n    <\/div>\n<\/div>\n\n        \t<\/div>\r\n<\/div>\r\n    \n\n<div  class=\"keblk keblk-v-align-top keblock-section-lame responsive is-padded  bg-none\"   style=\"\"  id=\"\">\r\n\t\r\n\t\t<div class=\"block-content\">\r\n                    \n\n<div class=\"wp-block-columns is-layout-flex wp-container-core-columns-is-layout-9d6595d7 wp-block-columns-is-layout-flex\">\n<div class=\"wp-block-column is-vertically-aligned-center is-layout-flow wp-block-column-is-layout-flow\"><div  class=\"keblk keblk-v-align-top keblock-multimedia type-img\" >\r\n\t\r\n\t\t<div class=\"block-content\"  style=\"aspect-ratio:16\/9\" >\t\r\n        <div class=\"visu-bg\" style=\"background-image:url('https:\/\/www.manorga.com\/wp-content\/uploads\/2023\/11\/PDT-ombriere-simple-01.jpg');\"><\/div>\r\n\t\t<!-- CONTENT -->\r\n\t\t            \t\t\t\t\r\n\t\t\r\n\t<\/div>\r\n<\/div>\r\n    <\/div>\n\n\n\n<div class=\"wp-block-column is-vertically-aligned-center is-layout-flow wp-block-column-is-layout-flow\"><div  class=\"keblk keblk-v-align-top keblock-text\" >\r\n\t\r\n\t\t\r\n\t<div class=\"block-content\">\t\r\n        \t\t  <div class=\"elt-deco\"><\/div>\r\n        \t\n\n<h2 class=\"wp-block-heading\">Halterung f\u00fcr Ladestation<\/h2>\n\n\n\n<p>Entworfen und hergestellt in Frankreich, verbindet diese Halterung Robustheit und Einfachheit f\u00fcr Ihre elektrischen Ladestationen.<\/p>\n\n\n<div  class=\"keblk keblk-v-align-top keblock-bouton plein\" >\r\n\t\r\n\t\t\r\n\t<div class=\"block-content\">\t\r\n\t\t<a href=\"https:\/\/www.manorgasolar.com\/en\/nos-solutions\" target=\"_blank\" class=\"uibt plein yellow\">\r\n\t\t<span class=\"bt-content\">Mehr erfahren<\/span>\r\n\t\t<span class=\"bt-picto\"><\/span>\r\n\t<\/a>\r\n\t\t<\/div>\r\n<\/div>\r\n    \n\r\n\t<\/div>\r\n<\/div>\r\n    <\/div>\n<\/div>\n\n        \t<\/div>\r\n<\/div>\r\n    \n\n\n<div class=\"wp-block-group\"><div class=\"wp-block-group__inner-container is-layout-constrained wp-block-group-is-layout-constrained\">\n<hr class=\"wp-block-separator has-text-color has-alpha-channel-opacity has-background\" style=\"background-color:#d2d2d2;color:#d2d2d2\"\/>\n\n\n<div  class=\"keblk keblk-v-align-top no-min-height center-mobile bottom_produit keblock-section-lame responsive is-padded  bg-none\"   style=\"\"  id=\"\">\r\n\t\r\n\t\t<div class=\"block-content\">\r\n                    \n\n<div class=\"wp-block-columns is-layout-flex wp-container-core-columns-is-layout-9d6595d7 wp-block-columns-is-layout-flex\">\n<div class=\"wp-block-column is-vertically-aligned-center is-layout-flow wp-block-column-is-layout-flow\" style=\"flex-basis:60%\">\n<h2 class=\"wp-block-heading\"><span class=\"texte-jaune\">Interessiert am Vertrieb<\/span><br>unserer Produkte?<\/h2>\n<\/div>\n\n\n\n<div class=\"wp-block-column is-vertically-aligned-center is-layout-flow wp-block-column-is-layout-flow\" style=\"flex-basis:40%\"><div  class=\"keblk keblk-h-align-right keblk-v-align-top margin-top-mobile contact keblock-bouton plein\" >\r\n\t\r\n\t\t\r\n\t<div class=\"block-content\">\t\r\n\t\t<a href=\"https:\/\/www.manorgasolar.com\/en\/contact\" target=\"_blank\" class=\"uibt plein yellow\">\r\n\t\t<span class=\"bt-content\">Vertriebspartner werden<\/span>\r\n\t\t<span class=\"bt-picto\"><\/span>\r\n\t<\/a>\r\n\t\t<\/div>\r\n<\/div>\r\n    <\/div>\n<\/div>\n\n        \t<\/div>\r\n<\/div>\r\n    <\/div><\/div>\n","protected":false},"excerpt":{"rendered":"<p>Unser Sortiment an Strukturen f\u00fcr Solar-Carports und Solaranlagen<\/p>\n","protected":false},"author":1,"featured_media":5712,"parent":4409,"menu_order":0,"comment_status":"closed","ping_status":"closed","template":"template-page.php","meta":{"_acf_changed":false,"inline_featured_image":false,"footnotes":""},"class_list":["post-5707","page","type-page","status-publish","has-post-thumbnail","hentry"],"acf":[],"yoast_head":"<!-- This site is optimized with the Yoast SEO plugin v27.4 - https:\/\/yoast.com\/product\/yoast-seo-wordpress\/ -->\n<title>Strukturen f\u00fcr Solaranlagen - Manorga<\/title>\n<meta name=\"description\" content=\"Discover our range of solar panel mounts and photovoltaic shades.\" \/>\n<meta name=\"robots\" content=\"index, follow, max-snippet:-1, max-image-preview:large, max-video-preview:-1\" \/>\n<link rel=\"canonical\" href=\"https:\/\/www.manorga.com\/de\/produkte\/strukturen-solaranlagen\" \/>\n<meta property=\"og:locale\" content=\"de_DE\" \/>\n<meta property=\"og:type\" content=\"article\" \/>\n<meta property=\"og:title\" content=\"Strukturen f\u00fcr Solaranlagen - Manorga\" \/>\n<meta property=\"og:description\" content=\"Discover our range of solar panel mounts and photovoltaic shades.\" \/>\n<meta property=\"og:url\" content=\"https:\/\/www.manorga.com\/de\/produkte\/strukturen-solaranlagen\" \/>\n<meta property=\"og:site_name\" content=\"Manorga\" \/>\n<meta property=\"article:publisher\" content=\"https:\/\/www.facebook.com\/ManorgaFrance\/\" \/>\n<meta property=\"article:modified_time\" content=\"2025-03-31T07:45:13+00:00\" \/>\n<meta property=\"og:image\" content=\"https:\/\/www.manorga.com\/wp-content\/uploads\/2023\/11\/BND-PG-solaires-1.jpg\" \/>\n\t<meta property=\"og:image:width\" content=\"1920\" \/>\n\t<meta property=\"og:image:height\" content=\"1080\" \/>\n\t<meta property=\"og:image:type\" content=\"image\/jpeg\" \/>\n<meta name=\"twitter:card\" content=\"summary_large_image\" \/>\n<meta name=\"twitter:label1\" content=\"Gesch\u00e4tzte Lesezeit\" \/>\n\t<meta name=\"twitter:data1\" content=\"2\u00a0Minuten\" \/>\n<script type=\"application\/ld+json\" class=\"yoast-schema-graph\">{\"@context\":\"https:\\\/\\\/schema.org\",\"@graph\":[{\"@type\":\"WebPage\",\"@id\":\"https:\\\/\\\/www.manorga.com\\\/de\\\/produkte\\\/strukturen-solaranlagen\",\"url\":\"https:\\\/\\\/www.manorga.com\\\/de\\\/produkte\\\/strukturen-solaranlagen\",\"name\":\"Strukturen f\u00fcr Solaranlagen - Manorga\",\"isPartOf\":{\"@id\":\"https:\\\/\\\/www.manorga.com\\\/de#website\"},\"primaryImageOfPage\":{\"@id\":\"https:\\\/\\\/www.manorga.com\\\/de\\\/produkte\\\/strukturen-solaranlagen#primaryimage\"},\"image\":{\"@id\":\"https:\\\/\\\/www.manorga.com\\\/de\\\/produkte\\\/strukturen-solaranlagen#primaryimage\"},\"thumbnailUrl\":\"https:\\\/\\\/www.manorga.com\\\/wp-content\\\/uploads\\\/2023\\\/11\\\/BND-PG-solaires-1.jpg\",\"datePublished\":\"2023-11-15T08:42:10+00:00\",\"dateModified\":\"2025-03-31T07:45:13+00:00\",\"description\":\"Discover our range of solar panel mounts and photovoltaic shades.\",\"breadcrumb\":{\"@id\":\"https:\\\/\\\/www.manorga.com\\\/de\\\/produkte\\\/strukturen-solaranlagen#breadcrumb\"},\"inLanguage\":\"de\",\"potentialAction\":[{\"@type\":\"ReadAction\",\"target\":[\"https:\\\/\\\/www.manorga.com\\\/de\\\/produkte\\\/strukturen-solaranlagen\"]}]},{\"@type\":\"ImageObject\",\"inLanguage\":\"de\",\"@id\":\"https:\\\/\\\/www.manorga.com\\\/de\\\/produkte\\\/strukturen-solaranlagen#primaryimage\",\"url\":\"https:\\\/\\\/www.manorga.com\\\/wp-content\\\/uploads\\\/2023\\\/11\\\/BND-PG-solaires-1.jpg\",\"contentUrl\":\"https:\\\/\\\/www.manorga.com\\\/wp-content\\\/uploads\\\/2023\\\/11\\\/BND-PG-solaires-1.jpg\",\"width\":1920,\"height\":1080,\"caption\":\"Installation von Sonnenkollektoren\"},{\"@type\":\"BreadcrumbList\",\"@id\":\"https:\\\/\\\/www.manorga.com\\\/de\\\/produkte\\\/strukturen-solaranlagen#breadcrumb\",\"itemListElement\":[{\"@type\":\"ListItem\",\"position\":1,\"name\":\"Accueil\",\"item\":\"https:\\\/\\\/www.manorga.com\\\/de\"},{\"@type\":\"ListItem\",\"position\":2,\"name\":\"Produkte\",\"item\":\"https:\\\/\\\/www.manorga.com\\\/de\\\/produkte\"},{\"@type\":\"ListItem\",\"position\":3,\"name\":\"Strukturen f\u00fcr Solaranlagen\"}]},{\"@type\":\"WebSite\",\"@id\":\"https:\\\/\\\/www.manorga.com\\\/de#website\",\"url\":\"https:\\\/\\\/www.manorga.com\\\/de\",\"name\":\"Manorga\",\"description\":\"\",\"publisher\":{\"@id\":\"https:\\\/\\\/www.manorga.com\\\/de#organization\"},\"alternateName\":\"MO\",\"potentialAction\":[{\"@type\":\"SearchAction\",\"target\":{\"@type\":\"EntryPoint\",\"urlTemplate\":\"https:\\\/\\\/www.manorga.com\\\/de?s={search_term_string}\"},\"query-input\":{\"@type\":\"PropertyValueSpecification\",\"valueRequired\":true,\"valueName\":\"search_term_string\"}}],\"inLanguage\":\"de\"},{\"@type\":\"Organization\",\"@id\":\"https:\\\/\\\/www.manorga.com\\\/de#organization\",\"name\":\"ManOrga\",\"alternateName\":\"MO\",\"url\":\"https:\\\/\\\/www.manorga.com\\\/de\",\"logo\":{\"@type\":\"ImageObject\",\"inLanguage\":\"de\",\"@id\":\"https:\\\/\\\/www.manorga.com\\\/de#\\\/schema\\\/logo\\\/image\\\/\",\"url\":\"https:\\\/\\\/www.manorga.com\\\/wp-content\\\/uploads\\\/2023\\\/06\\\/manorga-696x696-1.jpg\",\"contentUrl\":\"https:\\\/\\\/www.manorga.com\\\/wp-content\\\/uploads\\\/2023\\\/06\\\/manorga-696x696-1.jpg\",\"width\":696,\"height\":696,\"caption\":\"ManOrga\"},\"image\":{\"@id\":\"https:\\\/\\\/www.manorga.com\\\/de#\\\/schema\\\/logo\\\/image\\\/\"},\"sameAs\":[\"https:\\\/\\\/www.facebook.com\\\/ManorgaFrance\\\/\"]}]}<\/script>\n<!-- \/ Yoast SEO plugin. -->","yoast_head_json":{"title":"Strukturen f\u00fcr Solaranlagen - Manorga","description":"Discover our range of solar panel mounts and photovoltaic shades.","robots":{"index":"index","follow":"follow","max-snippet":"max-snippet:-1","max-image-preview":"max-image-preview:large","max-video-preview":"max-video-preview:-1"},"canonical":"https:\/\/www.manorga.com\/de\/produkte\/strukturen-solaranlagen","og_locale":"de_DE","og_type":"article","og_title":"Strukturen f\u00fcr Solaranlagen - Manorga","og_description":"Discover our range of solar panel mounts and photovoltaic shades.","og_url":"https:\/\/www.manorga.com\/de\/produkte\/strukturen-solaranlagen","og_site_name":"Manorga","article_publisher":"https:\/\/www.facebook.com\/ManorgaFrance\/","article_modified_time":"2025-03-31T07:45:13+00:00","og_image":[{"width":1920,"height":1080,"url":"https:\/\/www.manorga.com\/wp-content\/uploads\/2023\/11\/BND-PG-solaires-1.jpg","type":"image\/jpeg"}],"twitter_card":"summary_large_image","twitter_misc":{"Gesch\u00e4tzte Lesezeit":"2\u00a0Minuten"},"schema":{"@context":"https:\/\/schema.org","@graph":[{"@type":"WebPage","@id":"https:\/\/www.manorga.com\/de\/produkte\/strukturen-solaranlagen","url":"https:\/\/www.manorga.com\/de\/produkte\/strukturen-solaranlagen","name":"Strukturen f\u00fcr Solaranlagen - Manorga","isPartOf":{"@id":"https:\/\/www.manorga.com\/de#website"},"primaryImageOfPage":{"@id":"https:\/\/www.manorga.com\/de\/produkte\/strukturen-solaranlagen#primaryimage"},"image":{"@id":"https:\/\/www.manorga.com\/de\/produkte\/strukturen-solaranlagen#primaryimage"},"thumbnailUrl":"https:\/\/www.manorga.com\/wp-content\/uploads\/2023\/11\/BND-PG-solaires-1.jpg","datePublished":"2023-11-15T08:42:10+00:00","dateModified":"2025-03-31T07:45:13+00:00","description":"Discover our range of solar panel mounts and photovoltaic shades.","breadcrumb":{"@id":"https:\/\/www.manorga.com\/de\/produkte\/strukturen-solaranlagen#breadcrumb"},"inLanguage":"de","potentialAction":[{"@type":"ReadAction","target":["https:\/\/www.manorga.com\/de\/produkte\/strukturen-solaranlagen"]}]},{"@type":"ImageObject","inLanguage":"de","@id":"https:\/\/www.manorga.com\/de\/produkte\/strukturen-solaranlagen#primaryimage","url":"https:\/\/www.manorga.com\/wp-content\/uploads\/2023\/11\/BND-PG-solaires-1.jpg","contentUrl":"https:\/\/www.manorga.com\/wp-content\/uploads\/2023\/11\/BND-PG-solaires-1.jpg","width":1920,"height":1080,"caption":"Installation von Sonnenkollektoren"},{"@type":"BreadcrumbList","@id":"https:\/\/www.manorga.com\/de\/produkte\/strukturen-solaranlagen#breadcrumb","itemListElement":[{"@type":"ListItem","position":1,"name":"Accueil","item":"https:\/\/www.manorga.com\/de"},{"@type":"ListItem","position":2,"name":"Produkte","item":"https:\/\/www.manorga.com\/de\/produkte"},{"@type":"ListItem","position":3,"name":"Strukturen f\u00fcr Solaranlagen"}]},{"@type":"WebSite","@id":"https:\/\/www.manorga.com\/de#website","url":"https:\/\/www.manorga.com\/de","name":"Manorga","description":"","publisher":{"@id":"https:\/\/www.manorga.com\/de#organization"},"alternateName":"MO","potentialAction":[{"@type":"SearchAction","target":{"@type":"EntryPoint","urlTemplate":"https:\/\/www.manorga.com\/de?s={search_term_string}"},"query-input":{"@type":"PropertyValueSpecification","valueRequired":true,"valueName":"search_term_string"}}],"inLanguage":"de"},{"@type":"Organization","@id":"https:\/\/www.manorga.com\/de#organization","name":"ManOrga","alternateName":"MO","url":"https:\/\/www.manorga.com\/de","logo":{"@type":"ImageObject","inLanguage":"de","@id":"https:\/\/www.manorga.com\/de#\/schema\/logo\/image\/","url":"https:\/\/www.manorga.com\/wp-content\/uploads\/2023\/06\/manorga-696x696-1.jpg","contentUrl":"https:\/\/www.manorga.com\/wp-content\/uploads\/2023\/06\/manorga-696x696-1.jpg","width":696,"height":696,"caption":"ManOrga"},"image":{"@id":"https:\/\/www.manorga.com\/de#\/schema\/logo\/image\/"},"sameAs":["https:\/\/www.facebook.com\/ManorgaFrance\/"]}]}},"_links":{"self":[{"href":"https:\/\/www.manorga.com\/de\/wp-json\/wp\/v2\/pages\/5707","targetHints":{"allow":["GET"]}}],"collection":[{"href":"https:\/\/www.manorga.com\/de\/wp-json\/wp\/v2\/pages"}],"about":[{"href":"https:\/\/www.manorga.com\/de\/wp-json\/wp\/v2\/types\/page"}],"author":[{"embeddable":true,"href":"https:\/\/www.manorga.com\/de\/wp-json\/wp\/v2\/users\/1"}],"replies":[{"embeddable":true,"href":"https:\/\/www.manorga.com\/de\/wp-json\/wp\/v2\/comments?post=5707"}],"version-history":[{"count":9,"href":"https:\/\/www.manorga.com\/de\/wp-json\/wp\/v2\/pages\/5707\/revisions"}],"predecessor-version":[{"id":8972,"href":"https:\/\/www.manorga.com\/de\/wp-json\/wp\/v2\/pages\/5707\/revisions\/8972"}],"up":[{"embeddable":true,"href":"https:\/\/www.manorga.com\/de\/wp-json\/wp\/v2\/pages\/4409"}],"wp:featuredmedia":[{"embeddable":true,"href":"https:\/\/www.manorga.com\/de\/wp-json\/wp\/v2\/media\/5712"}],"wp:attachment":[{"href":"https:\/\/www.manorga.com\/de\/wp-json\/wp\/v2\/media?parent=5707"}],"curies":[{"name":"wp","href":"https:\/\/api.w.org\/{rel}","templated":true}]}}