{"id":8547,"date":"2025-01-13T10:02:39","date_gmt":"2025-01-13T09:02:39","guid":{"rendered":"https:\/\/www.manorga.com\/notre-plaquette-use\/use-mobilite-durable"},"modified":"2025-11-13T11:37:56","modified_gmt":"2025-11-13T10:37:56","slug":"csr-nachhaltige-mobilitaet","status":"publish","type":"page","link":"https:\/\/www.manorga.com\/de\/unsere-csr-broschuere\/csr-nachhaltige-mobilitaet","title":{"rendered":"CSR Nachhaltige Mobilit\u00e4t"},"content":{"rendered":"<div  class=\"keblk keblk-v-align-center keblock-section-lame-top-interne\"   style=\"\"  >\r\n\t\r\n\t    <div class=\"wrap-bg\" style=\"background-image:url('https:\/\/www.manorga.com\/wp-content\/uploads\/2025\/01\/AMI_pageUSE.jpg');\"><\/div>\r\n            <div class=\"wrap-bandeau\">\r\n            <div class=\"block-content bg-color bg-color-black\">\t\r\n                <h1 class=\"title_top\">Nachhaltige Mobilit\u00e4t<\/h1>\r\n                <p class=\"subtitle_top style-4\">Reduzierung der CO2-Belastung mit umweltfreundlichen Transportmitteln<\/p>\r\n            <\/div>\r\n        <\/div>\r\n    <\/div>\r\n<div class=\"site-breadcrumb wrap-resp\"><a href=\"https:\/\/www.manorga.com\/de\" class=\"bc-item bc-item_first\" title=\"Startseite\"><\/a><\/div>\r\n    \n\n<div  class=\"keblk blkuid-7 keblk-v-align-top keblock-section-lame-multicol responsive is-padded bg-none nbcol-2\"   style=\"\"  >\r\n\r\n\t\t<div class=\"block-content\">\r\n\t    \n<div  class=\"keblk keblk-v-align-top keblock-conteneur\"   style=\"padding:0px\"  >\r\n\t\r\n\t\t\r\n\t<div class=\"block-content\">\t\r\n\t\n<div  class=\"keblk keblk-v-align-top keblock-multimedia type-img\" >\r\n\t\r\n\t\t<div class=\"block-content\"  style=\"aspect-ratio:16\/9\" >\t\r\n        <div class=\"visu-bg\" style=\"background-image:url('https:\/\/www.manorga.com\/wp-content\/uploads\/2024\/10\/P1030569.jpg');\"><\/div>\r\n\t\t<!-- CONTENT -->\r\n\t\t            \t\t\t\t\r\n\t\t\r\n\t<\/div>\r\n<\/div>\r\n    \n\n\n<div style=\"height:20px\" aria-hidden=\"true\" class=\"wp-block-spacer\"><\/div>\n\n\n\n<p class=\"has-text-align-center\"><em><em><em><em>Initiative f\u00fcr die Fahrradkultur \u201eMai \u00e0 V\u00e9lo\u201c \u2013 27\/05\/24<\/em><\/em><\/em><\/em><\/p>\n\n\r\n\t<\/div>\r\n<\/div>\r\n    \n\n<div  class=\"keblk keblk-v-align-top keblock-conteneur\"   style=\"padding:0px\"  >\r\n\t\r\n\t\t\r\n\t<div class=\"block-content\">\t\r\n\t\n<div  class=\"keblk keblk-v-align-top keblock-multimedia type-img\" >\r\n\t\r\n\t\t<div class=\"block-content\"  style=\"aspect-ratio:16\/9\" >\t\r\n        <div class=\"visu-bg\" style=\"background-image:url('https:\/\/www.manorga.com\/wp-content\/uploads\/2024\/10\/P1030793-e1731058172639.jpg');\"><\/div>\r\n\t\t<!-- CONTENT -->\r\n\t\t            \t\t\t\t\r\n\t\t\r\n\t<\/div>\r\n<\/div>\r\n    \n\n\n<div style=\"height:20px\" aria-hidden=\"true\" class=\"wp-block-spacer\"><\/div>\n\n\n\n<p class=\"has-text-align-center\"><em><em><em><em>Einer unserer 4 Citro\u00ebn AMI (Standort Lys-lez-Lannoy) \u2013 19\/06\/24<\/em><\/em><\/em><\/em><\/p>\n\n\r\n\t<\/div>\r\n<\/div>\r\n    \n\r\n\t<\/div>\r\n<\/div>\r\n    \n\n<div  class=\"keblk keblk-v-align-top keblock-section-lame responsive is-padded  bg-color bg-color-black\"   style=\"\"  id=\"\">\r\n\t\r\n\t\t<div class=\"block-content\">\r\n                    \n<div  class=\"keblk keblk-v-align-top keblock-text\" >\r\n\t\r\n\t\t\r\n\t<div class=\"block-content\">\t\r\n        \t\t  <div class=\"elt-deco\"><\/div>\r\n        \t\n\n<h2 class=\"wp-block-heading\">Nachhaltige Mobilit\u00e4t f\u00f6rdern, um unseren CO<sub>2<\/sub>-Fu\u00dfabdruck zu verringern<\/h2>\n\n\n\n<p class=\"has-medium-font-size\">Der Warentransport und die Bef\u00f6rderung unseres Personals stellen die zweitgr\u00f6\u00dfte Emissionsquelle in unserer Aktivit\u00e4t dar. Daher setzen wir uns daf\u00fcr ein, unsere Mobilit\u00e4t nachhaltiger zu gestalten, indem wir unsere Produkte insbesondere per Zug transportieren und unseren Besch\u00e4ftigten E-Autos (Citro\u00ebn Ami) zur Verf\u00fcgung stellen.<\/p>\n\n\r\n\t<\/div>\r\n<\/div>\r\n    \n        \t<\/div>\r\n<\/div>\r\n    \n\n<div  class=\"keblk keblk-v-align-top keblock-section-lame responsive is-padded  bg-none\"   style=\"\"  id=\"\">\r\n\t\r\n\t\t<div class=\"block-content\">\r\n                    \n<div  class=\"keblk keblk-v-align-top keblock-text\" >\r\n\t\r\n\t\t\r\n\t<div class=\"block-content\">\t\r\n        \t\n\n<h2 class=\"wp-block-heading\">Ziel Nr. 1<strong> : Unseren Kunden eine nachhaltigere Lieferalternative bieten<\/strong><\/h2>\n\n\n\n<p class=\"has-medium-font-size\"><strong><mark style=\"background-color:rgba(0, 0, 0, 0)\" class=\"has-inline-color has-luminous-vivid-amber-color\">Transportstrecken per Zug<\/mark><\/strong> f\u00fcr unsere Waren<\/p>\n\n\r\n\t<\/div>\r\n<\/div>\r\n    \n\n\n<div class=\"wp-block-columns is-layout-flex wp-container-core-columns-is-layout-9d6595d7 wp-block-columns-is-layout-flex\">\n<div class=\"wp-block-column is-layout-flow wp-block-column-is-layout-flow\"><div  class=\"keblk keblk-v-align-top keblock-multimedia type-img\" >\r\n\t\r\n\t\t<div class=\"block-content\"  style=\"aspect-ratio:4\/2\" >\t\r\n        <div class=\"visu-bg\" style=\"background-image:url('https:\/\/www.manorga.com\/wp-content\/uploads\/2025\/01\/Copie-de-5-1000-x-1000-px-17.png');\"><\/div>\r\n\t\t<!-- CONTENT -->\r\n\t\t            \t\t\t\t\r\n\t\t\r\n\t<\/div>\r\n<\/div>\r\n    <\/div>\n\n\n\n<div class=\"wp-block-column is-layout-flow wp-block-column-is-layout-flow\"><div  class=\"keblk keblk-v-align-top keblock-multimedia type-img\" >\r\n\t\r\n\t\t<div class=\"block-content\"  style=\"aspect-ratio:4\/2\" >\t\r\n        <div class=\"visu-bg\" style=\"background-image:url('https:\/\/www.manorga.com\/wp-content\/uploads\/2025\/01\/85-000-km-.png');\"><\/div>\r\n\t\t<!-- CONTENT -->\r\n\t\t            \t\t\t\t\r\n\t\t\r\n\t<\/div>\r\n<\/div>\r\n    <\/div>\n\n\n\n<div class=\"wp-block-column is-layout-flow wp-block-column-is-layout-flow\"><div  class=\"keblk keblk-v-align-top keblock-multimedia type-img\" >\r\n\t\r\n\t\t<div class=\"block-content\"  style=\"aspect-ratio:4\/2\" >\t\r\n        <div class=\"visu-bg\" style=\"background-image:url('https:\/\/www.manorga.com\/wp-content\/uploads\/2024\/11\/MD-OB-1-3.png');\"><\/div>\r\n\t\t<!-- CONTENT -->\r\n\t\t            \t\t\t\t\r\n\t\t\r\n\t<\/div>\r\n<\/div>\r\n    <\/div>\n<\/div>\n\n        \t<\/div>\r\n<\/div>\r\n    \n\n<div  class=\"keblk keblk-v-align-top keblock-section-lame responsive is-padded  bg-none\"   style=\"\"  id=\"\">\r\n\t\r\n\t\t<div class=\"block-content\">\r\n                    \n<div  class=\"keblk keblk-v-align-top keblock-text\" >\r\n\t\r\n\t\t\r\n\t<div class=\"block-content\">\t\r\n        \t\t  <div class=\"elt-deco\"><\/div>\r\n        \t\n\n<h3 class=\"wp-block-heading\">Erfahrungsberichte :<\/h3>\n\n\r\n\t<\/div>\r\n<\/div>\r\n    \n\n\n<div class=\"wp-block-columns is-layout-flex wp-container-core-columns-is-layout-9d6595d7 wp-block-columns-is-layout-flex\">\n<div class=\"wp-block-column is-layout-flow wp-block-column-is-layout-flow\"><div  class=\"keblk keblk-v-align-top keblock-multimedia type-img\" >\r\n\t\r\n\t\t<div class=\"block-content\"  style=\"aspect-ratio:1\/1\" >\t\r\n        <div class=\"visu-bg\" style=\"background-image:url('https:\/\/www.manorga.com\/wp-content\/uploads\/2025\/01\/Photo_Sophie-plaquette_USE.jpg');\"><\/div>\r\n\t\t<!-- CONTENT -->\r\n\t\t            \t\t\t\t\r\n\t\t\r\n\t<\/div>\r\n<\/div>\r\n    <\/div>\n\n\n\n<div class=\"wp-block-column is-layout-flow wp-block-column-is-layout-flow\"><div  class=\"keblk keblk-v-align-top keblock-text\" >\r\n\t\r\n\t\t\r\n\t<div class=\"block-content\">\t\r\n        \t\t  <div class=\"elt-deco\"><\/div>\r\n        \t\n\n<p><em><em>\u201eDer Transport unserer Waren ist ein integraler Bestandteil unseres Wertangebots. Die Lieferung stellt auch die direkte, ganz konkrete Verbindung zu unseren Kunden dar. Seit Anfang 2024 testen wir die Eisenbahnachse Lille-Marseille auf die M\u00f6glichkeit, ihnen eine nachhaltigere Lieferalternative anzubieten. Eine Zugfahrt erzeugt 75&nbsp;% weniger Treibhausgasemissionen als eine Lkw-Fahrt! Dies ist ein starker Wille unsererseits. Er ist Teil des umfassenderen Ziels, unseren Lieferservice zu verbessern.\u201c<\/em><\/em><\/p>\n\n\n\n<p><strong>Sophie Baudry, <strong>Leiterin Marketing, Innovation &amp; CSR<\/strong><\/strong><\/p>\n\n\r\n\t<\/div>\r\n<\/div>\r\n    <\/div>\n<\/div>\n\n        \t<\/div>\r\n<\/div>\r\n    \n\n<div  class=\"keblk keblk-v-align-top keblock-section-lame responsive is-padded  bg-none\"   style=\"\"  id=\"\">\r\n\t\r\n\t\t<div class=\"block-content\">\r\n                    \n\n<div class=\"wp-block-columns is-layout-flex wp-container-core-columns-is-layout-9d6595d7 wp-block-columns-is-layout-flex\">\n<div class=\"wp-block-column is-layout-flow wp-block-column-is-layout-flow\"><div  class=\"keblk keblk-v-align-top keblock-multimedia type-img\" >\r\n\t\r\n\t\t<div class=\"block-content\"  style=\"aspect-ratio:1\/1\" >\t\r\n        <div class=\"visu-bg\" style=\"background-image:url('https:\/\/www.manorga.com\/wp-content\/uploads\/2024\/12\/08-10-3318.jpg');\"><\/div>\r\n\t\t<!-- CONTENT -->\r\n\t\t            \t\t\t\t\r\n\t\t\r\n\t<\/div>\r\n<\/div>\r\n    <\/div>\n\n\n\n<div class=\"wp-block-column is-layout-flow wp-block-column-is-layout-flow\"><div  class=\"keblk keblk-v-align-top keblock-text\" >\r\n\t\r\n\t\t\r\n\t<div class=\"block-content\">\t\r\n        \t\t  <div class=\"elt-deco\"><\/div>\r\n        \t\n\n<p><em>\u201eBei ManOrga sind wir entschlossen, unseren CO<sub>2<\/sub>-Fu\u00dfabdruck zu verringern, indem wir uns bei der Lieferung unserer Produkte f\u00fcr den Bahntransport entscheiden. Wenn wir weniger Lkws einsetzen, k\u00f6nnen wir unsere Treibhausgasemissionen um 74&nbsp;% senken, dabei unsere Kosten unter Kontrolle halten und weiterhin einen hochwertigen Service anbieten.<\/em><\/p>\n\n\n\n<p><em>F\u00fcr Abholungen und Lieferungen auf der letzten Meile greifen wir auf Lkws zur\u00fcck, die mit alternativen Kraftstoffen wie Bio-NGV oder Strom fahren. Dar\u00fcber hinaus erkunden wir im Rahmen unserer Vision \u201eNEO\u201c dezentrale Lagerl\u00f6sungen auf nationaler und internationaler Ebene, um unsere CO<sub>2<\/sub>-Belastung noch weiter zu senken.<\/em><\/p>\n\n\n\n<p><em>Unser Ziel ist klar : Wir wollen diese Initiativen dauerhaft als Herzst\u00fcck unseres Unternehmens integrieren.\u201c<\/em><\/p>\n\n\n\n<p><strong>Samuel Hessel, <strong>Projektleiter Transport<\/strong><\/strong><\/p>\n\n\r\n\t<\/div>\r\n<\/div>\r\n    <\/div>\n<\/div>\n\n        \t<\/div>\r\n<\/div>\r\n    \n\n<div  class=\"keblk keblk-v-align-top keblock-section-lame responsive is-padded  bg-none\"   style=\"\"  id=\"\">\r\n\t\r\n\t\t<div class=\"block-content\">\r\n                    \n<div  class=\"keblk keblk-v-align-top keblock-text\" >\r\n\t\r\n\t\t\r\n\t<div class=\"block-content\">\t\r\n        \t\n\n<h2 class=\"wp-block-heading\">Ziel Nr. 2<strong> : Intern verantwortungsvollere Transportarten f\u00f6rdern<\/strong><\/h2>\n\n\r\n\t<\/div>\r\n<\/div>\r\n    \n\n\n<div class=\"wp-block-columns is-layout-flex wp-container-core-columns-is-layout-9d6595d7 wp-block-columns-is-layout-flex\">\n<div class=\"wp-block-column is-layout-flow wp-block-column-is-layout-flow\"><div  class=\"keblk keblk-v-align-top keblock-multimedia type-montage\" >\r\n\t\r\n\t\t<div class=\"block-content\"  style=\"aspect-ratio:1\/1\" >\t\r\n        <div class=\"visu-bg\" style=\"\"><\/div>\r\n\t\t<!-- CONTENT -->\r\n\t\t            \t\t\t\t\r\n\t\t\t\t<div class=\"montage-media nbimg-2 horizontal\"><div class=\"imgcell img-1\" style=\"background-image: url('https:\/\/www.manorga.com\/wp-content\/uploads\/2025\/01\/Copie-de-5-1000-x-1000-px-18.png');\"><\/div><div class=\"imgcell img-2\" style=\"background-image: url('https:\/\/www.manorga.com\/wp-content\/uploads\/2025\/01\/Copie-de-5-1000-x-1000-px-19.png');\"><\/div><\/div>\r\n\t\t\r\n\t<\/div>\r\n<\/div>\r\n    <\/div>\n\n\n\n<div class=\"wp-block-column is-layout-flow wp-block-column-is-layout-flow\"><div  class=\"keblk keblk-v-align-top keblock-multimedia type-montage\" >\r\n\t\r\n\t\t<div class=\"block-content\"  style=\"aspect-ratio:1\/1\" >\t\r\n        <div class=\"visu-bg\" style=\"\"><\/div>\r\n\t\t<!-- CONTENT -->\r\n\t\t            \t\t\t\t\r\n\t\t\t\t<div class=\"montage-media nbimg-2 horizontal\"><div class=\"imgcell img-1\" style=\"background-image: url('https:\/\/www.manorga.com\/wp-content\/uploads\/2025\/01\/Copie-de-5-1000-x-1000-px-20.png');\"><\/div><div class=\"imgcell img-2\" style=\"background-image: url('https:\/\/www.manorga.com\/wp-content\/uploads\/2025\/01\/Copie-de-5-1000-x-1000-px-21.png');\"><\/div><\/div>\r\n\t\t\r\n\t<\/div>\r\n<\/div>\r\n    <\/div>\n<\/div>\n\n        \t<\/div>\r\n<\/div>\r\n    \n\n<div  class=\"keblk keblk-v-align-top keblock-section-lame responsive is-padded  bg-none\"   style=\"\"  id=\"\">\r\n\t\r\n\t\t<div class=\"block-content\">\r\n                    \n<div  class=\"keblk keblk-v-align-top keblock-text\" >\r\n\t\r\n\t\t\r\n\t<div class=\"block-content\">\t\r\n        \t\t  <div class=\"elt-deco\"><\/div>\r\n        \t\n\n<h3 class=\"wp-block-heading\">Erfahrungsberichte :<\/h3>\n\n\r\n\t<\/div>\r\n<\/div>\r\n    \n\n\n<div class=\"wp-block-columns is-layout-flex wp-container-core-columns-is-layout-9d6595d7 wp-block-columns-is-layout-flex\">\n<div class=\"wp-block-column is-layout-flow wp-block-column-is-layout-flow\"><div  class=\"keblk keblk-v-align-top keblock-multimedia type-img\" >\r\n\t\r\n\t\t<div class=\"block-content\"  style=\"aspect-ratio:1\/1\" >\t\r\n        <div class=\"visu-bg\" style=\"background-image:url('https:\/\/www.manorga.com\/wp-content\/uploads\/2025\/11\/Photo_Nathalie.jpg');\"><\/div>\r\n\t\t<!-- CONTENT -->\r\n\t\t            \t\t\t\t\r\n\t\t\r\n\t<\/div>\r\n<\/div>\r\n    \n\n<div  class=\"keblk keblk-v-align-top keblock-text\" >\r\n\t\r\n\t\t\r\n\t<div class=\"block-content\">\t\r\n        \t\n\n<p><em>Nathalie, eine Liebhaberin der Diskretion, hat der KI die Aufgabe anvertraut, sie zu vertreten.<\/em><\/p>\n\n\r\n\t<\/div>\r\n<\/div>\r\n    <\/div>\n\n\n\n<div class=\"wp-block-column is-layout-flow wp-block-column-is-layout-flow\"><div  class=\"keblk keblk-v-align-top keblock-text\" >\r\n\t\r\n\t\t\r\n\t<div class=\"block-content\">\t\r\n        \t\t  <div class=\"elt-deco\"><\/div>\r\n        \t\n\n<p><em><em>\u201eIch bin seit vielen Jahren eine begeisterte Mitfahrerin: Als ich zum ersten Mal als Passagierin davon profitiert habe, war ich noch Studentin in Deutschland\u2026 das ist schon lange her! Bei ManOrga ist es eine Praxis, von der wir jeden Tag h\u00f6ren. Wir teilen unser Fahrzeug mit anderen Kollegen und lernen uns kennen, w\u00e4hrend wir gleichzeitig die Treibhausgasemissionen reduzieren und Platz auf den Stra\u00dfen schaffen, die in der Metropolregion stark belastet sind.\u201c<\/em><\/em><\/p>\n\n\n\n<p><strong>Nathalie Coche, <strong>Innendienst-Verk\u00e4uferin Europa<\/strong><\/strong><\/p>\n\n\r\n\t<\/div>\r\n<\/div>\r\n    <\/div>\n<\/div>\n\n        \t<\/div>\r\n<\/div>\r\n    \n\n\n<p><\/p>\n","protected":false},"excerpt":{"rendered":"","protected":false},"author":13,"featured_media":0,"parent":8675,"menu_order":0,"comment_status":"closed","ping_status":"closed","template":"","meta":{"_acf_changed":false,"inline_featured_image":false,"footnotes":""},"class_list":["post-8547","page","type-page","status-publish","hentry"],"acf":[],"yoast_head":"<!-- This site is optimized with the Yoast SEO plugin v27.5 - https:\/\/yoast.com\/product\/yoast-seo-wordpress\/ -->\n<title>CSR Nachhaltige Mobilit\u00e4t - Manorga<\/title>\n<meta name=\"robots\" content=\"index, follow, max-snippet:-1, max-image-preview:large, max-video-preview:-1\" \/>\n<link rel=\"canonical\" href=\"https:\/\/www.manorga.com\/de\/unsere-csr-broschuere\/csr-nachhaltige-mobilitaet\" \/>\n<meta property=\"og:locale\" content=\"de_DE\" \/>\n<meta property=\"og:type\" content=\"article\" \/>\n<meta property=\"og:title\" content=\"CSR Nachhaltige Mobilit\u00e4t - Manorga\" \/>\n<meta property=\"og:url\" content=\"https:\/\/www.manorga.com\/de\/unsere-csr-broschuere\/csr-nachhaltige-mobilitaet\" \/>\n<meta property=\"og:site_name\" content=\"Manorga\" \/>\n<meta property=\"article:publisher\" content=\"https:\/\/www.facebook.com\/ManorgaFrance\/\" \/>\n<meta property=\"article:modified_time\" content=\"2025-11-13T10:37:56+00:00\" \/>\n<meta property=\"og:image\" content=\"https:\/\/www.manorga.com\/wp-content\/uploads\/2023\/06\/IMG-Manorga-RS-2.jpg\" \/>\n\t<meta property=\"og:image:width\" content=\"1200\" \/>\n\t<meta property=\"og:image:height\" content=\"675\" \/>\n\t<meta property=\"og:image:type\" content=\"image\/jpeg\" \/>\n<meta name=\"twitter:card\" content=\"summary_large_image\" \/>\n<meta name=\"twitter:label1\" content=\"Gesch\u00e4tzte Lesezeit\" \/>\n\t<meta name=\"twitter:data1\" content=\"2\u00a0Minuten\" \/>\n<script type=\"application\/ld+json\" class=\"yoast-schema-graph\">{\"@context\":\"https:\\\/\\\/schema.org\",\"@graph\":[{\"@type\":\"WebPage\",\"@id\":\"https:\\\/\\\/www.manorga.com\\\/de\\\/unsere-csr-broschuere\\\/csr-nachhaltige-mobilitaet\",\"url\":\"https:\\\/\\\/www.manorga.com\\\/de\\\/unsere-csr-broschuere\\\/csr-nachhaltige-mobilitaet\",\"name\":\"CSR Nachhaltige Mobilit\u00e4t - Manorga\",\"isPartOf\":{\"@id\":\"https:\\\/\\\/www.manorga.com\\\/de#website\"},\"datePublished\":\"2025-01-13T09:02:39+00:00\",\"dateModified\":\"2025-11-13T10:37:56+00:00\",\"breadcrumb\":{\"@id\":\"https:\\\/\\\/www.manorga.com\\\/de\\\/unsere-csr-broschuere\\\/csr-nachhaltige-mobilitaet#breadcrumb\"},\"inLanguage\":\"de\",\"potentialAction\":[{\"@type\":\"ReadAction\",\"target\":[\"https:\\\/\\\/www.manorga.com\\\/de\\\/unsere-csr-broschuere\\\/csr-nachhaltige-mobilitaet\"]}]},{\"@type\":\"BreadcrumbList\",\"@id\":\"https:\\\/\\\/www.manorga.com\\\/de\\\/unsere-csr-broschuere\\\/csr-nachhaltige-mobilitaet#breadcrumb\",\"itemListElement\":[{\"@type\":\"ListItem\",\"position\":1,\"name\":\"Accueil\",\"item\":\"https:\\\/\\\/www.manorga.com\\\/de\"},{\"@type\":\"ListItem\",\"position\":2,\"name\":\"Unsere CSR-Brosch\u00fcre\",\"item\":\"https:\\\/\\\/www.manorga.com\\\/de\\\/unsere-csr-broschuere\"},{\"@type\":\"ListItem\",\"position\":3,\"name\":\"CSR Nachhaltige Mobilit\u00e4t\"}]},{\"@type\":\"WebSite\",\"@id\":\"https:\\\/\\\/www.manorga.com\\\/de#website\",\"url\":\"https:\\\/\\\/www.manorga.com\\\/de\",\"name\":\"Manorga\",\"description\":\"\",\"publisher\":{\"@id\":\"https:\\\/\\\/www.manorga.com\\\/de#organization\"},\"alternateName\":\"MO\",\"potentialAction\":[{\"@type\":\"SearchAction\",\"target\":{\"@type\":\"EntryPoint\",\"urlTemplate\":\"https:\\\/\\\/www.manorga.com\\\/de?s={search_term_string}\"},\"query-input\":{\"@type\":\"PropertyValueSpecification\",\"valueRequired\":true,\"valueName\":\"search_term_string\"}}],\"inLanguage\":\"de\"},{\"@type\":\"Organization\",\"@id\":\"https:\\\/\\\/www.manorga.com\\\/de#organization\",\"name\":\"ManOrga\",\"alternateName\":\"MO\",\"url\":\"https:\\\/\\\/www.manorga.com\\\/de\",\"logo\":{\"@type\":\"ImageObject\",\"inLanguage\":\"de\",\"@id\":\"https:\\\/\\\/www.manorga.com\\\/de#\\\/schema\\\/logo\\\/image\\\/\",\"url\":\"https:\\\/\\\/www.manorga.com\\\/wp-content\\\/uploads\\\/2023\\\/06\\\/manorga-696x696-1.jpg\",\"contentUrl\":\"https:\\\/\\\/www.manorga.com\\\/wp-content\\\/uploads\\\/2023\\\/06\\\/manorga-696x696-1.jpg\",\"width\":696,\"height\":696,\"caption\":\"ManOrga\"},\"image\":{\"@id\":\"https:\\\/\\\/www.manorga.com\\\/de#\\\/schema\\\/logo\\\/image\\\/\"},\"sameAs\":[\"https:\\\/\\\/www.facebook.com\\\/ManorgaFrance\\\/\"]}]}<\/script>\n<!-- \/ Yoast SEO plugin. -->","yoast_head_json":{"title":"CSR Nachhaltige Mobilit\u00e4t - Manorga","robots":{"index":"index","follow":"follow","max-snippet":"max-snippet:-1","max-image-preview":"max-image-preview:large","max-video-preview":"max-video-preview:-1"},"canonical":"https:\/\/www.manorga.com\/de\/unsere-csr-broschuere\/csr-nachhaltige-mobilitaet","og_locale":"de_DE","og_type":"article","og_title":"CSR Nachhaltige Mobilit\u00e4t - Manorga","og_url":"https:\/\/www.manorga.com\/de\/unsere-csr-broschuere\/csr-nachhaltige-mobilitaet","og_site_name":"Manorga","article_publisher":"https:\/\/www.facebook.com\/ManorgaFrance\/","article_modified_time":"2025-11-13T10:37:56+00:00","og_image":[{"width":1200,"height":675,"url":"https:\/\/www.manorga.com\/wp-content\/uploads\/2023\/06\/IMG-Manorga-RS-2.jpg","type":"image\/jpeg"}],"twitter_card":"summary_large_image","twitter_misc":{"Gesch\u00e4tzte Lesezeit":"2\u00a0Minuten"},"schema":{"@context":"https:\/\/schema.org","@graph":[{"@type":"WebPage","@id":"https:\/\/www.manorga.com\/de\/unsere-csr-broschuere\/csr-nachhaltige-mobilitaet","url":"https:\/\/www.manorga.com\/de\/unsere-csr-broschuere\/csr-nachhaltige-mobilitaet","name":"CSR Nachhaltige Mobilit\u00e4t - Manorga","isPartOf":{"@id":"https:\/\/www.manorga.com\/de#website"},"datePublished":"2025-01-13T09:02:39+00:00","dateModified":"2025-11-13T10:37:56+00:00","breadcrumb":{"@id":"https:\/\/www.manorga.com\/de\/unsere-csr-broschuere\/csr-nachhaltige-mobilitaet#breadcrumb"},"inLanguage":"de","potentialAction":[{"@type":"ReadAction","target":["https:\/\/www.manorga.com\/de\/unsere-csr-broschuere\/csr-nachhaltige-mobilitaet"]}]},{"@type":"BreadcrumbList","@id":"https:\/\/www.manorga.com\/de\/unsere-csr-broschuere\/csr-nachhaltige-mobilitaet#breadcrumb","itemListElement":[{"@type":"ListItem","position":1,"name":"Accueil","item":"https:\/\/www.manorga.com\/de"},{"@type":"ListItem","position":2,"name":"Unsere CSR-Brosch\u00fcre","item":"https:\/\/www.manorga.com\/de\/unsere-csr-broschuere"},{"@type":"ListItem","position":3,"name":"CSR Nachhaltige Mobilit\u00e4t"}]},{"@type":"WebSite","@id":"https:\/\/www.manorga.com\/de#website","url":"https:\/\/www.manorga.com\/de","name":"Manorga","description":"","publisher":{"@id":"https:\/\/www.manorga.com\/de#organization"},"alternateName":"MO","potentialAction":[{"@type":"SearchAction","target":{"@type":"EntryPoint","urlTemplate":"https:\/\/www.manorga.com\/de?s={search_term_string}"},"query-input":{"@type":"PropertyValueSpecification","valueRequired":true,"valueName":"search_term_string"}}],"inLanguage":"de"},{"@type":"Organization","@id":"https:\/\/www.manorga.com\/de#organization","name":"ManOrga","alternateName":"MO","url":"https:\/\/www.manorga.com\/de","logo":{"@type":"ImageObject","inLanguage":"de","@id":"https:\/\/www.manorga.com\/de#\/schema\/logo\/image\/","url":"https:\/\/www.manorga.com\/wp-content\/uploads\/2023\/06\/manorga-696x696-1.jpg","contentUrl":"https:\/\/www.manorga.com\/wp-content\/uploads\/2023\/06\/manorga-696x696-1.jpg","width":696,"height":696,"caption":"ManOrga"},"image":{"@id":"https:\/\/www.manorga.com\/de#\/schema\/logo\/image\/"},"sameAs":["https:\/\/www.facebook.com\/ManorgaFrance\/"]}]}},"_links":{"self":[{"href":"https:\/\/www.manorga.com\/de\/wp-json\/wp\/v2\/pages\/8547","targetHints":{"allow":["GET"]}}],"collection":[{"href":"https:\/\/www.manorga.com\/de\/wp-json\/wp\/v2\/pages"}],"about":[{"href":"https:\/\/www.manorga.com\/de\/wp-json\/wp\/v2\/types\/page"}],"author":[{"embeddable":true,"href":"https:\/\/www.manorga.com\/de\/wp-json\/wp\/v2\/users\/13"}],"replies":[{"embeddable":true,"href":"https:\/\/www.manorga.com\/de\/wp-json\/wp\/v2\/comments?post=8547"}],"version-history":[{"count":7,"href":"https:\/\/www.manorga.com\/de\/wp-json\/wp\/v2\/pages\/8547\/revisions"}],"predecessor-version":[{"id":9243,"href":"https:\/\/www.manorga.com\/de\/wp-json\/wp\/v2\/pages\/8547\/revisions\/9243"}],"up":[{"embeddable":true,"href":"https:\/\/www.manorga.com\/de\/wp-json\/wp\/v2\/pages\/8675"}],"wp:attachment":[{"href":"https:\/\/www.manorga.com\/de\/wp-json\/wp\/v2\/media?parent=8547"}],"curies":[{"name":"wp","href":"https:\/\/api.w.org\/{rel}","templated":true}]}}