{"id":8675,"date":"2025-01-28T10:55:19","date_gmt":"2025-01-28T09:55:19","guid":{"rendered":"https:\/\/www.manorga.com\/notre-plaquette-use"},"modified":"2026-03-05T16:31:59","modified_gmt":"2026-03-05T15:31:59","slug":"unsere-csr-broschuere","status":"publish","type":"page","link":"https:\/\/www.manorga.com\/de\/unsere-csr-broschuere","title":{"rendered":"Unsere CSR-Brosch\u00fcre"},"content":{"rendered":"\n<p><\/p>\n\n\n\n<div class=\"wp-block-group\"><div class=\"wp-block-group__inner-container is-layout-constrained wp-block-group-is-layout-constrained\">\n<div class=\"wp-block-group\"><div class=\"wp-block-group__inner-container is-layout-constrained wp-block-group-is-layout-constrained\">\n<div class=\"wp-block-group\"><div class=\"wp-block-group__inner-container is-layout-constrained wp-block-group-is-layout-constrained\"><div  class=\"keblk keblk-v-align-top keblock-section-lame-top type-full_less\"   style=\"height: calc(100vh - 1920px)\"  >\r\n\t            <div class=\"vid_bg\">\r\n            <video class=\"video-top\" controlsList=\"nodownload\" muted playsinline disableRemotePlayback id=\"video-top\" autoplay loop><source src=\"https:\/\/www.manorga.com\/wp-content\/uploads\/2026\/03\/Video_USEECOVadis_Aout_2025-2.mp4\" type=\"video\/mp4\" \/><\/video>\r\n        <\/div>\r\n    \t<div class=\"block-content\">\t\r\n\t\n\n<div class=\"wp-block-columns wrap-resp is-layout-flex wp-container-core-columns-is-layout-9d6595d7 wp-block-columns-is-layout-flex\">\n<div class=\"wp-block-column is-vertically-aligned-center is-layout-flow wp-block-column-is-layout-flow\"><div  class=\"keblk keblk-v-align-top keblock-text\" >\r\n\t\r\n\t\t\r\n\t<div class=\"block-content\">\t\r\n        \t\t  <div class=\"elt-deco\"><\/div>\r\n        \t\n\n<h2 class=\"wp-block-heading\">Mehr als<br>blo\u00dfe Worte :<br>Tatsachen<\/h2>\n\n\n<div  class=\"keblk keblk-v-align-top keblock-bouton plein\" >\r\n\t\r\n\t\t\r\n\t<div class=\"block-content\">\t\r\n\t\t<a href=\"#Actions-environnement\" target=\"\" class=\"uibt plein yellow\">\r\n\t\t<span class=\"bt-content\">Erfahren Sie mehr \u00fcber unser Engagement<\/span>\r\n\t\t<span class=\"bt-picto\"><\/span>\r\n\t<\/a>\r\n\t\t<\/div>\r\n<\/div>\r\n    \n\n<div  class=\"keblk keblk-v-align-top keblock-bouton plein\" >\r\n\t\r\n\t\t\r\n\t<div class=\"block-content\">\t\r\n\t\t<a href=\"https:\/\/www.manorga.com\/de\/unsere-csr-broschuere\/csr-und-morgen\" target=\"\" class=\"uibt plein yellow\">\r\n\t\t<span class=\"bt-content\">Und morgen ?<\/span>\r\n\t\t<span class=\"bt-picto\"><\/span>\r\n\t<\/a>\r\n\t\t<\/div>\r\n<\/div>\r\n    \n\r\n\t<\/div>\r\n<\/div>\r\n    <\/div>\n<\/div>\n\n\t\r\n\t<\/div>\r\n<\/div>\r\n    <\/div><\/div>\n<\/div><\/div>\n<\/div><\/div>\n\n\n\n<div style=\"height:40px\" aria-hidden=\"true\" class=\"wp-block-spacer\"><\/div>\n\n\n<div  class=\"keblk keblk-v-align-top keblock-section-lame responsive is-padded  bg-none\"   style=\"\"  id=\"\">\r\n\t\r\n\t\t<div class=\"block-content\">\r\n                    \n\n<div class=\"wp-block-columns is-layout-flex wp-container-core-columns-is-layout-9d6595d7 wp-block-columns-is-layout-flex\">\n<div class=\"wp-block-column is-layout-flow wp-block-column-is-layout-flow\"><\/div>\n\n\n\n<div class=\"wp-block-column is-layout-flow wp-block-column-is-layout-flow\"><\/div>\n<\/div>\n\n\n\n<div class=\"wp-block-columns is-layout-flex wp-container-core-columns-is-layout-9d6595d7 wp-block-columns-is-layout-flex\">\n<div class=\"wp-block-column is-layout-flow wp-block-column-is-layout-flow\" style=\"flex-basis:33.33%\">\n<div class=\"wp-block-group\"><div class=\"wp-block-group__inner-container is-layout-constrained wp-block-group-is-layout-constrained\"><div  class=\"keblk keblk-v-align-top keblock-multimedia type-img\" >\r\n\t\r\n\t\t<div class=\"block-content\"  style=\"aspect-ratio:9\/16\" >\t\r\n        <div class=\"visu-bg\" style=\"background-image:url('https:\/\/www.manorga.com\/wp-content\/uploads\/2025\/11\/DSC1762-Edit-1.jpg');\"><\/div>\r\n\t\t<!-- CONTENT -->\r\n\t\t            \t\t\t\t\r\n\t\t\r\n\t<\/div>\r\n<\/div>\r\n    <\/div><\/div>\n<\/div>\n\n\n\n<div class=\"wp-block-column is-layout-flow wp-block-column-is-layout-flow\" style=\"flex-basis:66.66%\">\n<div class=\"wp-block-group\"><div class=\"wp-block-group__inner-container is-layout-constrained wp-block-group-is-layout-constrained\"><div  class=\"keblk keblk-v-align-top keblock-text\" >\r\n\t\r\n\t\t\r\n\t<div class=\"block-content\">\t\r\n        \t\t  <div class=\"elt-deco\"><\/div>\r\n        \t\n\n<h2 class=\"wp-block-heading\">Eine Geschichte, die es zu schreiben gilt<\/h2>\n\n\n\n<p class=\"has-text-align-left has-medium-font-size\"><em>\u201eBei ManOrga haben wir nicht auf CSR-Richtlinien gewartet, um uns Gedanken \u00fcber das Wohlergehen unserer Besch\u00e4ftigten und unsere Auswirkungen auf die Umwelt zu machen. Seit \u00fcber 50 Jahren stellen wir mit konkreten und sinnvollen Aktionen den Menschen und den Planeten in den Mittelpunkt unseres Projekts.<br>Aber eine Geschichte, die nicht geschrieben wird, ist zum Verschwinden verurteilt.<br><br>Deshalb haben wir vor einem Jahr beschlossen, die Auswirkungen dieser Aktionen zu beziffern und zu messen. F\u00fcr uns beginnt ein neues Kapitel, das die sozialen und \u00f6kologischen Herausforderungen voll in unsere Unternehmensf\u00fchrung integriert.<br><br>Unser Ansatz ist noch jung, aber bereits ehrgeizig. Wir wollen f\u00fcr die Zukunft eine starke und nachhaltige Industrie, die auf ihre \u00d6kobilanz achtet und Akteurin des gesellschaftlichen Nutzens ist.<br><br>Setzen wir uns gemeinsam daf\u00fcr ein, die negativen Auswirkungen zu verringern und einen positiven Fu\u00dfabdruck zu hinterlassen. Dazu m\u00fcssen wir bereit sein, unsere Modelle, unsere Designs und unsere Produktions- und Konsumweisen zu \u00fcberdenken.<br><br>Uns ist bewusst, dass die Welt sich ver\u00e4ndert, und wir wollen unseren Teil beitragen.<br>Gehen wir es gemeinsam an, diese Geschichte zu schreiben.\u201c<\/em><\/p>\n\n\n\n<p class=\"has-text-align-right has-medium-font-size\"><strong>Philippe Sadowski, Gesch\u00e4ftsf\u00fchrer bei ManOrga<\/strong><\/p>\n\n\r\n\t<\/div>\r\n<\/div>\r\n    <\/div><\/div>\n<\/div>\n<\/div>\n\n        \t<\/div>\r\n<\/div>\r\n    \n\n<div  class=\"keblk keblk-v-align-bottom title-contact keblock-section-lame responsive   bg-none\"   style=\"\"  id=\"\">\r\n\t\r\n\t\t<div class=\"block-content\">\r\n                    \n\n<div style=\"height:48px\" aria-hidden=\"true\" id=\"Actions-environnement\" class=\"wp-block-spacer\"><\/div>\n\n\n<div  class=\"keblk keblk-v-align-top keblock-text\" >\r\n\t\r\n\t\t\r\n\t<div class=\"block-content\">\t\r\n        \t\n\n<h2 class=\"wp-block-heading\">Erfahren Sie mehr \u00fcber unsere Aktionen f\u00fcr die Umwelt<\/h2>\n\n\n\n<p class=\"has-medium-font-size\">Als metallverarbeitendes Gewerbe sind wir uns der Bedeutung unseres \u00f6kologischen Fu\u00dfabdrucks bewusst. Wir sehen unsere CO<sub>2<\/sub>-Bilanz als einen wichtigen Indikator, wissen aber, dass er nicht der einzig relevante ist. Unser Ziel ist die Senkung unserer Treibhausgasemissionen um :<\/p>\n\n\n\n<ul class=\"wp-block-list\">\n<li class=\"has-medium-font-size\"><strong><strong>15&nbsp;% bis 2028 f\u00fcr unsere gesamte Gesch\u00e4ftst\u00e4tigkeit (Scopes 1, 2, 3*)<\/strong><\/strong><\/li>\n\n\n\n<li class=\"has-medium-font-size\"><strong><strong>40&nbsp;% bis 2030 f\u00fcr unsere betriebsbedingten Emissionen (Scopes 1 und 2)<\/strong><\/strong><\/li>\n<\/ul>\n\n\r\n\t<\/div>\r\n<\/div>\r\n    \n\n\n<div style=\"height:29px\" aria-hidden=\"true\" class=\"wp-block-spacer\"><\/div>\n\n\n<div  class=\"keblk keblk-h-align-center keblk-v-align-top keblock-section-lame-grille bg-color bg-color-grey\"   style=\"\"  >\r\n\t\t<div class=\"block-content\">\r\n\t\n<div  class=\"keblk keblk-v-align-top keblock-multimedia type-post with_link\" >\r\n\t\r\n\t\t<div class=\"block-content\"  style=\"aspect-ratio:16\/9\" >\t\r\n        <div class=\"visu-bg\" style=\"background-image:url('https:\/\/www.manorga.com\/wp-content\/uploads\/2023\/11\/BND-PG-solaires-1.jpg');\"><\/div>\r\n\t\t<!-- CONTENT -->\r\n\t\t                            <a class=\"content-texte\" href=\"https:\/\/www.manorga.com\/de\/unsere-csr-broschuere\/csr-energie\" target=\"_self\">\r\n\t\t\t\t\t\t\t\t\t\t<div class=\"titre\"><p class=\"style-3\">ENERGIE<\/p><\/div>\r\n                    <div class=\"desc\"><p> <\/p><\/div>\r\n                <\/a>\r\n            \t\t\t\t\r\n\t\t\r\n\t<\/div>\r\n<\/div>\r\n    \n\n<div  class=\"keblk keblk-v-align-top keblock-multimedia type-post with_link\" >\r\n\t\r\n\t\t<div class=\"block-content\"  style=\"aspect-ratio:16\/9\" >\t\r\n        <div class=\"visu-bg\" style=\"background-image:url('https:\/\/www.manorga.com\/wp-content\/uploads\/2024\/10\/P1060780.jpg');\"><\/div>\r\n\t\t<!-- CONTENT -->\r\n\t\t                            <a class=\"content-texte\" href=\"https:\/\/www.manorga.com\/de\/unsere-csr-broschuere\/csr-rohstoffe\" target=\"_self\">\r\n\t\t\t\t\t\t\t\t\t\t<div class=\"titre\"><p class=\"style-3\">ROHSTOFFE<\/p><\/div>\r\n                    <div class=\"desc\"><p> <\/p><\/div>\r\n                <\/a>\r\n            \t\t\t\t\r\n\t\t\r\n\t<\/div>\r\n<\/div>\r\n    \n\n<div  class=\"keblk keblk-v-align-top keblock-multimedia type-post with_link\" >\r\n\t\r\n\t\t<div class=\"block-content\"  style=\"aspect-ratio:16\/9\" >\t\r\n        <div class=\"visu-bg\" style=\"background-image:url('https:\/\/www.manorga.com\/wp-content\/uploads\/2024\/10\/08-10-76.jpg');\"><\/div>\r\n\t\t<!-- CONTENT -->\r\n\t\t                            <a class=\"content-texte\" href=\"https:\/\/www.manorga.com\/de\/unsere-csr-broschuere\/csr-abfaelle\" target=\"_self\">\r\n\t\t\t\t\t\t\t\t\t\t<div class=\"titre\"><p class=\"style-3\">ABF\u00c4LLE<\/p><\/div>\r\n                    <div class=\"desc\"><p> <\/p><\/div>\r\n                <\/a>\r\n            \t\t\t\t\r\n\t\t\r\n\t<\/div>\r\n<\/div>\r\n    \n\n<div  class=\"keblk keblk-v-align-top keblock-multimedia type-post with_link\" >\r\n\t\r\n\t\t<div class=\"block-content\"  style=\"aspect-ratio:16\/9\" >\t\r\n        <div class=\"visu-bg\" style=\"background-image:url('https:\/\/www.manorga.com\/wp-content\/uploads\/2024\/10\/DJI_20240613094640_0032_D.jpg');\"><\/div>\r\n\t\t<!-- CONTENT -->\r\n\t\t                            <a class=\"content-texte\" href=\"https:\/\/www.manorga.com\/de\/unsere-csr-broschuere\/csr-wasser\" target=\"_self\">\r\n\t\t\t\t\t\t\t\t\t\t<div class=\"titre\"><p class=\"style-3\">WASSER<\/p><\/div>\r\n                    <div class=\"desc\"><p> <\/p><\/div>\r\n                <\/a>\r\n            \t\t\t\t\r\n\t\t\r\n\t<\/div>\r\n<\/div>\r\n    \n\n<div  class=\"keblk keblk-v-align-top keblock-multimedia type-post with_link\" >\r\n\t\r\n\t\t<div class=\"block-content\"  style=\"aspect-ratio:16\/9\" >\t\r\n        <div class=\"visu-bg\" style=\"background-image:url('https:\/\/www.manorga.com\/wp-content\/uploads\/2024\/10\/P1030580.jpg');\"><\/div>\r\n\t\t<!-- CONTENT -->\r\n\t\t                            <a class=\"content-texte\" href=\"https:\/\/www.manorga.com\/de\/unsere-csr-broschuere\/csr-biologische-vielfalt\" target=\"_self\">\r\n\t\t\t\t\t\t\t\t\t\t<div class=\"titre\"><p class=\"style-3\">BIOLOGISCHE VIELFALT<\/p><\/div>\r\n                    <div class=\"desc\"><p> <\/p><\/div>\r\n                <\/a>\r\n            \t\t\t\t\r\n\t\t\r\n\t<\/div>\r\n<\/div>\r\n    \n\n<div  class=\"keblk keblk-v-align-top keblock-multimedia type-post with_link\" >\r\n\t\r\n\t\t<div class=\"block-content\"  style=\"aspect-ratio:16\/9\" >\t\r\n        <div class=\"visu-bg\" style=\"background-image:url('https:\/\/www.manorga.com\/wp-content\/uploads\/2024\/10\/P1030793-e1731058172639.jpg');\"><\/div>\r\n\t\t<!-- CONTENT -->\r\n\t\t                            <a class=\"content-texte\" href=\"https:\/\/www.manorga.com\/de\/unsere-csr-broschuere\/csr-nachhaltige-mobilitaet\" target=\"_self\">\r\n\t\t\t\t\t\t\t\t\t\t<div class=\"titre\"><p class=\"style-3\">NACHHALTIGE MOBILIT\u00c4T<\/p><\/div>\r\n                    <div class=\"desc\"><p> <\/p><\/div>\r\n                <\/a>\r\n            \t\t\t\t\r\n\t\t\r\n\t<\/div>\r\n<\/div>\r\n    \n\r\n\t<\/div>\r\n<\/div>\r\n\r\n    \n\n\n<div style=\"height:20px\" aria-hidden=\"true\" class=\"wp-block-spacer\"><\/div>\n\n\n<div  class=\"keblk keblk-v-align-top keblock-text\" >\r\n\t\r\n\t\t\r\n\t<div class=\"block-content\">\t\r\n        \t\n\n<p class=\"has-small-font-size\"><em>*Die \u201e<strong>Scopes<\/strong>\u201c (\u201eGeltungsbereiche\u201c) definieren die Treibhausgasemissionen einer Organisation, je nachdem, ob es sich um direkte oder indirekte Emissionen handelt.<\/em><br><em>Die verschiedenen Standards (Bilan Carbone\u2122, GHG Protocol, ISO&nbsp;&#8230;) unterscheiden traditionell 3 Scopes :<\/em><br>\u2022 <em><strong>Scope 1<\/strong> : direkte Emissionen aus der Verbrennung fossiler Energien (Erd\u00f6l, Gas, Kohle&nbsp;\u2026).<\/em><br>\u2022 <em><strong>Scope 2<\/strong> : indirekte Emissionen aus Stromverbrauch und aus W\u00e4rme- und K\u00e4ltenetzen.<\/em><br>\u2022 <em><strong>Scope 3<\/strong> : indirekte Emissionen (au\u00dfer Scope 2) aus eingekauften Produkten und Dienstleistungen, Transport und Logistik, Abf\u00e4llen usw.<\/em><\/p>\n\n\r\n\t<\/div>\r\n<\/div>\r\n    \n        \t<\/div>\r\n<\/div>\r\n    \n\n<div  class=\"keblk keblk-v-align-bottom title-contact keblock-section-lame responsive   bg-none\"   style=\"\"  id=\"\">\r\n\t\r\n\t\t<div class=\"block-content\">\r\n                    \n\n<div style=\"height:40px\" aria-hidden=\"true\" class=\"wp-block-spacer\"><\/div>\n\n\n<div  class=\"keblk keblk-h-align-center keblk-v-align-top keblock-text\" >\r\n\t\r\n\t\t\r\n\t<div class=\"block-content\">\t\r\n        \t\n\n<h2 class=\"wp-block-heading\">Erfahren Sie mehr \u00fcber unsere Aktionen f\u00fcr die Gesellschaft<\/h2>\n\n\n\n<p class=\"has-medium-font-size\">Der Mensch steht im Mittelpunkt unseres Unternehmensprojekts. Wir arbeiten als Team und m\u00f6chten Werte wie Vertrauen und Respekt t\u00e4glich f\u00f6rdern. Wir sind stolz darauf, ein Unternehmen in der Region Hauts-de-France zu sein : Wir m\u00f6chten einen positiven Einfluss auf unser nahes \u00d6kosystem haben und zur Dynamik unserer Region beitragen.<\/p>\n\n\r\n\t<\/div>\r\n<\/div>\r\n    \n\n\n<div style=\"height:30px\" aria-hidden=\"true\" class=\"wp-block-spacer\"><\/div>\n\n\n<div  class=\"keblk keblk-h-align-center keblk-v-align-top keblock-section-lame-grille bg-color bg-color-none\"   style=\"\"  >\r\n\t\t<div class=\"block-content\">\r\n\t\n<div  class=\"keblk keblk-v-align-top keblock-multimedia type-post with_link\" >\r\n\t\r\n\t\t<div class=\"block-content\"  style=\"aspect-ratio:16\/9\" >\t\r\n        <div class=\"visu-bg\" style=\"background-image:url('https:\/\/www.manorga.com\/wp-content\/uploads\/2025\/01\/08-10-556.jpg');\"><\/div>\r\n\t\t<!-- CONTENT -->\r\n\t\t                            <a class=\"content-texte\" href=\"https:\/\/www.manorga.com\/de\/unsere-csr-broschuere\/csr-wohlbefinden-am-arbeitsplatz\" target=\"_self\">\r\n\t\t\t\t\t\t\t\t\t\t<div class=\"titre\"><p class=\"style-3\">WOHLBEFINDEN AM ARBEITSPLATZ<\/p><\/div>\r\n                    <div class=\"desc\"><p> <\/p><\/div>\r\n                <\/a>\r\n            \t\t\t\t\r\n\t\t\r\n\t<\/div>\r\n<\/div>\r\n    \n\n<div  class=\"keblk keblk-v-align-top keblock-multimedia type-post with_link\" >\r\n\t\r\n\t\t<div class=\"block-content\"  style=\"aspect-ratio:16\/9\" >\t\r\n        <div class=\"visu-bg\" style=\"background-image:url('https:\/\/www.manorga.com\/wp-content\/uploads\/2025\/01\/IMG_3026.jpg');\"><\/div>\r\n\t\t<!-- CONTENT -->\r\n\t\t                            <a class=\"content-texte\" href=\"https:\/\/www.manorga.com\/de\/unsere-csr-broschuere\/csr-sicherheit-gesundheit\" target=\"_self\">\r\n\t\t\t\t\t\t\t\t\t\t<div class=\"titre\"><p class=\"style-3\">SICHERHEIT &#038; GESUNDHEIT<\/p><\/div>\r\n                    <div class=\"desc\"><p> <\/p><\/div>\r\n                <\/a>\r\n            \t\t\t\t\r\n\t\t\r\n\t<\/div>\r\n<\/div>\r\n    \n\n<div  class=\"keblk keblk-v-align-top keblock-multimedia type-post with_link\" >\r\n\t\r\n\t\t<div class=\"block-content\"  style=\"aspect-ratio:16\/9\" >\t\r\n        <div class=\"visu-bg\" style=\"background-image:url('https:\/\/www.manorga.com\/wp-content\/uploads\/2025\/01\/P1070638.jpg');\"><\/div>\r\n\t\t<!-- CONTENT -->\r\n\t\t                            <a class=\"content-texte\" href=\"https:\/\/www.manorga.com\/de\/unsere-csr-broschuere\/use-inclusion\" target=\"_self\">\r\n\t\t\t\t\t\t\t\t\t\t<div class=\"titre\"><p class=\"style-3\">INKLUSION<\/p><\/div>\r\n                    <div class=\"desc\"><p> <\/p><\/div>\r\n                <\/a>\r\n            \t\t\t\t\r\n\t\t\r\n\t<\/div>\r\n<\/div>\r\n    \n\r\n\t<\/div>\r\n<\/div>\r\n\r\n    \n        \t<\/div>\r\n<\/div>\r\n    \n\n\n<div style=\"height:31px\" aria-hidden=\"true\" class=\"wp-block-spacer\"><\/div>\n\n\n<div  class=\"keblk keblk-v-align-bottom title-contact keblock-section-lame responsive   bg-color bg-color-yellow\"   style=\"\"  id=\"\">\r\n\t\r\n\t\t<div class=\"block-content\">\r\n                    \n\n<div class=\"wp-block-columns is-layout-flex wp-container-core-columns-is-layout-9d6595d7 wp-block-columns-is-layout-flex\">\n<div class=\"wp-block-column is-layout-flow wp-block-column-is-layout-flow\"><div  class=\"keblk keblk-h-align-center keblk-v-align-center keblock-multimedia type-img\" >\r\n\t\r\n\t\t<div class=\"block-content\"  style=\"aspect-ratio:1\/1\" >\t\r\n        <div class=\"visu-bg\" style=\"background-image:url('https:\/\/www.manorga.com\/wp-content\/uploads\/2023\/03\/Picto-Planete.svg');\"><\/div>\r\n\t\t<!-- CONTENT -->\r\n\t\t            \t\t\t\t\r\n\t\t\r\n\t<\/div>\r\n<\/div>\r\n    <\/div>\n\n\n\n<div class=\"wp-block-column is-layout-flow wp-block-column-is-layout-flow\"><div  class=\"keblk keblk-v-align-top keblock-text padded bg-color bg-color-\" >\r\n\t\r\n\t\t\r\n\t<div class=\"block-content\">\t\r\n        \t\n\n<h2 class=\"wp-block-heading\">UND MORGEN ?<\/h2>\n\n\n\n<p class=\"has-medium-font-size\">Wir haben eben erst mit dem Schreiben dieser Geschichte begonnen. Viele Kapitel wollen noch erdacht werden.<\/p>\n\n\n<div  class=\"keblk keblk-h-align-center keblk-v-align-top keblock-bouton plein\" >\r\n\t\r\n\t\t\r\n\t<div class=\"block-content\">\t\r\n\t\t<a href=\"https:\/\/www.manorga.com\/de\/unsere-csr-broschuere\/csr-und-morgen\" target=\"\" class=\"uibt plein black\">\r\n\t\t<span class=\"bt-content\">Erfahren Sie mehr \u00fcber unser Engagement f\u00fcr die Zukunft<\/span>\r\n\t\t<span class=\"bt-picto\"><\/span>\r\n\t<\/a>\r\n\t\t<\/div>\r\n<\/div>\r\n    \n\r\n\t<\/div>\r\n<\/div>\r\n    <\/div>\n<\/div>\n\n        \t<\/div>\r\n<\/div>\r\n    \n\n\n<p><\/p>\n","protected":false},"excerpt":{"rendered":"","protected":false},"author":13,"featured_media":0,"parent":0,"menu_order":0,"comment_status":"closed","ping_status":"closed","template":"","meta":{"_acf_changed":false,"inline_featured_image":false,"footnotes":""},"class_list":["post-8675","page","type-page","status-publish","hentry"],"acf":[],"yoast_head":"<!-- This site is optimized with the Yoast SEO plugin v27.4 - https:\/\/yoast.com\/product\/yoast-seo-wordpress\/ -->\n<title>Unsere CSR-Brosch\u00fcre - Manorga<\/title>\n<meta name=\"robots\" content=\"noindex, nofollow\" \/>\n<meta property=\"og:locale\" content=\"de_DE\" \/>\n<meta property=\"og:type\" content=\"article\" \/>\n<meta property=\"og:title\" content=\"Unsere CSR-Brosch\u00fcre - Manorga\" \/>\n<meta property=\"og:url\" content=\"https:\/\/www.manorga.com\/de\/unsere-csr-broschuere\" \/>\n<meta property=\"og:site_name\" content=\"Manorga\" \/>\n<meta property=\"article:publisher\" content=\"https:\/\/www.facebook.com\/ManorgaFrance\/\" \/>\n<meta property=\"article:modified_time\" content=\"2026-03-05T15:31:59+00:00\" \/>\n<meta property=\"og:image\" content=\"https:\/\/www.manorga.com\/wp-content\/uploads\/2023\/06\/IMG-Manorga-RS-2.jpg\" \/>\n\t<meta property=\"og:image:width\" content=\"1200\" \/>\n\t<meta property=\"og:image:height\" content=\"675\" \/>\n\t<meta property=\"og:image:type\" content=\"image\/jpeg\" \/>\n<meta name=\"twitter:card\" content=\"summary_large_image\" \/>\n<meta name=\"twitter:label1\" content=\"Gesch\u00e4tzte Lesezeit\" \/>\n\t<meta name=\"twitter:data1\" content=\"3\u00a0Minuten\" \/>\n<script type=\"application\/ld+json\" class=\"yoast-schema-graph\">{\"@context\":\"https:\\\/\\\/schema.org\",\"@graph\":[{\"@type\":\"WebPage\",\"@id\":\"https:\\\/\\\/www.manorga.com\\\/de\\\/unsere-csr-broschuere\",\"url\":\"https:\\\/\\\/www.manorga.com\\\/de\\\/unsere-csr-broschuere\",\"name\":\"Unsere CSR-Brosch\u00fcre - Manorga\",\"isPartOf\":{\"@id\":\"https:\\\/\\\/www.manorga.com\\\/de#website\"},\"datePublished\":\"2025-01-28T09:55:19+00:00\",\"dateModified\":\"2026-03-05T15:31:59+00:00\",\"breadcrumb\":{\"@id\":\"https:\\\/\\\/www.manorga.com\\\/de\\\/unsere-csr-broschuere#breadcrumb\"},\"inLanguage\":\"de\",\"potentialAction\":[{\"@type\":\"ReadAction\",\"target\":[\"https:\\\/\\\/www.manorga.com\\\/de\\\/unsere-csr-broschuere\"]}]},{\"@type\":\"BreadcrumbList\",\"@id\":\"https:\\\/\\\/www.manorga.com\\\/de\\\/unsere-csr-broschuere#breadcrumb\",\"itemListElement\":[{\"@type\":\"ListItem\",\"position\":1,\"name\":\"Accueil\",\"item\":\"https:\\\/\\\/www.manorga.com\\\/de\"},{\"@type\":\"ListItem\",\"position\":2,\"name\":\"Unsere CSR-Brosch\u00fcre\"}]},{\"@type\":\"WebSite\",\"@id\":\"https:\\\/\\\/www.manorga.com\\\/de#website\",\"url\":\"https:\\\/\\\/www.manorga.com\\\/de\",\"name\":\"Manorga\",\"description\":\"\",\"publisher\":{\"@id\":\"https:\\\/\\\/www.manorga.com\\\/de#organization\"},\"alternateName\":\"MO\",\"potentialAction\":[{\"@type\":\"SearchAction\",\"target\":{\"@type\":\"EntryPoint\",\"urlTemplate\":\"https:\\\/\\\/www.manorga.com\\\/de?s={search_term_string}\"},\"query-input\":{\"@type\":\"PropertyValueSpecification\",\"valueRequired\":true,\"valueName\":\"search_term_string\"}}],\"inLanguage\":\"de\"},{\"@type\":\"Organization\",\"@id\":\"https:\\\/\\\/www.manorga.com\\\/de#organization\",\"name\":\"ManOrga\",\"alternateName\":\"MO\",\"url\":\"https:\\\/\\\/www.manorga.com\\\/de\",\"logo\":{\"@type\":\"ImageObject\",\"inLanguage\":\"de\",\"@id\":\"https:\\\/\\\/www.manorga.com\\\/de#\\\/schema\\\/logo\\\/image\\\/\",\"url\":\"https:\\\/\\\/www.manorga.com\\\/wp-content\\\/uploads\\\/2023\\\/06\\\/manorga-696x696-1.jpg\",\"contentUrl\":\"https:\\\/\\\/www.manorga.com\\\/wp-content\\\/uploads\\\/2023\\\/06\\\/manorga-696x696-1.jpg\",\"width\":696,\"height\":696,\"caption\":\"ManOrga\"},\"image\":{\"@id\":\"https:\\\/\\\/www.manorga.com\\\/de#\\\/schema\\\/logo\\\/image\\\/\"},\"sameAs\":[\"https:\\\/\\\/www.facebook.com\\\/ManorgaFrance\\\/\"]}]}<\/script>\n<!-- \/ Yoast SEO plugin. -->","yoast_head_json":{"title":"Unsere CSR-Brosch\u00fcre - Manorga","robots":{"index":"noindex","follow":"nofollow"},"og_locale":"de_DE","og_type":"article","og_title":"Unsere CSR-Brosch\u00fcre - Manorga","og_url":"https:\/\/www.manorga.com\/de\/unsere-csr-broschuere","og_site_name":"Manorga","article_publisher":"https:\/\/www.facebook.com\/ManorgaFrance\/","article_modified_time":"2026-03-05T15:31:59+00:00","og_image":[{"width":1200,"height":675,"url":"https:\/\/www.manorga.com\/wp-content\/uploads\/2023\/06\/IMG-Manorga-RS-2.jpg","type":"image\/jpeg"}],"twitter_card":"summary_large_image","twitter_misc":{"Gesch\u00e4tzte Lesezeit":"3\u00a0Minuten"},"schema":{"@context":"https:\/\/schema.org","@graph":[{"@type":"WebPage","@id":"https:\/\/www.manorga.com\/de\/unsere-csr-broschuere","url":"https:\/\/www.manorga.com\/de\/unsere-csr-broschuere","name":"Unsere CSR-Brosch\u00fcre - Manorga","isPartOf":{"@id":"https:\/\/www.manorga.com\/de#website"},"datePublished":"2025-01-28T09:55:19+00:00","dateModified":"2026-03-05T15:31:59+00:00","breadcrumb":{"@id":"https:\/\/www.manorga.com\/de\/unsere-csr-broschuere#breadcrumb"},"inLanguage":"de","potentialAction":[{"@type":"ReadAction","target":["https:\/\/www.manorga.com\/de\/unsere-csr-broschuere"]}]},{"@type":"BreadcrumbList","@id":"https:\/\/www.manorga.com\/de\/unsere-csr-broschuere#breadcrumb","itemListElement":[{"@type":"ListItem","position":1,"name":"Accueil","item":"https:\/\/www.manorga.com\/de"},{"@type":"ListItem","position":2,"name":"Unsere CSR-Brosch\u00fcre"}]},{"@type":"WebSite","@id":"https:\/\/www.manorga.com\/de#website","url":"https:\/\/www.manorga.com\/de","name":"Manorga","description":"","publisher":{"@id":"https:\/\/www.manorga.com\/de#organization"},"alternateName":"MO","potentialAction":[{"@type":"SearchAction","target":{"@type":"EntryPoint","urlTemplate":"https:\/\/www.manorga.com\/de?s={search_term_string}"},"query-input":{"@type":"PropertyValueSpecification","valueRequired":true,"valueName":"search_term_string"}}],"inLanguage":"de"},{"@type":"Organization","@id":"https:\/\/www.manorga.com\/de#organization","name":"ManOrga","alternateName":"MO","url":"https:\/\/www.manorga.com\/de","logo":{"@type":"ImageObject","inLanguage":"de","@id":"https:\/\/www.manorga.com\/de#\/schema\/logo\/image\/","url":"https:\/\/www.manorga.com\/wp-content\/uploads\/2023\/06\/manorga-696x696-1.jpg","contentUrl":"https:\/\/www.manorga.com\/wp-content\/uploads\/2023\/06\/manorga-696x696-1.jpg","width":696,"height":696,"caption":"ManOrga"},"image":{"@id":"https:\/\/www.manorga.com\/de#\/schema\/logo\/image\/"},"sameAs":["https:\/\/www.facebook.com\/ManorgaFrance\/"]}]}},"_links":{"self":[{"href":"https:\/\/www.manorga.com\/de\/wp-json\/wp\/v2\/pages\/8675","targetHints":{"allow":["GET"]}}],"collection":[{"href":"https:\/\/www.manorga.com\/de\/wp-json\/wp\/v2\/pages"}],"about":[{"href":"https:\/\/www.manorga.com\/de\/wp-json\/wp\/v2\/types\/page"}],"author":[{"embeddable":true,"href":"https:\/\/www.manorga.com\/de\/wp-json\/wp\/v2\/users\/13"}],"replies":[{"embeddable":true,"href":"https:\/\/www.manorga.com\/de\/wp-json\/wp\/v2\/comments?post=8675"}],"version-history":[{"count":9,"href":"https:\/\/www.manorga.com\/de\/wp-json\/wp\/v2\/pages\/8675\/revisions"}],"predecessor-version":[{"id":9386,"href":"https:\/\/www.manorga.com\/de\/wp-json\/wp\/v2\/pages\/8675\/revisions\/9386"}],"wp:attachment":[{"href":"https:\/\/www.manorga.com\/de\/wp-json\/wp\/v2\/media?parent=8675"}],"curies":[{"name":"wp","href":"https:\/\/api.w.org\/{rel}","templated":true}]}}